{"id":52551,"date":"2024-06-13T13:55:23","date_gmt":"2024-06-13T13:55:23","guid":{"rendered":"https:\/\/brandss.com.py\/index\/?post_type=product&#038;p=52551"},"modified":"2026-04-22T14:29:50","modified_gmt":"2026-04-22T14:29:50","slug":"perfume-christian-dior-sauvage-edt-100-ml","status":"publish","type":"product","link":"https:\/\/brandss.com.py\/index\/producto\/perfume-christian-dior-sauvage-edt-100-ml\/","title":{"rendered":"PERFUME CHRISTIAN DIOR SAUVAGE EDT 100 ML"},"content":{"rendered":"<p><img loading=\"lazy\" decoding=\"async\" class=\"\" src=\"https:\/\/1000logos.net\/wp-content\/uploads\/2020\/01\/Dior-Logo.png\" alt=\"Christian Dior Logo and symbol, meaning, history, PNG, brand\" width=\"128\" height=\"72\" \/><\/p>\n<h1 class=\"hidden-xs\">SAUVAGE EDT<\/h1>\n<p>Sauvage es un acto de creaci\u00f3n inspirado en los grandes espacios abiertos. Un cielo azul ozono que domina un desierto mineral al rojo vivo.<\/p>\n<p>La poderosa r\u00e1faga c\u00edtrica de la eau de toilette Sauvage se apoya con fuerza en la nobleza ambarina del ambrox\u00e1n, el elem\u00ed resinoso y las maderas que los unen.<img loading=\"lazy\" decoding=\"async\" class=\"alignright\" src=\"https:\/\/i.mdel.net\/i\/db\/2017\/7\/738162\/738162-800w.jpg\" width=\"282\" height=\"376\" \/><\/p>\n<p>Reconocible entre todas, esta fragancia se ha convertido en un aut\u00e9ntico aroma caracter\u00edstico, \u00fanico* en su virilidad decidida.<\/p>\n<p>Como un soplo intenso y fresco, la eau de toilette Sauvage es una composici\u00f3n potente para un hombre aut\u00e9ntico y genuino.<\/p>\n<p>Los formatos de 30 ml y 100 ml de la eau de toilette Sauvage son compatibles con la recarga Sauvage Eau de Toilette. El formato de 100 ml tambi\u00e9n es recargable gracias a la Refill Station Sauvage, disponible en puntos de venta seleccionados. Esta innovaci\u00f3n forma parte de la iniciativa de desarrollo sostenible de Dior, que pretende mejorar el impacto de la Maison sobre el clima, los recursos y los residuos.<\/p>\n<p><span data-sheets-value=\"{&quot;1&quot;:2,&quot;2&quot;:&quot;Una composici\u00f3n rotundamente fresca, dictada por un nombre que suena como un manifiesto. \\nAs\u00ed lo ide\u00f3 Fran\u00e7ois Demachy, Perfumista-Creador Dior: crudo y noble a la vez. \\n\\nSus radiantes notas de salida estallan gracias al jugoso frescor de la Bergamota del Reggio di Calabria. Su estela, poderosamente amaderada, tiene la firma del Ambroxan, procedente del preciado \u00e1mbar gris. \\n\\nSauvage es un acto de creaci\u00f3n inspirado en grandes espacios abiertos. Un cielo azul ozono que se extiende sobre el desierto rocoso bajo el sol ardiente. \u00abPara crear Sauvage, he partido del hombre. Una masculinidad verdadera e inconfundible, como la imagen de un hombre moderno y atemporal.\u00bb\\n\\nFran\u00e7ois Demachy, Perfumista-Creador Dior &quot;}\" data-sheets-userformat=\"{&quot;2&quot;:10561,&quot;3&quot;:{&quot;1&quot;:0,&quot;3&quot;:1},&quot;9&quot;:1,&quot;11&quot;:4,&quot;14&quot;:{&quot;1&quot;:3,&quot;3&quot;:1},&quot;16&quot;:11}\">Una composici\u00f3n rotundamente fresca, dictada por un nombre que suena como un manifiesto. As\u00ed lo ide\u00f3 Fran\u00e7ois Demachy, Perfumista-Creador Dior: crudo y noble a la vez.<\/span><\/p>\n<p><span data-sheets-value=\"{&quot;1&quot;:2,&quot;2&quot;:&quot;Una composici\u00f3n rotundamente fresca, dictada por un nombre que suena como un manifiesto. \\nAs\u00ed lo ide\u00f3 Fran\u00e7ois Demachy, Perfumista-Creador Dior: crudo y noble a la vez. \\n\\nSus radiantes notas de salida estallan gracias al jugoso frescor de la Bergamota del Reggio di Calabria. Su estela, poderosamente amaderada, tiene la firma del Ambroxan, procedente del preciado \u00e1mbar gris. \\n\\nSauvage es un acto de creaci\u00f3n inspirado en grandes espacios abiertos. Un cielo azul ozono que se extiende sobre el desierto rocoso bajo el sol ardiente. \u00abPara crear Sauvage, he partido del hombre. Una masculinidad verdadera e inconfundible, como la imagen de un hombre moderno y atemporal.\u00bb\\n\\nFran\u00e7ois Demachy, Perfumista-Creador Dior &quot;}\" data-sheets-userformat=\"{&quot;2&quot;:10561,&quot;3&quot;:{&quot;1&quot;:0,&quot;3&quot;:1},&quot;9&quot;:1,&quot;11&quot;:4,&quot;14&quot;:{&quot;1&quot;:3,&quot;3&quot;:1},&quot;16&quot;:11}\">Sus radiantes notas de salida estallan gracias al jugoso frescor de la Bergamota del Reggio di Calabria. Su estela, poderosamente amaderada, tiene la firma del Ambroxan, procedente del preciado \u00e1mbar gris.<\/span><\/p>\n<p><span data-sheets-value=\"{&quot;1&quot;:2,&quot;2&quot;:&quot;Una composici\u00f3n rotundamente fresca, dictada por un nombre que suena como un manifiesto. \\nAs\u00ed lo ide\u00f3 Fran\u00e7ois Demachy, Perfumista-Creador Dior: crudo y noble a la vez. \\n\\nSus radiantes notas de salida estallan gracias al jugoso frescor de la Bergamota del Reggio di Calabria. Su estela, poderosamente amaderada, tiene la firma del Ambroxan, procedente del preciado \u00e1mbar gris. \\n\\nSauvage es un acto de creaci\u00f3n inspirado en grandes espacios abiertos. Un cielo azul ozono que se extiende sobre el desierto rocoso bajo el sol ardiente. \u00abPara crear Sauvage, he partido del hombre. Una masculinidad verdadera e inconfundible, como la imagen de un hombre moderno y atemporal.\u00bb\\n\\nFran\u00e7ois Demachy, Perfumista-Creador Dior &quot;}\" data-sheets-userformat=\"{&quot;2&quot;:10561,&quot;3&quot;:{&quot;1&quot;:0,&quot;3&quot;:1},&quot;9&quot;:1,&quot;11&quot;:4,&quot;14&quot;:{&quot;1&quot;:3,&quot;3&quot;:1},&quot;16&quot;:11}\">Sauvage es un acto de creaci\u00f3n inspirado en grandes espacios abiertos. Un cielo azul ozono que se extiende sobre el desierto rocoso bajo el sol ardiente.<\/span><\/p>\n<p><span data-sheets-value=\"{&quot;1&quot;:2,&quot;2&quot;:&quot;Una composici\u00f3n rotundamente fresca, dictada por un nombre que suena como un manifiesto. \\nAs\u00ed lo ide\u00f3 Fran\u00e7ois Demachy, Perfumista-Creador Dior: crudo y noble a la vez. \\n\\nSus radiantes notas de salida estallan gracias al jugoso frescor de la Bergamota del Reggio di Calabria. Su estela, poderosamente amaderada, tiene la firma del Ambroxan, procedente del preciado \u00e1mbar gris. \\n\\nSauvage es un acto de creaci\u00f3n inspirado en grandes espacios abiertos. Un cielo azul ozono que se extiende sobre el desierto rocoso bajo el sol ardiente. \u00abPara crear Sauvage, he partido del hombre. Una masculinidad verdadera e inconfundible, como la imagen de un hombre moderno y atemporal.\u00bb\\n\\nFran\u00e7ois Demachy, Perfumista-Creador Dior &quot;}\" data-sheets-userformat=\"{&quot;2&quot;:10561,&quot;3&quot;:{&quot;1&quot;:0,&quot;3&quot;:1},&quot;9&quot;:1,&quot;11&quot;:4,&quot;14&quot;:{&quot;1&quot;:3,&quot;3&quot;:1},&quot;16&quot;:11}\">Para crear Sauvage, he partido del hombre. Una masculinidad verdadera e inconfundible, como la imagen de un hombre moderno y atemporal.<\/span><\/p>\n<p>Sauvage rinde homenaje a su fuente de inspiraci\u00f3n en una nueva pel\u00edcula que captura la belleza de los territorios ind\u00f3mitos. Im\u00e1genes excepcionales que revelan la fuerza cruda de la naturaleza adorada y que regresan a las fuentes de su nombre m\u00e1gico, Sauvage, y al hombre que lo encarna, Johnny Depp: \u00abLa naturaleza salvaje no es un lujo, es una necesidad. Es nuestro legado\u00bb.<\/p>\n<p>Una pel\u00edcula que hace eco del universo de un perfume ligado a la belleza de la naturaleza preservada.<\/p>\n<h3><\/h3>\n<h3>PIR\u00c1MIDE OLFATIVA<\/h3>\n<p>El perfume Sauvage de Christian Dior es una fragancia de la familia olfativa arom\u00e1tica foug\u00e8re para hombres.<\/p>\n<div class=\"olfactory-notes__item olfactory-notes__item-full-width\">\n<div class=\"olfactory-notes__description u-margin-bottom--m\">\n<h4 class=\"font-weight-bold u-margin-bottom--s olfactory-notes__title\">BERGAMOTA DE REGGIO DE CALABRIA<\/h4>\n<p>Para la Maison Dior, Fran\u00e7ois Demachy ha seleccionado una bergamota exclusiva que elabora con los productores locales para conseguir una firma &#8220;a medida&#8221;. Su bergamota es un torbellino refrescante arrollador. Ba\u00f1ada por el sol de Calabria, es m\u00e1s afrutada y desarrolla facetas \u00fanicas ligeramente pimentadas y \u00e1cidas.<\/p>\n<\/div>\n<\/div>\n<div class=\"olfactory-notes__item olfactory-notes__item-full-width\">\n<div class=\"olfactory-notes__description u-margin-bottom--m\">\n<h4 class=\"font-weight-bold u-margin-bottom--s olfactory-notes__title\">AMBROXAN<\/h4>\n<p>Despliega sus notas marinas y amaderadas, vivificantes como el roc\u00edo marino. Con el sutil atractivo de la madera de deriva desecada por el sol, deja una estela con car\u00e1cter que no se desvanece.<\/p>\n<p><strong>Notas de salida:<\/strong>\u00a0Bergamota de Calabria y pimienta<img loading=\"lazy\" decoding=\"async\" class=\"alignleft\" src=\"https:\/\/diorchile.vtexassets.com\/arquivos\/ids\/162146-1200-auto?width=1200&amp;height=auto&amp;aspect=true\" width=\"376\" height=\"406\" \/><\/p>\n<p><strong>Notas de coraz\u00f3n:<\/strong>\u00a0Pimienta de Sichuan, lavanda, pimienta rosa, vetiver, pachul\u00ed, geranio y elem\u00ed<\/p>\n<p><strong>Notas de fondo:<\/strong>\u00a0Ambroxan, cedro y l\u00e1dano<\/p>\n<\/div>\n<\/div>\n","protected":false},"excerpt":{"rendered":"<p>SAUVAGE EDT Sauvage es un acto de creaci\u00f3n inspirado en los grandes espacios abiertos. Un cielo azul ozono que domina<\/p>\n","protected":false},"featured_media":52552,"comment_status":"open","ping_status":"closed","template":"","meta":{"nf_dc_page":""},"product_brand":[852],"product_cat":[84],"product_tag":[1259],"class_list":{"0":"post-52551","1":"product","2":"type-product","3":"status-publish","4":"has-post-thumbnail","6":"product_brand-christian-dior","7":"product_cat-perfumeria","8":"product_tag-1259","10":"first","11":"instock","12":"shipping-taxable","13":"purchasable","14":"product-type-simple"},"_links":{"self":[{"href":"https:\/\/brandss.com.py\/index\/wp-json\/wp\/v2\/product\/52551","targetHints":{"allow":["GET"]}}],"collection":[{"href":"https:\/\/brandss.com.py\/index\/wp-json\/wp\/v2\/product"}],"about":[{"href":"https:\/\/brandss.com.py\/index\/wp-json\/wp\/v2\/types\/product"}],"replies":[{"embeddable":true,"href":"https:\/\/brandss.com.py\/index\/wp-json\/wp\/v2\/comments?post=52551"}],"version-history":[{"count":1,"href":"https:\/\/brandss.com.py\/index\/wp-json\/wp\/v2\/product\/52551\/revisions"}],"predecessor-version":[{"id":52560,"href":"https:\/\/brandss.com.py\/index\/wp-json\/wp\/v2\/product\/52551\/revisions\/52560"}],"wp:featuredmedia":[{"embeddable":true,"href":"https:\/\/brandss.com.py\/index\/wp-json\/wp\/v2\/media\/52552"}],"wp:attachment":[{"href":"https:\/\/brandss.com.py\/index\/wp-json\/wp\/v2\/media?parent=52551"}],"wp:term":[{"taxonomy":"product_brand","embeddable":true,"href":"https:\/\/brandss.com.py\/index\/wp-json\/wp\/v2\/product_brand?post=52551"},{"taxonomy":"product_cat","embeddable":true,"href":"https:\/\/brandss.com.py\/index\/wp-json\/wp\/v2\/product_cat?post=52551"},{"taxonomy":"product_tag","embeddable":true,"href":"https:\/\/brandss.com.py\/index\/wp-json\/wp\/v2\/product_tag?post=52551"}],"curies":[{"name":"wp","href":"https:\/\/api.w.org\/{rel}","templated":true}]}}