{"id":52561,"date":"2024-06-13T15:04:18","date_gmt":"2024-06-13T15:04:18","guid":{"rendered":"https:\/\/brandss.com.py\/index\/?post_type=product&#038;p=52561"},"modified":"2026-04-11T11:17:27","modified_gmt":"2026-04-11T11:17:27","slug":"perfume-christian-dior-sauvage-edp-100ml","status":"publish","type":"product","link":"https:\/\/brandss.com.py\/index\/producto\/perfume-christian-dior-sauvage-edp-100ml\/","title":{"rendered":"PERFUME MASCULINO CHRISTIAN DIOR SAUVAGE EDP 100ML"},"content":{"rendered":"<p><img loading=\"lazy\" decoding=\"async\" class=\"\" src=\"https:\/\/1000logos.net\/wp-content\/uploads\/2020\/01\/Dior-Logo.png\" alt=\"Christian Dior Logo and symbol, meaning, history, PNG, brand\" width=\"135\" height=\"76\" \/><\/p>\n<h1>SAUVAGE EDP<\/h1>\n<p>Para crear Sauvage Eau de Parfum, la inspiraci\u00f3n fue el desierto a la hora m\u00e1gica del crep\u00fasculo: atravesando la frescura de la noche, el aire ardiente del desierto exhala aromas profundos.<\/p>\n<p>La eau de parfum Sauvage es la interpretaci\u00f3n olfativa de un momento te\u00f1ido de un azul denso, que libera los instintos m\u00e1s salvajes. Cuando los lobos salen y el cielo se ilumina, se despliega una nueva magia.<img loading=\"lazy\" decoding=\"async\" class=\"alignright\" src=\"https:\/\/www.dior.com\/dw\/image\/v2\/BGXS_PRD\/on\/demandware.static\/-\/Library-Sites-DiorSharedLibrary\/default\/dwd62367f5\/images\/beauty\/05-PRODUCTS\/01-FRAGRANCES\/SAUVAGE\/Y0996460\/RELAUNCH2023\/SVG_S223_PDP_Quatuor_3700x2000.jpg?sw=1280\" width=\"470\" height=\"254\" \/><\/p>\n<p>Sauvage Eau de Parfum combina la frescura de una jugosa y especiada nota de bergamota de Calabria con la sensualidad de un misterioso y envolvente acorde de extracto de vainilla de Pap\u00faa Nueva Guinea. La fragancia despliega as\u00ed una estela poderosa y noble.<\/p>\n<p>El formato de 100 ml de la eau de parfum Sauvage es ahora recargable con la recarga Sauvage Eau de Parfum. Tambi\u00e9n es recargable gracias a la Refill Station Sauvage, disponible en puntos de venta seleccionados. Esta innovaci\u00f3n forma parte de la iniciativa de desarrollo sostenible de Dior, que pretende mejorar el impacto de la Maison sobre el clima, los\u00a0<img loading=\"lazy\" decoding=\"async\" class=\"size-medium wp-image-52562 alignleft\" src=\"https:\/\/brandss.com.py\/index\/wp-content\/uploads\/2024\/06\/A-305-400x118.png\" alt=\"\" width=\"400\" height=\"118\" srcset=\"https:\/\/brandss.com.py\/index\/wp-content\/uploads\/2024\/06\/A-305-400x118.png 400w, https:\/\/brandss.com.py\/index\/wp-content\/uploads\/2024\/06\/A-305-430x127.png 430w, https:\/\/brandss.com.py\/index\/wp-content\/uploads\/2024\/06\/A-305-150x44.png 150w, https:\/\/brandss.com.py\/index\/wp-content\/uploads\/2024\/06\/A-305-700x207.png 700w, https:\/\/brandss.com.py\/index\/wp-content\/uploads\/2024\/06\/A-305-768x227.png 768w, https:\/\/brandss.com.py\/index\/wp-content\/uploads\/2024\/06\/A-305.png 1000w\" sizes=\"auto, (max-width: 400px) 100vw, 400px\" \/>recursos y los residuos.<\/p>\n<div class=\"row\">\n<div class=\"col-md-12 col-xs-12\">\n<div class=\"product-info mt30\">\n<div class=\"tab-content\">\n<div id=\"desc\" class=\"tab-pane fade active\">\n<div class=\"product-description\">\n<p>Fran\u00e7ois Demachy, Perfumista-Creador Dior, se inspir\u00f3 en el desierto a la hora m\u00e1gica del atardecer. El frescor de la noche junto con el ardiente aire del desierto exhala aromas intensos. En esa hora en la que los lobos aparecen y el cielo se enciende, se despliega una nueva magia.<\/p>\n<\/div>\n<\/div>\n<\/div>\n<\/div>\n<\/div>\n<\/div>\n<h3>PIR\u00c1MIDE OLFATIVA<\/h3>\n<p>\u00a1Sauvage es un acto de creaci\u00f3n inspirado en los grandes espacios. Una composici\u00f3n marcada por una frescura cruda, potente y noble a la vez!<\/p>\n<div class=\"olfactory-notes__item olfactory-notes__item-full-width\">\n<div class=\"olfactory-notes__description u-margin-bottom--m\">\n<h4 class=\"font-weight-bold u-margin-bottom--s olfactory-notes__title\" style=\"text-align: left\">BERGAMOTA DE REGIO DE CALABRIA<\/h4>\n<p>Esta bergamota es un jugoso torbellino refrescante que parece llevarlo todo en su estela. Rebosante del sol de Calabria, es m\u00e1s afrutada que otras bergamotas y despliega unas facetas ligeramente pimentadas y \u00e1cidas.<\/p>\n<\/div>\n<\/div>\n<div class=\"olfactory-notes__item olfactory-notes__item-full-width\">\n<div class=\"olfactory-notes__description u-margin-bottom--m\">\n<h4 class=\"font-weight-bold u-margin-bottom--s olfactory-notes__title\" style=\"text-align: left\">EXTRACTO DE VAINILLA DE PAP\u00daA NUEVA GUINEA<\/h4>\n<p>El extracto de vainilla de Pap\u00faa Nueva Guinea despliega una atracci\u00f3n irresistible y exquisita con acentos ahumados que aportan masculinidad. Esta excepcional vainilla, recogida verde y posteriormente escaldada, se trata con un m\u00e9todo de extracci\u00f3n sin disolventes que restituye la fuerza de su complejo aroma, preservando el medioambiente.<\/p>\n<p style=\"text-align: left\"><strong>Notas de salida:<\/strong> bergamota (aroma a naranja dulce)<img loading=\"lazy\" decoding=\"async\" class=\"alignleft\" src=\"https:\/\/down-my.img.susercontent.com\/file\/9090d7ca9bd14ace3d85796b0926b330\" width=\"365\" height=\"365\" \/><\/p>\n<p style=\"text-align: left\"><strong>Notas de coraz\u00f3n:<\/strong> pimienta de Sichuan (aroma especiado y a lim\u00f3n), lavanda, nuez moscada, an\u00eds estrellado<\/p>\n<p style=\"text-align: left\"><strong>Notas de base:<\/strong> ambroxan (aroma a madera, parecido a una ra\u00edz), vainilla<\/p>\n<\/div>\n<\/div>\n","protected":false},"excerpt":{"rendered":"<p>SAUVAGE EDP Para crear Sauvage Eau de Parfum, la inspiraci\u00f3n fue el desierto a la hora m\u00e1gica del crep\u00fasculo: atravesando<\/p>\n","protected":false},"featured_media":52563,"comment_status":"open","ping_status":"closed","template":"","meta":{"nf_dc_page":""},"product_brand":[852],"product_cat":[84],"product_tag":[853],"class_list":{"0":"post-52561","1":"product","2":"type-product","3":"status-publish","4":"has-post-thumbnail","6":"product_brand-christian-dior","7":"product_cat-perfumeria","8":"product_tag-853","10":"first","11":"instock","12":"sale","13":"shipping-taxable","14":"purchasable","15":"product-type-simple"},"_links":{"self":[{"href":"https:\/\/brandss.com.py\/index\/wp-json\/wp\/v2\/product\/52561","targetHints":{"allow":["GET"]}}],"collection":[{"href":"https:\/\/brandss.com.py\/index\/wp-json\/wp\/v2\/product"}],"about":[{"href":"https:\/\/brandss.com.py\/index\/wp-json\/wp\/v2\/types\/product"}],"replies":[{"embeddable":true,"href":"https:\/\/brandss.com.py\/index\/wp-json\/wp\/v2\/comments?post=52561"}],"version-history":[{"count":2,"href":"https:\/\/brandss.com.py\/index\/wp-json\/wp\/v2\/product\/52561\/revisions"}],"predecessor-version":[{"id":61619,"href":"https:\/\/brandss.com.py\/index\/wp-json\/wp\/v2\/product\/52561\/revisions\/61619"}],"wp:featuredmedia":[{"embeddable":true,"href":"https:\/\/brandss.com.py\/index\/wp-json\/wp\/v2\/media\/52563"}],"wp:attachment":[{"href":"https:\/\/brandss.com.py\/index\/wp-json\/wp\/v2\/media?parent=52561"}],"wp:term":[{"taxonomy":"product_brand","embeddable":true,"href":"https:\/\/brandss.com.py\/index\/wp-json\/wp\/v2\/product_brand?post=52561"},{"taxonomy":"product_cat","embeddable":true,"href":"https:\/\/brandss.com.py\/index\/wp-json\/wp\/v2\/product_cat?post=52561"},{"taxonomy":"product_tag","embeddable":true,"href":"https:\/\/brandss.com.py\/index\/wp-json\/wp\/v2\/product_tag?post=52561"}],"curies":[{"name":"wp","href":"https:\/\/api.w.org\/{rel}","templated":true}]}}