{"id":52570,"date":"2024-06-13T17:39:42","date_gmt":"2024-06-13T17:39:42","guid":{"rendered":"https:\/\/brandss.com.py\/index\/?post_type=product&#038;p=52570"},"modified":"2026-03-14T11:24:31","modified_gmt":"2026-03-14T11:24:31","slug":"perfume-christian-dior-sauvage-elixir-100ml","status":"publish","type":"product","link":"https:\/\/brandss.com.py\/index\/producto\/perfume-christian-dior-sauvage-elixir-100ml\/","title":{"rendered":"PERFUME MASCULINO CHRISTIAN DIOR SAUVAGE ELIXIR 100ML"},"content":{"rendered":"<p><img loading=\"lazy\" decoding=\"async\" class=\"\" src=\"https:\/\/1000logos.net\/wp-content\/uploads\/2020\/01\/Dior-Logo.png\" alt=\"Christian Dior Logo and symbol, meaning, history, PNG, brand\" width=\"126\" height=\"71\" \/><\/p>\n<h1>SAUVAGE ELIXIR<\/h1>\n<p>Sauvage Elixir es una fragancia extraordinariamente concentrada, impregnada de la emblem\u00e1tica frescura de Sauvage con un coraz\u00f3n embriagador de especias, una esencia de lavanda &#8220;hecha a medida&#8221; y una mezcla de ricas maderas que forman la firma de su estela poderosa, lujosa y cautivadora.<br \/>\n<img loading=\"lazy\" decoding=\"async\" class=\"alignright\" src=\"https:\/\/shop-beauty.dior.co.za\/cdn\/shop\/products\/Y0996311_E02_GHC_fe233017-8155-43a8-88d7-0ed653d82fb0_1080x.jpg?v=1699537908\" width=\"469\" height=\"508\" \/><br \/>\nFrancois Demachy, perfumista-creador de Dior, cre\u00f3 la fragancia Sauvage Elixir y esta concentraci\u00f3n fue posible gracias a la calidad excepcional de las materias primas: Sauvage Elixir es una fragancia tan \u00fanica y rara como una luna roja en el cielo nocturno.<\/p>\n<p>Sauvage Elixir concentra todo su poder en un frasco de vidrio lacado en azul medianoche en un formato \u00fanico* de 60 ml. Este precioso frasco, con forma de vial, presenta m\u00faltiples dise\u00f1os sofisticados: el m\u00e1gico nombre de la fragancia est\u00e1 inscrito en plata brillante en una etiqueta grabada directamente en el cristal. El fondo en forma de c\u00fapula grabado con el logo del CD marca su silueta.<\/p>\n<p><span>Una combinaci\u00f3n duradera, compleja y expresiva de pomelo fresco y lavanda combinados con ricas maderas y especias, esta colonia est\u00e1 inspirada en la profundidad e intensidad del cielo a medianoche.<\/span><\/p>\n<p><strong><span>Acerca de la botella:\u00a0<\/span><\/strong><span>El extraordinario poder<\/span><\/p>\n<p><span> de Sauvage Elixir se captura en su botella de vidrio azul medianoche. Dise\u00f1ada para el lujo, la botella de colonia est\u00e1 grabada con una brillante inscripci\u00f3n Sauvage Elixir plateada y presenta un fondo en forma de c\u00fapula que juega con la luz.<\/span><\/p>\n<p><strong><span>Acerca de la fragancia:<\/span><\/strong><span>\u00a0Sauvage Elixir es una concentraci\u00f3n \u00fanica y extrema de Dior. Esta fragancia masculina amplifica la esencia de Sauvage al equilibrar la frescura ic\u00f3nica del perfume con una estela inesperada y sorprendente que vibra con notas de pomelo, lavanda org\u00e1nica, especias y maderas ricas y dulces.<\/span><\/p>\n<h3>PIR\u00c1MIDE OLFATIVA<\/h3>\n<p>Poder, elegancia, misterio.<\/p>\n<div class=\"olfactory-notes__item olfactory-notes__item-full-width\">\n<div class=\"olfactory-notes__description u-margin-bottom--m\">\n<h4 class=\"font-weight-bold u-margin-bottom--s olfactory-notes__title\">NOTA DE POMELO Y CORAZ\u00d3N DE ESPECIAS<\/h4>\n<p>Una nota de pomelo viva y tenaz emerge en las notas de salida, embriagada de especias. Algunas de ellas son c\u00e1lidas y sensuales, como las esencias de canela y nuez moscada. Otras son m\u00e1s refrescantes, como el cardamomo, c\u00edtrico y arom\u00e1tico a la vez.<\/p>\n<\/div>\n<\/div>\n<div class=\"olfactory-notes__item olfactory-notes__item-full-width\">\n<div class=\"olfactory-notes__description u-margin-bottom--m\">\n<h4 class=\"font-weight-bold u-margin-bottom--s olfactory-notes__title\">ESENCIA DE LAVANDA DOP DE NYONS<\/h4>\n<p>Esta esencia DOP de Nyons revela facetas \u00fanicas porque es el resultado de la mezcla de varias cosechas seleccionadas con precisi\u00f3n. Libera notas lo m\u00e1s cercanas posible a la flor silvestre. Fresca sin ser alcanforada, con una nota de cumarina ligeramente avainillada, es rica, fina y floral.<\/p>\n<\/div>\n<\/div>\n<div class=\"olfactory-notes__item olfactory-notes__item-full-width\">\n<div class=\"olfactory-notes__description u-margin-bottom--m\">\n<h4 class=\"font-weight-bold u-margin-bottom--s olfactory-notes__title\">MADERAS LICOROSAS<\/h4>\n<p>Un acorde ambarino, poderosa firma de Sauvage, se revela en todos sus matices aterciopelados y sensuales. Envolvente, cubre el fondo, realzado por una licorosa nota de regaliz. Un vetiver de Hait\u00ed y un coraz\u00f3n de pachuli forman el v\u00ednculo entre estas ricas maderas.<\/p>\n<\/div>\n<\/div>\n<p><img loading=\"lazy\" decoding=\"async\" class=\"alignleft\" src=\"https:\/\/www.sephora.com\/productimages\/product\/p475526-av-35-zoom.jpg?imwidth=612\" width=\"322\" height=\"322\" \/><\/p>\n<p>&nbsp;<\/p>\n<p><strong>Notas de salida:<\/strong> Pomelo, canela, cardamomo y nuez moscada<\/p>\n<p class=\"text-[12px] text-[#777] uppercase\"><strong>Notas de coraz\u00f3n:<\/strong><span><strong>\u00a0<\/strong>Lavanda<\/span><\/p>\n<p class=\"text-[12px] text-[#777] uppercase\"><strong>Notas de fondo: <\/strong><span>S\u00e1ndalo, vetiver haitiano, \u00e1mbar, regaliz y pachul\u00ed<\/span><\/p>\n<p>&nbsp;<\/p>\n","protected":false},"excerpt":{"rendered":"<p>SAUVAGE ELIXIR Sauvage Elixir es una fragancia extraordinariamente concentrada, impregnada de la emblem\u00e1tica frescura de Sauvage con un coraz\u00f3n embriagador<\/p>\n","protected":false},"featured_media":52571,"comment_status":"open","ping_status":"closed","template":"","meta":{"nf_dc_page":""},"product_brand":[852],"product_cat":[84],"product_tag":[1674],"class_list":{"0":"post-52570","1":"product","2":"type-product","3":"status-publish","4":"has-post-thumbnail","6":"product_brand-christian-dior","7":"product_cat-perfumeria","8":"product_tag-1674","10":"first","11":"instock","12":"shipping-taxable","13":"purchasable","14":"product-type-simple"},"_links":{"self":[{"href":"https:\/\/brandss.com.py\/index\/wp-json\/wp\/v2\/product\/52570","targetHints":{"allow":["GET"]}}],"collection":[{"href":"https:\/\/brandss.com.py\/index\/wp-json\/wp\/v2\/product"}],"about":[{"href":"https:\/\/brandss.com.py\/index\/wp-json\/wp\/v2\/types\/product"}],"replies":[{"embeddable":true,"href":"https:\/\/brandss.com.py\/index\/wp-json\/wp\/v2\/comments?post=52570"}],"version-history":[{"count":2,"href":"https:\/\/brandss.com.py\/index\/wp-json\/wp\/v2\/product\/52570\/revisions"}],"predecessor-version":[{"id":61620,"href":"https:\/\/brandss.com.py\/index\/wp-json\/wp\/v2\/product\/52570\/revisions\/61620"}],"wp:featuredmedia":[{"embeddable":true,"href":"https:\/\/brandss.com.py\/index\/wp-json\/wp\/v2\/media\/52571"}],"wp:attachment":[{"href":"https:\/\/brandss.com.py\/index\/wp-json\/wp\/v2\/media?parent=52570"}],"wp:term":[{"taxonomy":"product_brand","embeddable":true,"href":"https:\/\/brandss.com.py\/index\/wp-json\/wp\/v2\/product_brand?post=52570"},{"taxonomy":"product_cat","embeddable":true,"href":"https:\/\/brandss.com.py\/index\/wp-json\/wp\/v2\/product_cat?post=52570"},{"taxonomy":"product_tag","embeddable":true,"href":"https:\/\/brandss.com.py\/index\/wp-json\/wp\/v2\/product_tag?post=52570"}],"curies":[{"name":"wp","href":"https:\/\/api.w.org\/{rel}","templated":true}]}}