{"id":52581,"date":"2024-06-13T18:48:34","date_gmt":"2024-06-13T18:48:34","guid":{"rendered":"https:\/\/brandss.com.py\/index\/?post_type=product&#038;p=52581"},"modified":"2025-10-03T19:10:47","modified_gmt":"2025-10-03T19:10:47","slug":"perfume-christian-dior-miss-dior-edp-100ml","status":"publish","type":"product","link":"https:\/\/brandss.com.py\/index\/producto\/perfume-christian-dior-miss-dior-edp-100ml\/","title":{"rendered":"PERFUME FEMENINO CHRISTIAN DIOR MISS DIOR EDP 100ML"},"content":{"rendered":"<p><img loading=\"lazy\" decoding=\"async\" class=\"\" src=\"https:\/\/1000logos.net\/wp-content\/uploads\/2020\/01\/Dior-Logo.png\" alt=\"Christian Dior Logo and symbol, meaning, history, PNG, brand\" width=\"108\" height=\"61\" \/><\/p>\n<h1>MISS DIOR EDP<\/h1>\n<p>Miss Dior Eau de Parfum se reinventa con una nueva estela.<\/p>\n<p>En 1947, Miss Dior naci\u00f3 de ese impulso irracional, de ese deseo imperioso de reencantar la vida de las mujeres, de hacerles redescubrir los resplandecientes colores del amor. En esta \u00e9poca, despu\u00e9s de los tiempos sombr\u00edos, esta estela era para Christian Dior un sin\u00f3nimo de felicidad, de poes\u00eda y de armon\u00eda reencontrada. Miss Dior llama la atenci\u00f3n, hace vibrar e invita a descubrir todas las bellezas del mundo y el amor.<img decoding=\"async\" class=\"alignleft\" src=\"https:\/\/d3cdlnm7te7ky2.cloudfront.net\/media\/mf_webp\/jpg\/media\/catalog\/product\/c\/-\/c-miss-dior-edp-modelo_1.webp\" \/><\/p>\n<p>Un eco de su car\u00e1cter inspirador, la fragancia de la nueva Miss Dior es como un &#8220;millefiori&#8221; olfativo. La rosa centifolia, con notas melosas y picantes, reina sobre un coraz\u00f3n aterciopelado con una untuosidad deliciosa. Se adorna de notas de muguete fresco, un acorde de peon\u00eda con nota de albaricoque y notas de iris empolvado. Miss Dior se construye as\u00ed alrededor de una profusi\u00f3n llamativa y elegante, parecida a un &#8220;millefiori&#8221; imaginado como mil flores en miles de colores. En el fondo, los toques de maderas tiernas envuelven la composici\u00f3n.<\/p>\n<p>Fragancia del couturier, la eau de parfum Miss Dior se viste de un nuevo lazo &#8220;poignard&#8221; en tejido: unos cent\u00edmetros de lujo absoluto anudados en el cuello de la fragancia. La nueva Miss Dior Eau de Parfum ofrece as\u00ed un lazo de alta costura, colorido y puntillista, cuya floraci\u00f3n aleatoria hace que cada uno de ellos sea absolutamente \u00fanico. Debajo del frasco, el emblem\u00e1tico motivo pata de gallo de Miss Dior aparece grabado en el cristal.<\/p>\n<h2 id=\"title-olfactorynotes\" class=\"product-tabs__tab-title u-margin-bottom--xl  js-tab-title\">NOTAS OLFATIVAS<\/h2>\n<div class=\"product-info-side-panel__content\">\n<div class=\"olfactory-notes\">\n<div class=\"olfactory-notes__item olfactory-notes__item-full-width\">\n<div class=\"olfactory-notes__description u-margin-bottom--m\">\n<h4 class=\"font-weight-bold u-margin-bottom--s olfactory-notes__title\">BOUQUET FLORAL<\/h4>\n<p>Las notas de un muguete con floralidad fresca, el acorde de peon\u00eda expresiva y las notas de suave iris acompa\u00f1an un bello verdor ligeramente humedecido.<\/p>\n<\/div>\n<\/div>\n<div class=\"olfactory-notes__item olfactory-notes__item-full-width\">\n<div class=\"olfactory-notes__description u-margin-bottom--m\">\n<h4 class=\"font-weight-bold u-margin-bottom--s olfactory-notes__title\">ROSA CENTIFOLIA<\/h4>\n<p>Una rosa aterciopelada, carnosa y deliciosamente untuosa, alrededor de la que una profusi\u00f3n parecida a un &#8220;millefiori&#8221; cobra vida.<\/p>\n<\/div>\n<\/div>\n<div class=\"olfactory-notes__item olfactory-notes__item-full-width\">\n<div class=\"olfactory-notes__description u-margin-bottom--m\">\n<h3 class=\"font-weight-bold u-margin-bottom--s olfactory-notes__title\">MADERAS TIERNAS<\/h3>\n<p><img loading=\"lazy\" decoding=\"async\" class=\"alignleft\" src=\"https:\/\/www.dior.com\/dw\/image\/v2\/BGXS_PRD\/on\/demandware.static\/-\/Sites-master_dior\/default\/dwfbed453a\/Y0996347\/Y0996347_E04_GHC.jpg?sw=800\" width=\"316\" height=\"342\" \/>Almizcles ligeros, un toque de vainilla de Pap\u00faa Nueva Guinea, una pizca de benju\u00ed y una gota de haba tonka acuden al encuentro de un cremoso s\u00e1ndalo.<\/p>\n<div><strong>&#8211; Notas de salida:\u00a0<\/strong>mandarina italiana.<\/p>\n<\/div>\n<div><strong>&#8211; Notas de coraz\u00f3n:\u00a0<\/strong>jazm\u00edn sambac y rosas.<\/p>\n<\/div>\n<div><strong>&#8211; Notas de fondo:\u00a0<\/strong>pachul\u00ed y almizcle.<\/div>\n<\/div>\n<\/div>\n<\/div>\n<\/div>\n","protected":false},"excerpt":{"rendered":"<p>MISS DIOR EDP Miss Dior Eau de Parfum se reinventa con una nueva estela. En 1947, Miss Dior naci\u00f3 de<\/p>\n","protected":false},"featured_media":52582,"comment_status":"open","ping_status":"closed","template":"","meta":{"nf_dc_page":""},"product_brand":[852],"product_cat":[84],"product_tag":[851],"class_list":{"0":"post-52581","1":"product","2":"type-product","3":"status-publish","4":"has-post-thumbnail","6":"product_brand-christian-dior","7":"product_cat-perfumeria","8":"product_tag-851","10":"first","11":"instock","12":"shipping-taxable","13":"purchasable","14":"product-type-simple"},"_links":{"self":[{"href":"https:\/\/brandss.com.py\/index\/wp-json\/wp\/v2\/product\/52581","targetHints":{"allow":["GET"]}}],"collection":[{"href":"https:\/\/brandss.com.py\/index\/wp-json\/wp\/v2\/product"}],"about":[{"href":"https:\/\/brandss.com.py\/index\/wp-json\/wp\/v2\/types\/product"}],"replies":[{"embeddable":true,"href":"https:\/\/brandss.com.py\/index\/wp-json\/wp\/v2\/comments?post=52581"}],"version-history":[{"count":2,"href":"https:\/\/brandss.com.py\/index\/wp-json\/wp\/v2\/product\/52581\/revisions"}],"predecessor-version":[{"id":61347,"href":"https:\/\/brandss.com.py\/index\/wp-json\/wp\/v2\/product\/52581\/revisions\/61347"}],"wp:featuredmedia":[{"embeddable":true,"href":"https:\/\/brandss.com.py\/index\/wp-json\/wp\/v2\/media\/52582"}],"wp:attachment":[{"href":"https:\/\/brandss.com.py\/index\/wp-json\/wp\/v2\/media?parent=52581"}],"wp:term":[{"taxonomy":"product_brand","embeddable":true,"href":"https:\/\/brandss.com.py\/index\/wp-json\/wp\/v2\/product_brand?post=52581"},{"taxonomy":"product_cat","embeddable":true,"href":"https:\/\/brandss.com.py\/index\/wp-json\/wp\/v2\/product_cat?post=52581"},{"taxonomy":"product_tag","embeddable":true,"href":"https:\/\/brandss.com.py\/index\/wp-json\/wp\/v2\/product_tag?post=52581"}],"curies":[{"name":"wp","href":"https:\/\/api.w.org\/{rel}","templated":true}]}}