{"id":52601,"date":"2024-06-14T13:29:52","date_gmt":"2024-06-14T13:29:52","guid":{"rendered":"https:\/\/brandss.com.py\/index\/?post_type=product&#038;p=52601"},"modified":"2026-03-30T17:03:05","modified_gmt":"2026-03-30T17:03:05","slug":"perfume-paco-rabanne-lady-million-edp-80ml","status":"publish","type":"product","link":"https:\/\/brandss.com.py\/index\/producto\/perfume-paco-rabanne-lady-million-edp-80ml\/","title":{"rendered":"PERFUME FEMENINO PACO RABANNE LADY MILLION EDP 80ML"},"content":{"rendered":"<p><img loading=\"lazy\" decoding=\"async\" class=\"\" src=\"https:\/\/cdn.freebiesupply.com\/logos\/large\/2x\/paco-rabanne-1-logo-png-transparent.png\" alt=\"Paco Rabanne Logo PNG Transparent &amp; SVG Vector - Freebie Supply\" width=\"85\" height=\"85\" \/><\/p>\n<h1>LADY MILLION EDP<\/h1>\n<p>LADY MILLION es la que dirige el juego, ambiciosa pero con simpat\u00eda. Es compleja como la feminidad y su fuerte car\u00e1cter est\u00e1 compuesto de contrastes. Ella encarna LA mujer, aquella en la que todas las mujeres sue\u00f1an con parecerse<\/p>\n<p><img loading=\"lazy\" decoding=\"async\" class=\"alignright\" src=\"https:\/\/www.abcdin.cl\/dw\/image\/v2\/BCPP_PRD\/on\/demandware.static\/-\/Sites-master-catalog\/default\/dwfeff3871\/images\/large\/4CC26612837.jpg?sw=1200&amp;sh=1200&amp;sm=fit\" width=\"393\" height=\"393\" \/><\/p>\n<p>y aquella que los hombres querr\u00edan seducir. La mujer LADY MILLION forma una pareja exuberante y llamativa junto con el hombre 1 M<\/p>\n<p>ILLION. Apasionados, con car\u00e1cteres ardientes, ellos no ceden ni un m\u00ednimo espacio de su territorio a nadie &#8230; S\u00f3lo el diamante pod\u00eda rivalizar con el oro &#8230; s\u00f3lo Lady Million pod\u00eda enfrentarse a 1 Million y seducirle.<\/p>\n<p>El frasco LADY MILLION est\u00e1 inspirado en los tejidos de Paco Rabanne. Un frasco elegante, redondeado y extremadamente femenino. Con un dorado un poco m\u00e1s suave que el masculino, el frontal met\u00e1lico en relieve combina con un vidrio facetado con el objetivo de resaltar el jugo. Es la pareja perfecta para el lingote de 1 million: Un diamante dorado, fuerte y con una firma segura.<\/p>\n<p>Intenso y potente, el perfume Paco Rabanne Lady Million Eau de Parfum tiene una fragancia amaderada con un toque floral y refrescante. Dulce y llamativa, es ideal para mujeres llenas de actitud y sensual. Un dise\u00f1o de cristal multifac\u00e9tico y deslumbrante. Caracter\u00edsticas especiales: el tama\u00f1o perfecto, una forma de piedra preciosa dorada. Inspirado en The Regent, un famoso diamante expuesto en el Museo del Louvre.<\/p>\n<h3><\/h3>\n<h3>PIR\u00c1MIDE OLFATIVA.<\/h3>\n<p>&nbsp;<\/p>\n<p>Lady Million, de Paco Rabanne, representa a la femme-fatale que lleva un aroma para seducir. Deseando la vida y viviendo para la persecuci\u00f3n. Flores blancas (sexys) que despiertan sobre la piel con notas frescas, se derraman sobre pachuli.<\/p>\n<p>&nbsp;<\/p>\n<p><img loading=\"lazy\" decoding=\"async\" class=\"alignleft\" src=\"https:\/\/www.abcdin.cl\/dw\/image\/v2\/BCPP_PRD\/on\/demandware.static\/-\/Sites-master-catalog\/default\/dwfebe1bec\/images\/large\/2CC26612837.jpg?sw=1200&amp;sh=1200&amp;sm=fit\" width=\"349\" height=\"349\" \/><\/p>\n<p><strong>Familia olfativa: <\/strong>floral frutal amaderado para mujeres.<\/p>\n<p><strong>Notas de salida:<\/strong> neroli, naranja amarga y frambuesa.<\/p>\n<p><strong>Notas de coraz\u00f3n:<\/strong> absoluto de flor de naranja, absoluto de jazm\u00edn.<\/p>\n<p><strong>Notas de salida:<\/strong> miel y pachuli.<\/p>\n","protected":false},"excerpt":{"rendered":"<p>LADY MILLION EDP LADY MILLION es la que dirige el juego, ambiciosa pero con simpat\u00eda. Es compleja como la feminidad<\/p>\n","protected":false},"featured_media":52603,"comment_status":"open","ping_status":"closed","template":"","meta":{"nf_dc_page":""},"product_brand":[126],"product_cat":[84],"product_tag":[1021],"class_list":{"0":"post-52601","1":"product","2":"type-product","3":"status-publish","4":"has-post-thumbnail","6":"product_brand-paco-rabanne","7":"product_cat-perfumeria","8":"product_tag-1021","10":"first","11":"instock","12":"shipping-taxable","13":"purchasable","14":"product-type-simple"},"_links":{"self":[{"href":"https:\/\/brandss.com.py\/index\/wp-json\/wp\/v2\/product\/52601","targetHints":{"allow":["GET"]}}],"collection":[{"href":"https:\/\/brandss.com.py\/index\/wp-json\/wp\/v2\/product"}],"about":[{"href":"https:\/\/brandss.com.py\/index\/wp-json\/wp\/v2\/types\/product"}],"replies":[{"embeddable":true,"href":"https:\/\/brandss.com.py\/index\/wp-json\/wp\/v2\/comments?post=52601"}],"version-history":[{"count":3,"href":"https:\/\/brandss.com.py\/index\/wp-json\/wp\/v2\/product\/52601\/revisions"}],"predecessor-version":[{"id":61310,"href":"https:\/\/brandss.com.py\/index\/wp-json\/wp\/v2\/product\/52601\/revisions\/61310"}],"wp:featuredmedia":[{"embeddable":true,"href":"https:\/\/brandss.com.py\/index\/wp-json\/wp\/v2\/media\/52603"}],"wp:attachment":[{"href":"https:\/\/brandss.com.py\/index\/wp-json\/wp\/v2\/media?parent=52601"}],"wp:term":[{"taxonomy":"product_brand","embeddable":true,"href":"https:\/\/brandss.com.py\/index\/wp-json\/wp\/v2\/product_brand?post=52601"},{"taxonomy":"product_cat","embeddable":true,"href":"https:\/\/brandss.com.py\/index\/wp-json\/wp\/v2\/product_cat?post=52601"},{"taxonomy":"product_tag","embeddable":true,"href":"https:\/\/brandss.com.py\/index\/wp-json\/wp\/v2\/product_tag?post=52601"}],"curies":[{"name":"wp","href":"https:\/\/api.w.org\/{rel}","templated":true}]}}