{"id":52647,"date":"2024-06-15T14:10:31","date_gmt":"2024-06-15T14:10:31","guid":{"rendered":"https:\/\/brandss.com.py\/index\/?post_type=product&#038;p=52647"},"modified":"2026-03-30T17:04:43","modified_gmt":"2026-03-30T17:04:43","slug":"perfume-paco-rabanne-1-million-parfum-100ml","status":"publish","type":"product","link":"https:\/\/brandss.com.py\/index\/producto\/perfume-paco-rabanne-1-million-parfum-100ml\/","title":{"rendered":"PERFUME MASCULINO PACO RABANNE 1 MILLION PARFUM 100ML"},"content":{"rendered":"<p><img loading=\"lazy\" decoding=\"async\" class=\"\" src=\"https:\/\/cdn.freebiesupply.com\/logos\/large\/2x\/paco-rabanne-1-logo-png-transparent.png\" alt=\"Paco Rabanne Logo PNG Transparent &amp; SVG Vector - Freebie Supply\" width=\"102\" height=\"102\" \/><\/p>\n<h1>1 MILLION PARFUM<\/h1>\n<p>El perfume One Million para hombre tiene la audacia del cuero m\u00e1s genuino. Un aroma masculino intenso con la energ\u00eda propia del sol. La fragancia desaf\u00eda los efectos de la materia y juega con las sensaciones. Una dualidad entre el pulso salado y la opulencia del cuero solar. Una fragancia con el calor del \u00e1mbar que provoca una una sensualidad exacerbada. Como la piel caliente bajo el sol.<\/p>\n<p><img loading=\"lazy\" decoding=\"async\" class=\"alignright\" style=\"font-weight: bold\" src=\"https:\/\/frutafrescaco.vtexassets.com\/arquivos\/ids\/35949644-1600-auto?v=638539517158400000&amp;width=1600&amp;height=auto&amp;aspect=true\" width=\"592\" height=\"695\" \/><b><\/b>El perfume One Million es sublimado por una botella de oro que recuerda a un lingote con l\u00edneas radicales. Un nuevo emblema tallado en metal para aquellos que saben c\u00f3mo convertirse en uno entre millones. Ser excesivo, insolente. Exagera, solo un poco.<\/p>\n<p>Icono de Paco Rabanne desde 1998, la 1MILLION 100ML rinde tributo al carisma innato del hombre Paco Rabanne en un moderno frasco cromado. La creaci\u00f3n se abre con un energizante acorde c\u00edtrico y salino, dando paso luego a un coraz\u00f3n arom\u00e1tico de pino y resina. Un fondo sensual y persistente a cuero solar envuelve al portador con un aura de misterio e intensidad. Una sola pulsaci\u00f3n ser\u00e1 suficiente para emanar seguridad y magnetismo, atrayendo admiradas miradas a su paso.<\/p>\n<p><b>UNIVERSO OLFATIVO<\/b><br \/>\nEl poder del cuero solar. Calor sobre la piel. Pulsaciones florales con acentos salados. Perfume One Million. Siempre m\u00e1s opulencia&#8230;<\/p>\n<p><b>PARA ATREVERSE AL EXCESO<\/b><br \/>\n\u00bfC\u00f3mo ser \u00fanico entre un mill\u00f3n de botes? Demostrando. Un lingote con l\u00edneas radicales hechas en vidrio y oro. La opulencia tiene estilo, el estilo del atrevimiento. \u00a1Sol puro sobre el oro! El nuevo emblema tallado en metal. Superradiante. Para irradiar luz y arder. Evidentemente.<\/p>\n<h3><\/h3>\n<h3>NOTAS OLFATIVAS<\/h3>\n<p>&nbsp;<\/p>\n<p>Una fragancia para un hombre caliente, poderoso y deliberadamente excesivo.<\/p>\n<p>El Perfume 1 Million de Paco Rabanne es una fragancia de la familia olfativa cuero para hombres.<\/p>\n<p><img loading=\"lazy\" decoding=\"async\" class=\"alignleft\" src=\"https:\/\/www.sephora.com\/productimages\/product\/p458631-av-3-zoom.jpg?imwidth=612\" width=\"274\" height=\"274\" \/><\/p>\n<p><strong>Notas de salida:<\/strong> nardo salado, ambroxeno y acorde de cachemira<\/p>\n<p><strong>Notas de coraz\u00f3n:<\/strong> opulencia de cuero<\/p>\n<p><strong>Notas de fondo:<\/strong> acorde de cuero solar y resina de jara<\/p>\n","protected":false},"excerpt":{"rendered":"<p>1 MILLION PARFUM El perfume One Million para hombre tiene la audacia del cuero m\u00e1s genuino. Un aroma masculino intenso<\/p>\n","protected":false},"featured_media":52649,"comment_status":"open","ping_status":"closed","template":"","meta":{"nf_dc_page":""},"product_brand":[126],"product_cat":[84],"product_tag":[1679],"class_list":{"0":"post-52647","1":"product","2":"type-product","3":"status-publish","4":"has-post-thumbnail","6":"product_brand-paco-rabanne","7":"product_cat-perfumeria","8":"product_tag-1679","10":"first","11":"instock","12":"sale","13":"shipping-taxable","14":"purchasable","15":"product-type-simple"},"_links":{"self":[{"href":"https:\/\/brandss.com.py\/index\/wp-json\/wp\/v2\/product\/52647","targetHints":{"allow":["GET"]}}],"collection":[{"href":"https:\/\/brandss.com.py\/index\/wp-json\/wp\/v2\/product"}],"about":[{"href":"https:\/\/brandss.com.py\/index\/wp-json\/wp\/v2\/types\/product"}],"replies":[{"embeddable":true,"href":"https:\/\/brandss.com.py\/index\/wp-json\/wp\/v2\/comments?post=52647"}],"version-history":[{"count":2,"href":"https:\/\/brandss.com.py\/index\/wp-json\/wp\/v2\/product\/52647\/revisions"}],"predecessor-version":[{"id":61713,"href":"https:\/\/brandss.com.py\/index\/wp-json\/wp\/v2\/product\/52647\/revisions\/61713"}],"wp:featuredmedia":[{"embeddable":true,"href":"https:\/\/brandss.com.py\/index\/wp-json\/wp\/v2\/media\/52649"}],"wp:attachment":[{"href":"https:\/\/brandss.com.py\/index\/wp-json\/wp\/v2\/media?parent=52647"}],"wp:term":[{"taxonomy":"product_brand","embeddable":true,"href":"https:\/\/brandss.com.py\/index\/wp-json\/wp\/v2\/product_brand?post=52647"},{"taxonomy":"product_cat","embeddable":true,"href":"https:\/\/brandss.com.py\/index\/wp-json\/wp\/v2\/product_cat?post=52647"},{"taxonomy":"product_tag","embeddable":true,"href":"https:\/\/brandss.com.py\/index\/wp-json\/wp\/v2\/product_tag?post=52647"}],"curies":[{"name":"wp","href":"https:\/\/api.w.org\/{rel}","templated":true}]}}