{"id":52662,"date":"2024-06-15T15:50:30","date_gmt":"2024-06-15T15:50:30","guid":{"rendered":"https:\/\/brandss.com.py\/index\/?post_type=product&#038;p=52662"},"modified":"2026-03-14T11:45:45","modified_gmt":"2026-03-14T11:45:45","slug":"perfume-paco-rabanne-invictus-victory-extreme-edp-100ml","status":"publish","type":"product","link":"https:\/\/brandss.com.py\/index\/producto\/perfume-paco-rabanne-invictus-victory-extreme-edp-100ml\/","title":{"rendered":"PERFUME MASCULINO PACO RABANNE INVICTUS VICTORY EXTREME EDP 100ML"},"content":{"rendered":"<p><img loading=\"lazy\" decoding=\"async\" class=\"\" src=\"https:\/\/cdn.freebiesupply.com\/logos\/large\/2x\/paco-rabanne-1-logo-png-transparent.png\" alt=\"Paco Rabanne Logo PNG Transparent &amp; SVG Vector - Freebie Supply\" width=\"126\" height=\"126\" \/><\/p>\n<h1>INVICTUS VICTORY EXTREME EDP<\/h1>\n<p>La victoria es tuya.<\/p>\n<p>La atm\u00f3sfera es el\u00e9ctrica. La derrota no es una opci\u00f3n.<\/p>\n<p><img loading=\"lazy\" decoding=\"async\" class=\"alignleft\" src=\"https:\/\/resources.sears.com.mx\/medios-plazavip\/fotos\/productos_sears1\/original\/3223915.jpg\" width=\"248\" height=\"248\" \/><\/p>\n<p>&nbsp;<\/p>\n<p>Alcanza el cielo y logra tus objetivos.<br \/>\nLleva tus l\u00edmites al extremo.Acepta cualquier desaf\u00edo y gana sin dudas.<\/p>\n<p>El nacimiento de una adicci\u00f3n a la Victoria y el perfume que la acompa\u00f1a.<\/p>\n<p>&nbsp;<\/p>\n<p>El eau de parfum Invictus Victory extreme de Paco Rabanne realmente crea un asalto a los sentidos.<br \/>\nDos fuerzas se desaf\u00edan en este intenso duelo: frescura y sensualidad.<br \/>\nPaco Rabanne presenta dos combinaciones \u00fanicas para una fragancia duradera.<br \/>\nUna impresionante explosi\u00f3n inicial de frescura: lim\u00f3n picante rodeado de un potente incienso.<br \/>\nLuego viene una oleada de profunda sensualidad: la redondez del haba tonka sostenida por una profunda vainilla. Una combinaci\u00f3n entre frescura impactante e intensidad magn\u00e9tica.<br \/>\nFuerte, cautivadora e imparable.<br \/>\nPaco Rabanne nos presenta un oriental fresco, nuevo y extremadamente potente.<\/p>\n<p>El Eau de Parfum Invictus Victory sorprende por su poder y seduce por su frescor. De entrada, las notas hesp\u00e9rides de lim\u00f3n se funden. El aroma amaderado de incienso dinamiza la composici\u00f3n, mientras que la sensual vainilla se envuelve en un ardiente haba Tonka. Un Eau de Parfum que rinde homenaje a la masculinidad moderna de forma sutil..<br \/>\nEn este intenso duelo, dos fuerzas se desaf\u00edan: frescura y sensualidad. El perfume para hombre de Paco Rabanne re\u00fane dos asociaciones exclusivas para garantizar un efecto de larga duraci\u00f3n.<\/p>\n<p>Una declaraci\u00f3n de intenciones sorprendente con un suplemento de frescura: la vivacidad del lim\u00f3n recubierta por un todopoderoso incienso.<\/p>\n<p><img loading=\"lazy\" decoding=\"async\" class=\"alignleft\" src=\"https:\/\/ascotcosmetics.co.za\/wp-content\/uploads\/2021\/04\/AC3349668588732_3-copy.jpg\" width=\"380\" height=\"380\" \/><\/p>\n<p>Llega a continuaci\u00f3n un impulso profundamente sensual: la redondez de la tonka secundada por una vainilla intensa.<\/p>\n<p>El combate entre un frescor contundente y una intensidad magn\u00e9tica. Fuerte, cautivador\u2026 Nada puede detenerlo. Paco Rabanne nos descubre un nuevo perfume oriental fresco dotado de un vigor extremo.<\/p>\n<p>&nbsp;<\/p>\n<h3>NOTAS OLFATIVAS<\/h3>\n<p>El nuevo eau de parfum Invictus Victory extreme cautiva con su potencia y seduce con su frescura. Al instante, fluyen notas c\u00edtricas de lim\u00f3n.<\/p>\n<p>&nbsp;<\/p>\n<p>La fragancia amaderada del incienso fortalece la composici\u00f3n, mientras que la sensual vainilla envuelve una ardiente haba tonka. Un eau de parfum que celebra sutilmente la masculinidad moderna.<\/p>\n<p><strong>Familia de fragancias: <\/strong>Oriental fresco<\/p>\n<p><span class=\"slide-title\"><strong>Notas de salida:<\/strong> pimienta rosa, lim\u00f3n<\/span><\/p>\n<p><strong>Notas de coraz\u00f3n:<\/strong> incienso, lavanda<\/p>\n<p><strong>Notas de fondo:<\/strong> haba tonka, \u00e1mbar.<\/p>\n","protected":false},"excerpt":{"rendered":"<p>INVICTUS VICTORY EXTREME EDP La victoria es tuya. La atm\u00f3sfera es el\u00e9ctrica. La derrota no es una opci\u00f3n. &nbsp; Alcanza<\/p>\n","protected":false},"featured_media":52663,"comment_status":"open","ping_status":"closed","template":"","meta":{"nf_dc_page":""},"product_brand":[126],"product_cat":[84],"product_tag":[1644],"class_list":{"0":"post-52662","1":"product","2":"type-product","3":"status-publish","4":"has-post-thumbnail","6":"product_brand-paco-rabanne","7":"product_cat-perfumeria","8":"product_tag-1644","10":"first","11":"outofstock","12":"sale","13":"shipping-taxable","14":"purchasable","15":"product-type-simple"},"_links":{"self":[{"href":"https:\/\/brandss.com.py\/index\/wp-json\/wp\/v2\/product\/52662","targetHints":{"allow":["GET"]}}],"collection":[{"href":"https:\/\/brandss.com.py\/index\/wp-json\/wp\/v2\/product"}],"about":[{"href":"https:\/\/brandss.com.py\/index\/wp-json\/wp\/v2\/types\/product"}],"replies":[{"embeddable":true,"href":"https:\/\/brandss.com.py\/index\/wp-json\/wp\/v2\/comments?post=52662"}],"version-history":[{"count":5,"href":"https:\/\/brandss.com.py\/index\/wp-json\/wp\/v2\/product\/52662\/revisions"}],"predecessor-version":[{"id":94734,"href":"https:\/\/brandss.com.py\/index\/wp-json\/wp\/v2\/product\/52662\/revisions\/94734"}],"wp:featuredmedia":[{"embeddable":true,"href":"https:\/\/brandss.com.py\/index\/wp-json\/wp\/v2\/media\/52663"}],"wp:attachment":[{"href":"https:\/\/brandss.com.py\/index\/wp-json\/wp\/v2\/media?parent=52662"}],"wp:term":[{"taxonomy":"product_brand","embeddable":true,"href":"https:\/\/brandss.com.py\/index\/wp-json\/wp\/v2\/product_brand?post=52662"},{"taxonomy":"product_cat","embeddable":true,"href":"https:\/\/brandss.com.py\/index\/wp-json\/wp\/v2\/product_cat?post=52662"},{"taxonomy":"product_tag","embeddable":true,"href":"https:\/\/brandss.com.py\/index\/wp-json\/wp\/v2\/product_tag?post=52662"}],"curies":[{"name":"wp","href":"https:\/\/api.w.org\/{rel}","templated":true}]}}