{"id":52695,"date":"2024-06-17T13:30:35","date_gmt":"2024-06-17T13:30:35","guid":{"rendered":"https:\/\/brandss.com.py\/index\/?post_type=product&#038;p=52695"},"modified":"2026-03-14T11:45:44","modified_gmt":"2026-03-14T11:45:44","slug":"perfume-paco-rabanne-invictus-victory-elixir-100ml","status":"publish","type":"product","link":"https:\/\/brandss.com.py\/index\/producto\/perfume-paco-rabanne-invictus-victory-elixir-100ml\/","title":{"rendered":"PERFUME MASCULINO PACO RABANNE INVICTUS VICTORY ELIXIR 100ML"},"content":{"rendered":"<p><img loading=\"lazy\" decoding=\"async\" class=\"\" src=\"https:\/\/cdn.freebiesupply.com\/logos\/large\/2x\/paco-rabanne-1-logo-png-transparent.png\" alt=\"Paco Rabanne Logo PNG Transparent &amp; SVG Vector - Freebie Supply\" width=\"99\" height=\"99\" \/><\/p>\n<p>INVICTUS VICTORY ELIXIR<\/p>\n<p>El perfume Rabanne Invictus Victory Elixir es tu entrada al mundo del \u00e9xito. Su composici\u00f3n arom\u00e1tica intensa y rica te enamorar\u00e1 locamente. El lema de la marca est\u00e1 plasmado en el elegante frasco en forma de trofeo decorado con una V dorada, cuyo color simboliza la victoria.<\/p>\n<p>Descubre Invictus Victory Elixir, La nueva y poderosa fragancia para hombre de Paco Rabanne. Un elixir fu<\/p>\n<p><img loading=\"lazy\" decoding=\"async\" class=\"alignright\" src=\"https:\/\/cdn.notinoimg.com\/detail_main_hq\/paco-rabanne\/3349668614516_14\/rabanne-invictus-victory-elixir-perfume-para-hombre___240510.jpg\" width=\"446\" height=\"446\" \/><\/p>\n<p>erte, poderoso y de larga duraci\u00f3n con una mezcla de especias, maderas y frescura para los triunfadores \u00e9picos.<\/p>\n<p>La ic\u00f3nica botella de Invictus Victory concentra todo su poder con una nueva y elegante versi\u00f3n que refleja l<\/p>\n<p>a intensidad y poder del elixir que contiene. Adem\u00e1s, representando el ADN del poderoso aroma se encuentra la V de Victory grabada en dorado, sobresaliendo del color negro y azul del vidrio.<\/p>\n<p>\u00a1No dejes de ganar! Rabanne Invictus Victory Elixir es la personificaci\u00f3n del reto de abrazar tu propia inmortalidad. Esta fragancia se convertir\u00e1 en un elixir con el que superar\u00e1s f\u00e1cilmente todos los l\u00edmites.<\/p>\n<ul>\n<li>fragancia de \u00e1mbar especiado<\/li>\n<li>con un 90 % de ingredientes naturales<\/li>\n<li>lanzada en el a\u00f1o 2023<\/li>\n<\/ul>\n<h3>NOTAS OLFATIVAS<\/h3>\n<p>&nbsp;<\/p>\n<p>Invictus Victory Elixir de Paco Rabanne es un perfume de la familia olfativa \u00e1mbar amaderada para hombres que te invita a vivir una experiencia olfativa exuberante y oriental. Su aroma combina el incienso ol\u00edbano, una resina arom\u00e1tica con notas especiadas y amaderadas, con el \u00e1mbar, la vainilla y el haba tonka, que aportan calidez, dulzura y exotismo. Es una fragancia que celebra el triunfo y la victoria, presentada en un frasco en forma de trofeo negro con un degradado azul oscuro.<\/p>\n<div><strong>&#8211; Notas de salida:\u00a0<\/strong>Lavanda arom\u00e1tica, cardamomo verde y pimienta negra.<\/div>\n<div><strong>&#8211; Notas de coraz\u00f3n:\u00a0<\/strong>Incienso y pachul\u00ed amaderado.<\/div>\n<div><strong>&#8211; Notas de fondo:\u00a0<\/strong>Vaina de vainilla y haba tonka.<\/div>\n","protected":false},"excerpt":{"rendered":"<p>INVICTUS VICTORY ELIXIR El perfume Rabanne Invictus Victory Elixir es tu entrada al mundo del \u00e9xito. Su composici\u00f3n arom\u00e1tica intensa<\/p>\n","protected":false},"featured_media":52696,"comment_status":"open","ping_status":"closed","template":"","meta":{"nf_dc_page":""},"product_brand":[126],"product_cat":[84],"product_tag":[1680],"class_list":{"0":"post-52695","1":"product","2":"type-product","3":"status-publish","4":"has-post-thumbnail","6":"product_brand-paco-rabanne","7":"product_cat-perfumeria","8":"product_tag-1680","10":"first","11":"outofstock","12":"shipping-taxable","13":"purchasable","14":"product-type-simple"},"_links":{"self":[{"href":"https:\/\/brandss.com.py\/index\/wp-json\/wp\/v2\/product\/52695","targetHints":{"allow":["GET"]}}],"collection":[{"href":"https:\/\/brandss.com.py\/index\/wp-json\/wp\/v2\/product"}],"about":[{"href":"https:\/\/brandss.com.py\/index\/wp-json\/wp\/v2\/types\/product"}],"replies":[{"embeddable":true,"href":"https:\/\/brandss.com.py\/index\/wp-json\/wp\/v2\/comments?post=52695"}],"version-history":[{"count":2,"href":"https:\/\/brandss.com.py\/index\/wp-json\/wp\/v2\/product\/52695\/revisions"}],"predecessor-version":[{"id":61645,"href":"https:\/\/brandss.com.py\/index\/wp-json\/wp\/v2\/product\/52695\/revisions\/61645"}],"wp:featuredmedia":[{"embeddable":true,"href":"https:\/\/brandss.com.py\/index\/wp-json\/wp\/v2\/media\/52696"}],"wp:attachment":[{"href":"https:\/\/brandss.com.py\/index\/wp-json\/wp\/v2\/media?parent=52695"}],"wp:term":[{"taxonomy":"product_brand","embeddable":true,"href":"https:\/\/brandss.com.py\/index\/wp-json\/wp\/v2\/product_brand?post=52695"},{"taxonomy":"product_cat","embeddable":true,"href":"https:\/\/brandss.com.py\/index\/wp-json\/wp\/v2\/product_cat?post=52695"},{"taxonomy":"product_tag","embeddable":true,"href":"https:\/\/brandss.com.py\/index\/wp-json\/wp\/v2\/product_tag?post=52695"}],"curies":[{"name":"wp","href":"https:\/\/api.w.org\/{rel}","templated":true}]}}