{"id":52702,"date":"2024-06-17T18:38:02","date_gmt":"2024-06-17T18:38:02","guid":{"rendered":"https:\/\/brandss.com.py\/index\/?post_type=product&#038;p=52702"},"modified":"2026-03-30T18:10:48","modified_gmt":"2026-03-30T18:10:48","slug":"perfume-paco-rabanne-phantom-parfum-100ml","status":"publish","type":"product","link":"https:\/\/brandss.com.py\/index\/producto\/perfume-paco-rabanne-phantom-parfum-100ml\/","title":{"rendered":"PERFUME MASCULINO PACO RABANNE PHANTOM PARFUM 100ML"},"content":{"rendered":"<p><img loading=\"lazy\" decoding=\"async\" class=\"\" src=\"https:\/\/cdn.freebiesupply.com\/logos\/large\/2x\/paco-rabanne-1-logo-png-transparent.png\" alt=\"Paco Rabanne Logo PNG Transparent &amp; SVG Vector - Freebie Supply\" width=\"102\" height=\"102\" \/><\/p>\n<h3>PHANTOM PARFUM<\/h3>\n<p>Inspirado en el esp\u00edritu de una noche de ensue\u00f1o en Par\u00eds, Phantom Parfum de Rabanne es un intenso c\u00f3mplice que celebra la rebelde complejidad de la masculinidad moderna, envalentonada por un aura a la que pocos pueden resistirse.<img loading=\"lazy\" decoding=\"async\" class=\"alignleft\" src=\"https:\/\/myer-media.com.au\/wcsstore\/MyerCatalogAssetStore\/images\/15\/151\/1679\/100\/1\/116358130\/116358130_5_720x928.webp\" width=\"447\" height=\"576\" \/><\/p>\n<p>Abrazando el esp\u00edritu seductor de la masculinidad moderna en toda su carism\u00e1tica complejidad, Phantom Eau de Parfum de Rabanne es una oda al hombre que se atreve. vivir al l\u00edmite. Trascienda las convenciones con esta intensa mezcla de lavanda electrizante con vainilla adictiva y vetiver tentador.<\/p>\n<div><span>Mas intenso. M\u00e1s seductor. M\u00e1s asertivo que nunca. Como reflejo del rebelde interior, Phantom Parfum es una mezcla intensa y pulsante, elaborada con los ingredientes m\u00e1s preciados. La electrizante lavanda se combina con la adictiva vainilla y el sensual vetiver para crear una mayor sensaci\u00f3n de excitaci\u00f3n prohibida.<\/span><\/div>\n<div><\/div>\n<div><strong>Botella<\/strong><\/div>\n<div><\/div>\n<div><span>Reimaginado con detalles en negro mate oscuro para reflejar las facetas asertivas de la masculinidad, el excepcional frasco de Phantom Parfum de Rabanne es una obra maestra de dise\u00f1o elevado. Atrevida pero sofisticada, la ic\u00f3nica pieza del cofre del original evoluciona desde el plateado crom\u00e1tico hasta el negro mate como s\u00edmbolo del peligro interior.<\/span><\/div>\n<div>\u00a0Phantom Parfum se lanz\u00f3 en 2023. Phantom Parfum fue creada por Juliette Karagueuzoglou, Dominique Ropion y Anne Flipo.<\/div>\n<div><\/div>\n<h3>NOTAL OLFATIVAS<\/h3>\n<div><\/div>\n<div><span>Captando la emoci\u00f3n de la masculinidad sensual, Phantom alimenta sus pasiones furiosas y revela su aura seductora. Elaborado con el m\u00e1ximo refinamiento, Phantom est\u00e1 formulado de manera responsable con los ingredientes m\u00e1s valiosos, potentes y de origen \u00e9tico.<\/span><\/div>\n<div><\/div>\n<div>Phantom Parfum de Paco Rabanne es una fragancia de la familia olfativa Arom\u00e1tica para Hombres.<\/div>\n<p><img loading=\"lazy\" decoding=\"async\" class=\"alignright\" src=\"https:\/\/www.sephora.com\/productimages\/sku\/s2706299-av-2-zoom.jpg?imwidth=612\" width=\"339\" height=\"339\" \/><\/p>\n<div>\n<div><\/div>\n<div><strong>Familia olfativa:<\/strong>\u00a0Chipre.<\/div>\n<div><strong>&#8211; Notas de salida:<\/strong>\u00a0cardamomo, ruibarbo, bergamota y lim\u00f3n.<\/div>\n<div><strong>&#8211; Notas de coraz\u00f3n:<\/strong>\u00a0lavanda, pachul\u00ed, geranio y madera de cedro.<\/div>\n<div><strong>&#8211; Notas de fondo:<\/strong>\u00a0vainilla, b\u00e1lsamo de Tol\u00fa y vetiver haitiano.<\/div>\n<\/div>\n","protected":false},"excerpt":{"rendered":"<p>PHANTOM PARFUM Inspirado en el esp\u00edritu de una noche de ensue\u00f1o en Par\u00eds, Phantom Parfum de Rabanne es un intenso<\/p>\n","protected":false},"featured_media":52703,"comment_status":"open","ping_status":"closed","template":"","meta":{"nf_dc_page":""},"product_brand":[126],"product_cat":[84],"product_tag":[1025],"class_list":{"0":"post-52702","1":"product","2":"type-product","3":"status-publish","4":"has-post-thumbnail","6":"product_brand-paco-rabanne","7":"product_cat-perfumeria","8":"product_tag-1025","10":"first","11":"instock","12":"sale","13":"shipping-taxable","14":"purchasable","15":"product-type-simple"},"_links":{"self":[{"href":"https:\/\/brandss.com.py\/index\/wp-json\/wp\/v2\/product\/52702","targetHints":{"allow":["GET"]}}],"collection":[{"href":"https:\/\/brandss.com.py\/index\/wp-json\/wp\/v2\/product"}],"about":[{"href":"https:\/\/brandss.com.py\/index\/wp-json\/wp\/v2\/types\/product"}],"replies":[{"embeddable":true,"href":"https:\/\/brandss.com.py\/index\/wp-json\/wp\/v2\/comments?post=52702"}],"version-history":[{"count":2,"href":"https:\/\/brandss.com.py\/index\/wp-json\/wp\/v2\/product\/52702\/revisions"}],"predecessor-version":[{"id":61643,"href":"https:\/\/brandss.com.py\/index\/wp-json\/wp\/v2\/product\/52702\/revisions\/61643"}],"wp:featuredmedia":[{"embeddable":true,"href":"https:\/\/brandss.com.py\/index\/wp-json\/wp\/v2\/media\/52703"}],"wp:attachment":[{"href":"https:\/\/brandss.com.py\/index\/wp-json\/wp\/v2\/media?parent=52702"}],"wp:term":[{"taxonomy":"product_brand","embeddable":true,"href":"https:\/\/brandss.com.py\/index\/wp-json\/wp\/v2\/product_brand?post=52702"},{"taxonomy":"product_cat","embeddable":true,"href":"https:\/\/brandss.com.py\/index\/wp-json\/wp\/v2\/product_cat?post=52702"},{"taxonomy":"product_tag","embeddable":true,"href":"https:\/\/brandss.com.py\/index\/wp-json\/wp\/v2\/product_tag?post=52702"}],"curies":[{"name":"wp","href":"https:\/\/api.w.org\/{rel}","templated":true}]}}