{"id":52713,"date":"2024-06-18T13:04:59","date_gmt":"2024-06-18T13:04:59","guid":{"rendered":"https:\/\/brandss.com.py\/index\/?post_type=product&#038;p=52713"},"modified":"2026-03-14T11:45:44","modified_gmt":"2026-03-14T11:45:44","slug":"perfume-paco-rabanne-1-million-royal-edp-100ml","status":"publish","type":"product","link":"https:\/\/brandss.com.py\/index\/producto\/perfume-paco-rabanne-1-million-royal-edp-100ml\/","title":{"rendered":"PERFUME MASCULINO PACO RABANNE 1 MILLION ROYAL EDP 100ML"},"content":{"rendered":"<p><img loading=\"lazy\" decoding=\"async\" class=\"\" src=\"https:\/\/cdn.freebiesupply.com\/logos\/large\/2x\/paco-rabanne-1-logo-png-transparent.png\" alt=\"Paco Rabanne Logo PNG Transparent &amp; SVG Vector - Freebie Supply\" width=\"146\" height=\"146\" \/><\/p>\n<h1>1 MILLION ROYAL EDP<\/h1>\n<p>Descubr\u00ed la nueva fragancia One Million Royal , la nueva fragancia de Rabanne. La leyenda renace con una inesperada combinaci\u00f3n de revitalizante lavanda, vibrante madera de cedro y sensual benju\u00ed, para una fragancia que es tan desafiante como t\u00fa. Una mezcla llamativa de frescura y madera que choca con una sensualidad distintiva para liberar lo que te hace ser \u00fanicamente t\u00fa.<img loading=\"lazy\" decoding=\"async\" class=\"alignleft\" src=\"https:\/\/cachi.uy\/wp-content\/uploads\/lady2520million252050ml2520royal252034858_3158377ed5d2433cb73ebf58cf5e4366-680x800.jpg\" width=\"353\" height=\"415\" \/><\/p>\n<p>Impulsado por tu confianza interior, entra en el reino de One Million Royal con la m\u00e1xima fragancia de autoexpresi\u00f3n desafiante, creada para ti por Paco Rabanne. Sin las restricciones de las convenciones, encuentra la libertad de vivir seg\u00fan tus propias reglas con One Million Royal una extravagante mezcla amaderada fresca que choca con una sensualidad distintiva para desatar lo que te hace \u00fanico. Reclama el escenario eres el rey Es hora de levantarse, con One Million Royal.<\/p>\n<p>Reclama tu trono: eres el rey.<\/p>\n<p>La leyenda renace con una mezcla inesperada de lavanda energizante, madera de cedro vibrante y benju\u00ed sensual, para una fragancia tan desafiante como t\u00fa.<\/p>\n<p>Una mezcla de madera fresca y extravagante que choca con una sensualidad distintiva para liberar lo que te hace \u00fanico.<\/p>\n<p>Dise\u00f1ado para una autoexpresi\u00f3n desafiante y un \u00e9xito, el ic\u00f3nico lingote de oro One Million se actualiza para Royal.<\/p>\n<p>La confianza se une a la artesan\u00eda a trav\u00e9s de acentos de rojo audaz que hacen eco de joyas e insignias reales. No es simplemente una botella, sino una llamada a la acci\u00f3n: te desaf\u00eda a desafiar el manual de las convenciones y vivir la vida a tu manera.<\/p>\n<p>&nbsp;<\/p>\n<h3>NOTAS OLFATIVAS<\/h3>\n<p>&nbsp;<\/p>\n<p>Una extravagante mezcla amaderada y fresca que choca con una sensualidad exclusiva para liberar lo que te hace \u00fanico.<\/p>\n<p><img loading=\"lazy\" decoding=\"async\" class=\"alignleft\" src=\"https:\/\/cachi.uy\/wp-content\/uploads\/one2520million2520royal252050ml2520263807_343a6a0389ca46b6975e9f954dbcc185-680x800.jpg\" width=\"374\" height=\"440\" \/><\/p>\n<div><\/div>\n<p>&nbsp;<\/p>\n<div class=\"pr7 items-stretch vtex-flex-layout-0-x-stretchChildrenWidth flex\">\n<div class=\"vtex-flex-layout-0-x-flexCol vtex-flex-layout-0-x-flexCol--productSpecificationName ml0 mr0 pl0 pr0 flex flex-column h-100 w-100\">\n<div class=\"vtex-flex-layout-0-x-flexColChild vtex-flex-layout-0-x-flexColChild--productSpecificationName pb0\"><span class=\"vtex-product-specifications-1-x-specificationName\" data-specification-group=\"El Balc\u00f3n\" data-specification-name=\"Familia Olfativa\"><strong>Familia Olfativa:<\/strong> <\/span><span class=\"vtex-product-specifications-1-x-specificationValue vtex-product-specifications-1-x-specificationValue--first\" data-specification-group=\"El Balc\u00f3n\" data-specification-name=\"Familia Olfativa\" data-specification-value=\"Amaderada\">Amaderada, <\/span><span class=\"vtex-product-specifications-1-x-specificationValue\" data-specification-group=\"El Balc\u00f3n\" data-specification-name=\"Familia Olfativa\" data-specification-value=\"Foug\u00e8re\">Foug\u00e8re <\/span><span class=\"vtex-product-specifications-1-x-specificationValue vtex-product-specifications-1-x-specificationValue--last\" data-specification-group=\"El Balc\u00f3n\" data-specification-name=\"Familia Olfativa\" data-specification-value=\"Arom\u00e1tica\">Arom\u00e1tica<\/span><\/div>\n<div><strong><br \/>\nNotas de Salida: <\/strong>Mandarina &#8211; Bergamota &#8211; Cardamomo<\/div>\n<div><strong><br \/>\nNotas de Coraz\u00f3n: <\/strong>Hojas de violeta &#8211; Lavanda &#8211; Salvia<strong>Notas de Fondo: <\/strong>Benju\u00ed &#8211; Madera de cedro &#8211; Pachul\u00ed<\/p>\n<\/div>\n<\/div>\n<\/div>\n","protected":false},"excerpt":{"rendered":"<p>1 MILLION ROYAL EDP Descubr\u00ed la nueva fragancia One Million Royal , la nueva fragancia de Rabanne. La leyenda renace<\/p>\n","protected":false},"featured_media":52714,"comment_status":"open","ping_status":"closed","template":"","meta":{"nf_dc_page":""},"product_brand":[126],"product_cat":[84],"product_tag":[1681],"class_list":{"0":"post-52713","1":"product","2":"type-product","3":"status-publish","4":"has-post-thumbnail","6":"product_brand-paco-rabanne","7":"product_cat-perfumeria","8":"product_tag-1681","10":"first","11":"outofstock","12":"shipping-taxable","13":"purchasable","14":"product-type-simple"},"_links":{"self":[{"href":"https:\/\/brandss.com.py\/index\/wp-json\/wp\/v2\/product\/52713","targetHints":{"allow":["GET"]}}],"collection":[{"href":"https:\/\/brandss.com.py\/index\/wp-json\/wp\/v2\/product"}],"about":[{"href":"https:\/\/brandss.com.py\/index\/wp-json\/wp\/v2\/types\/product"}],"replies":[{"embeddable":true,"href":"https:\/\/brandss.com.py\/index\/wp-json\/wp\/v2\/comments?post=52713"}],"version-history":[{"count":3,"href":"https:\/\/brandss.com.py\/index\/wp-json\/wp\/v2\/product\/52713\/revisions"}],"predecessor-version":[{"id":61644,"href":"https:\/\/brandss.com.py\/index\/wp-json\/wp\/v2\/product\/52713\/revisions\/61644"}],"wp:featuredmedia":[{"embeddable":true,"href":"https:\/\/brandss.com.py\/index\/wp-json\/wp\/v2\/media\/52714"}],"wp:attachment":[{"href":"https:\/\/brandss.com.py\/index\/wp-json\/wp\/v2\/media?parent=52713"}],"wp:term":[{"taxonomy":"product_brand","embeddable":true,"href":"https:\/\/brandss.com.py\/index\/wp-json\/wp\/v2\/product_brand?post=52713"},{"taxonomy":"product_cat","embeddable":true,"href":"https:\/\/brandss.com.py\/index\/wp-json\/wp\/v2\/product_cat?post=52713"},{"taxonomy":"product_tag","embeddable":true,"href":"https:\/\/brandss.com.py\/index\/wp-json\/wp\/v2\/product_tag?post=52713"}],"curies":[{"name":"wp","href":"https:\/\/api.w.org\/{rel}","templated":true}]}}