{"id":52769,"date":"2024-06-18T19:24:42","date_gmt":"2024-06-18T19:24:42","guid":{"rendered":"https:\/\/brandss.com.py\/index\/?post_type=product&#038;p=52769"},"modified":"2026-01-15T10:47:34","modified_gmt":"2026-01-15T10:47:34","slug":"perfume-jacques-bogart-silver-scent-edt-100ml","status":"publish","type":"product","link":"https:\/\/brandss.com.py\/index\/producto\/perfume-jacques-bogart-silver-scent-edt-100ml\/","title":{"rendered":"PERFUME MASCULINO JACQUES BOGART SILVER SCENT EDT 100ML"},"content":{"rendered":"<p><img loading=\"lazy\" decoding=\"async\" class=\"\" src=\"https:\/\/jstorhouseofcosmetics.com\/wp-content\/uploads\/2021\/07\/jacques.png\" alt=\"Jacques Bogart - Jstorhouseofcosmetics\" width=\"123\" height=\"123\" \/><\/p>\n<h1>SILVER SCENT EDT<\/h1>\n<p>El eau de toilette Jacques Bogart Silver Scent se convertir\u00e1 en tu arma secreta de seducci\u00f3n! Descubre esta fragancia sensual que complementar\u00e1 tu carisma \u00fanico a la perfecci\u00f3n. Silver Scent deep de Jacques Bogart es una fragancia c\u00edtrica arom\u00e1tica para hombres.<img loading=\"lazy\" decoding=\"async\" class=\"alignleft\" src=\"https:\/\/magpiely.com\/cdn\/shop\/products\/JABO-SSEDTFM-100_600x.jpg?v=1654603643\" width=\"268\" height=\"268\" \/> Viene con un aroma arom\u00e1tico para el caballero moderno y es mejor tanto para el uso diario como para ocasiones especiales. Los acordes de nuez moscada, cilantro, romero y cardamomo junto con lavanda y geranio llaman la atenci\u00f3n de todos. El tama\u00f1o compacto le permite guardarlo f\u00e1cilmente.<\/p>\n<p>&nbsp;<\/p>\n<p><b>NOTAS OLFATIVAS:<\/b><\/p>\n<p>&nbsp;<\/p>\n<ul>\n<li><strong>Notas de salida:<\/strong> flor de naranja, lim\u00f3n<\/li>\n<li><strong>Notas de coraz\u00f3n:<\/strong> lavanda, nuez moscada, cardamomo, cilantro, geranio, romero<\/li>\n<li><strong>Notas de fondo:<\/strong> litchi, haba tonka, madera de teca, vetiver.<\/li>\n<\/ul>\n","protected":false},"excerpt":{"rendered":"<p>SILVER SCENT EDT El eau de toilette Jacques Bogart Silver Scent se convertir\u00e1 en tu arma secreta de seducci\u00f3n! Descubre<\/p>\n","protected":false},"featured_media":52770,"comment_status":"open","ping_status":"closed","template":"","meta":{"nf_dc_page":""},"product_brand":[1037],"product_cat":[84],"product_tag":[1036],"class_list":{"0":"post-52769","1":"product","2":"type-product","3":"status-publish","4":"has-post-thumbnail","6":"product_brand-jacques-bogart","7":"product_cat-perfumeria","8":"product_tag-1036","10":"first","11":"instock","12":"sale","13":"shipping-taxable","14":"purchasable","15":"product-type-simple"},"_links":{"self":[{"href":"https:\/\/brandss.com.py\/index\/wp-json\/wp\/v2\/product\/52769","targetHints":{"allow":["GET"]}}],"collection":[{"href":"https:\/\/brandss.com.py\/index\/wp-json\/wp\/v2\/product"}],"about":[{"href":"https:\/\/brandss.com.py\/index\/wp-json\/wp\/v2\/types\/product"}],"replies":[{"embeddable":true,"href":"https:\/\/brandss.com.py\/index\/wp-json\/wp\/v2\/comments?post=52769"}],"version-history":[{"count":2,"href":"https:\/\/brandss.com.py\/index\/wp-json\/wp\/v2\/product\/52769\/revisions"}],"predecessor-version":[{"id":61378,"href":"https:\/\/brandss.com.py\/index\/wp-json\/wp\/v2\/product\/52769\/revisions\/61378"}],"wp:featuredmedia":[{"embeddable":true,"href":"https:\/\/brandss.com.py\/index\/wp-json\/wp\/v2\/media\/52770"}],"wp:attachment":[{"href":"https:\/\/brandss.com.py\/index\/wp-json\/wp\/v2\/media?parent=52769"}],"wp:term":[{"taxonomy":"product_brand","embeddable":true,"href":"https:\/\/brandss.com.py\/index\/wp-json\/wp\/v2\/product_brand?post=52769"},{"taxonomy":"product_cat","embeddable":true,"href":"https:\/\/brandss.com.py\/index\/wp-json\/wp\/v2\/product_cat?post=52769"},{"taxonomy":"product_tag","embeddable":true,"href":"https:\/\/brandss.com.py\/index\/wp-json\/wp\/v2\/product_tag?post=52769"}],"curies":[{"name":"wp","href":"https:\/\/api.w.org\/{rel}","templated":true}]}}