{"id":52778,"date":"2024-06-19T12:58:44","date_gmt":"2024-06-19T12:58:44","guid":{"rendered":"https:\/\/brandss.com.py\/index\/?post_type=product&#038;p=52778"},"modified":"2025-12-10T13:51:34","modified_gmt":"2025-12-10T13:51:34","slug":"perfume-jacques-bogart-silver-scent-pure-edt-100ml","status":"publish","type":"product","link":"https:\/\/brandss.com.py\/index\/producto\/perfume-jacques-bogart-silver-scent-pure-edt-100ml\/","title":{"rendered":"PERFUME MASCULINO JACQUES BOGART SILVER SCENT PURE EDT 100ML"},"content":{"rendered":"<p><img loading=\"lazy\" decoding=\"async\" class=\"\" src=\"https:\/\/jstorhouseofcosmetics.com\/wp-content\/uploads\/2021\/07\/jacques.png\" alt=\"Jacques Bogart - Jstorhouseofcosmetics\" width=\"127\" height=\"127\" \/><\/p>\n<h1>SILVER SCENT PURE EDT<\/h1>\n<p>Silver Scent Pure es una fragancia para hombres lanzada por Jacques Bogart en 2015. Los clasificadores modernos clasifican esta composici\u00f3n de perfume como perteneciente a las clases de c\u00edtricos y augere. Como se informa en el comunicado de prensa oficial, la fragancia fue desarrollada por la perfumista Evelyne Boulanger, y los matices m\u00e1s reconocibles de su obra. Silver Scent se expone a la luz del d\u00eda en medio de los rascacielos y las calles a cuadros de Nueva York en la d\u00e9cada de 1940. En el centro de atenci\u00f3n, nos ofrece una interpretaci\u00f3n nueva, m\u00e1s fresca y brillante. Cuando Silver Scent se vuelve PURE, explota una frescura c\u00edtrica que se fusiona con una potencia llena de car\u00e1cter.<img loading=\"lazy\" decoding=\"async\" class=\"alignright\" src=\"https:\/\/s.catch.com.au\/images\/product\/0013\/13196\/5bc59e126424d396381310_w803h620.webp\" width=\"639\" height=\"493\" \/><\/p>\n<p>&#8220;Jacques Bogart Silver Scent Pure EDT 100ml&#8221; es una fragancia masculina de la reconocida casa de perfumes Jacques Bogart. Silver Scent Pure es una variante de la l\u00ednea Silver Scent y se caracteriza por su aroma fresco y vibrante con matices amaderados y especiados. A continuaci\u00f3n, te proporciono informaci\u00f3n general sobre las posibles notas y caracter\u00edsticas de &#8220;Jacques Bogart Silver Scent Pure EDT&#8221;:Notas de Salida: Las notas de salida suelen incluir elementos c\u00edtricos y frescos, como la bergamota y la mandarina, que le confieren un comienzo en\u00e9rgico y refrescante.Notas de Coraz\u00f3n: Las notas de coraz\u00f3n a menudo incluyen elementos florales y especiados, como el cardamomo y la nuez moscada, que aportan un matiz suave y arom\u00e1tico al aroma.Notas de Fondo: Las notas de fondo proporcionan una base duradera para la fragancia y suelen incluir elementos como el vetiver y el pachul\u00ed, que aportan profundidad y calidez al perfume.&#8221;Jacques Bogart Silver Scent Pure&#8221; es apreciada por su frescura y su car\u00e1cter distintivo, lo que la hace adecuada para el uso diario y para ocasiones especiales en las que se busca transmitir una sensaci\u00f3n de vitalidad y elegancia. Refleja el estilo moderno y sofisticado de la marca Jacques Bogart y es apreciada por hombres que buscan una fragancia masculina con una mezcla de notas frescas, especiadas y amaderadas.<\/p>\n<h3><\/h3>\n<h3>NOTAS OLFATIVAS<\/h3>\n<p>Silver Scent Pure de Jacques Bogart es una fragancia de la familia olfativa C\u00edtrica Arom\u00e1tica para hombres.<\/p>\n<p><strong>&#8211; Notas de Salida:<\/strong> Pomelo, manzana granny smith, menta y bergamota.<\/p>\n<p><strong>&#8211; Notas de Coraz\u00f3n:<\/strong> Flor de azahar del naranjo, cardamomo, lavanda y nuez moscada.<\/p>\n<p><strong>&#8211; Notas de Fondo:<\/strong> Hojas de pachuli, madera de teca, madera de gaiac y almizcle.<\/p>\n<p>&nbsp;<\/p>\n","protected":false},"excerpt":{"rendered":"<p>SILVER SCENT PURE EDT Silver Scent Pure es una fragancia para hombres lanzada por Jacques Bogart en 2015. Los clasificadores<\/p>\n","protected":false},"featured_media":52779,"comment_status":"open","ping_status":"closed","template":"","meta":{"nf_dc_page":""},"product_brand":[1037],"product_cat":[84],"product_tag":[1685],"class_list":{"0":"post-52778","1":"product","2":"type-product","3":"status-publish","4":"has-post-thumbnail","6":"product_brand-jacques-bogart","7":"product_cat-perfumeria","8":"product_tag-1685","10":"first","11":"instock","12":"shipping-taxable","13":"purchasable","14":"product-type-simple"},"_links":{"self":[{"href":"https:\/\/brandss.com.py\/index\/wp-json\/wp\/v2\/product\/52778","targetHints":{"allow":["GET"]}}],"collection":[{"href":"https:\/\/brandss.com.py\/index\/wp-json\/wp\/v2\/product"}],"about":[{"href":"https:\/\/brandss.com.py\/index\/wp-json\/wp\/v2\/types\/product"}],"replies":[{"embeddable":true,"href":"https:\/\/brandss.com.py\/index\/wp-json\/wp\/v2\/comments?post=52778"}],"version-history":[{"count":2,"href":"https:\/\/brandss.com.py\/index\/wp-json\/wp\/v2\/product\/52778\/revisions"}],"predecessor-version":[{"id":61724,"href":"https:\/\/brandss.com.py\/index\/wp-json\/wp\/v2\/product\/52778\/revisions\/61724"}],"wp:featuredmedia":[{"embeddable":true,"href":"https:\/\/brandss.com.py\/index\/wp-json\/wp\/v2\/media\/52779"}],"wp:attachment":[{"href":"https:\/\/brandss.com.py\/index\/wp-json\/wp\/v2\/media?parent=52778"}],"wp:term":[{"taxonomy":"product_brand","embeddable":true,"href":"https:\/\/brandss.com.py\/index\/wp-json\/wp\/v2\/product_brand?post=52778"},{"taxonomy":"product_cat","embeddable":true,"href":"https:\/\/brandss.com.py\/index\/wp-json\/wp\/v2\/product_cat?post=52778"},{"taxonomy":"product_tag","embeddable":true,"href":"https:\/\/brandss.com.py\/index\/wp-json\/wp\/v2\/product_tag?post=52778"}],"curies":[{"name":"wp","href":"https:\/\/api.w.org\/{rel}","templated":true}]}}