{"id":52784,"date":"2024-06-19T13:16:23","date_gmt":"2024-06-19T13:16:23","guid":{"rendered":"https:\/\/brandss.com.py\/index\/?post_type=product&#038;p=52784"},"modified":"2025-12-10T13:51:59","modified_gmt":"2025-12-10T13:51:59","slug":"perfume-jacques-bogart-silver-scent-aqua-edp-100ml","status":"publish","type":"product","link":"https:\/\/brandss.com.py\/index\/producto\/perfume-jacques-bogart-silver-scent-aqua-edp-100ml\/","title":{"rendered":"PERFUME MASCULINO JACQUES BOGART SILVER SCENT AQUA EDP 100ML"},"content":{"rendered":"<p><img loading=\"lazy\" decoding=\"async\" class=\"\" src=\"https:\/\/jstorhouseofcosmetics.com\/wp-content\/uploads\/2021\/07\/jacques.png\" alt=\"Jacques Bogart - Jstorhouseofcosmetics\" width=\"140\" height=\"140\" \/><\/p>\n<h1 class=\"text-uppercase\">SILVER SCENT AQUA EDP<\/h1>\n<p>Una fragancia que encarna la estimulante sensaci\u00f3n del frescor de las salpicaduras del oc\u00e9ano. La cautivadora dualidad del calor solar y el encantador aroma de flores blancas y acordes marinos con un toque mineral.&#8221;<\/p>\n<p><span>Siente la intensidad del oc\u00e9ano con Silver Scent Aqua Eau de Parfum, de Jacques Bogart. Un perfume moderno que ofrece una vigorizante sensaci\u00f3n de frescor.<\/span><\/p>\n<p><span>\u201cCre\u00e9 una fragancia luminosa para un hombre moderno, con una personalidad tan chispeante como las notas altas y tan asertiva como las notas amaderadas de fondo. Un hombre elegante, sencillo y relajado, atractivo sin exagerar.\u201d \u2013 Leonardo Luchese, perfumista<img decoding=\"async\" class=\"alignleft\" src=\"https:\/\/www.fann.sk\/sub\/fann.sk\/images\/shop-active-images\/img_34434_a2.jpg.webp?14668\" \/><\/span><\/p>\n<div class=\"trix-content\">\n<div>Jacques Bogart es un perfume cautivador de masculinidad y sofisticaci\u00f3n. Con una mezcla \u00fanica de notas arom\u00e1ticas y amaderadas, esta fragancia evoca un aura de misterio y elegancia atemporal. Su car\u00e1cter distintivo y su excelente fijaci\u00f3n hacen de este perfume una elecci\u00f3n perfecta para el hombre moderno que busca destacar con un aroma memorable y envolvente. El perfume de Jacques Bogart es una declaraci\u00f3n de estilo y confianza, dise\u00f1ado para dejar una impresi\u00f3n perdurable dondequiera que vaya<\/div>\n<\/div>\n<p>&nbsp;<\/p>\n<h3 class=\"mb-3 sc-description\">NOTAS OLFATIVAS<\/h3>\n<div class=\"trix-content\">\n<div><strong>&#8211; Notas de salida:<\/strong>\u00a0Pomelo, hoja de violeta y acorde marino.<\/div>\n<div><strong>&#8211; Notas de coraz\u00f3n:\u00a0<\/strong>Azahar, mel\u00f3n y lavand\u00edn.<\/div>\n<div><strong>&#8211; Notas de base:\u00a0<\/strong>Pachul\u00ed, gamuza y \u00e1mbar.<\/div>\n<\/div>\n<p>&nbsp;<\/p>\n","protected":false},"excerpt":{"rendered":"<p>SILVER SCENT AQUA EDP Una fragancia que encarna la estimulante sensaci\u00f3n del frescor de las salpicaduras del oc\u00e9ano. La cautivadora<\/p>\n","protected":false},"featured_media":52785,"comment_status":"open","ping_status":"closed","template":"","meta":{"nf_dc_page":""},"product_brand":[1037],"product_cat":[84],"product_tag":[1686],"class_list":{"0":"post-52784","1":"product","2":"type-product","3":"status-publish","4":"has-post-thumbnail","6":"product_brand-jacques-bogart","7":"product_cat-perfumeria","8":"product_tag-1686","10":"first","11":"instock","12":"shipping-taxable","13":"purchasable","14":"product-type-simple"},"_links":{"self":[{"href":"https:\/\/brandss.com.py\/index\/wp-json\/wp\/v2\/product\/52784","targetHints":{"allow":["GET"]}}],"collection":[{"href":"https:\/\/brandss.com.py\/index\/wp-json\/wp\/v2\/product"}],"about":[{"href":"https:\/\/brandss.com.py\/index\/wp-json\/wp\/v2\/types\/product"}],"replies":[{"embeddable":true,"href":"https:\/\/brandss.com.py\/index\/wp-json\/wp\/v2\/comments?post=52784"}],"version-history":[{"count":2,"href":"https:\/\/brandss.com.py\/index\/wp-json\/wp\/v2\/product\/52784\/revisions"}],"predecessor-version":[{"id":72717,"href":"https:\/\/brandss.com.py\/index\/wp-json\/wp\/v2\/product\/52784\/revisions\/72717"}],"wp:featuredmedia":[{"embeddable":true,"href":"https:\/\/brandss.com.py\/index\/wp-json\/wp\/v2\/media\/52785"}],"wp:attachment":[{"href":"https:\/\/brandss.com.py\/index\/wp-json\/wp\/v2\/media?parent=52784"}],"wp:term":[{"taxonomy":"product_brand","embeddable":true,"href":"https:\/\/brandss.com.py\/index\/wp-json\/wp\/v2\/product_brand?post=52784"},{"taxonomy":"product_cat","embeddable":true,"href":"https:\/\/brandss.com.py\/index\/wp-json\/wp\/v2\/product_cat?post=52784"},{"taxonomy":"product_tag","embeddable":true,"href":"https:\/\/brandss.com.py\/index\/wp-json\/wp\/v2\/product_tag?post=52784"}],"curies":[{"name":"wp","href":"https:\/\/api.w.org\/{rel}","templated":true}]}}