{"id":52817,"date":"2024-06-19T18:22:00","date_gmt":"2024-06-19T18:22:00","guid":{"rendered":"https:\/\/brandss.com.py\/index\/?post_type=product&#038;p=52817"},"modified":"2026-03-14T11:34:08","modified_gmt":"2026-03-14T11:34:08","slug":"perfume-giorgio-armani-code-edp-75ml","status":"publish","type":"product","link":"https:\/\/brandss.com.py\/index\/producto\/perfume-giorgio-armani-code-edp-75ml\/","title":{"rendered":"PERFUME FEMENINO GIORGIO ARMANI CODE EDP 75ML"},"content":{"rendered":"<p><img loading=\"lazy\" decoding=\"async\" class=\"\" src=\"https:\/\/cdn.freebiesupply.com\/logos\/large\/2x\/giorgio-armani-1-logo-png-transparent.png\" alt=\"Giorgio Armani Logo PNG Transparent &amp; SVG Vector - Freebie Supply\" width=\"113\" height=\"113\" \/><\/p>\n<h1>CODE EDP<\/h1>\n<p>El Perfume Code Femme EDP de Armani es la sensualidad hecha fragancia. Con aroma afrutado, funciona para la mujer como un arma de conquista. Este producto de la perfumer\u00eda de Armani capta intensamente la atenci\u00f3n, transform\u00e1ndose en un c\u00f3digo secreto y atractivo, como lo es la seducci\u00f3n femenina. Gira alrededor del poder, la elegancia y la sofisticaci\u00f3n.<br \/>\n<img loading=\"lazy\" decoding=\"async\" class=\"alignright\" src=\"https:\/\/dynamic.zacdn.com\/ArRaxhB9g9qc1l_qHHL7YtIXQ9g=\/filters:quality(70):format(webp)\/https:\/\/static-sg.zacdn.com\/p\/giorgio-armani-7076-5205821-2.jpg\" width=\"320\" height=\"462\" \/><\/p>\n<p>Esta fragancia se conecta visiblemente con la marca en el dise\u00f1o de su envase. Se presenta un frasco con una silueta esbelta y cil\u00edndrica, afinada en la parte media, con colores en degrad\u00e9, que van desde el blanco, pasando por tonos azules y llegando al negro en su tapa. Se le da una terminaci\u00f3n con flores en negro, que remiten a la tela de encaje dise\u00f1ada por el mismo Armani.<br \/>\nEsta joya de la moda y la perfumer\u00eda es moderna, conquistadora y sublime. Adem\u00e1s, logra que su aroma perdure largo tiempo en la piel, as\u00ed podr\u00e1s destacarte en todo momento y en todo lugar. Una seductora fragancia para la mujer que busca seducir a trav\u00e9s de los misterios, combinando la sensualidad con el magnetismo.<\/p>\n<p>Capture la intimidad y la emoci\u00f3n de un nuevo e inolvidable encuentro con el distintivo eau de parfum Armani Code para mujer. La fragancia floral abre con una nota sensual de flor de azahar entrelazada con acentos de jengibre que dan paso a una dulce caricia de miel y s\u00e1ndalo. Adictiva. Embriagadora. Apasionada.<\/p>\n<h3><\/h3>\n<h3><\/h3>\n<h3>NOTAS OLFATIVAS<\/h3>\n<p>&nbsp;<\/p>\n<p>Un perfume original para la mujer seductora y misteriosa, siempreelegante y atractiva. Atrevete a descubrir el c\u00f3digo de la sensualidad femenina con Armani Code. Armani Code, el perfume VIP de GiorgioArmani.<\/p>\n<p>El Perfume Giorgio Armani Code es una fragancia de la familia olfativa floral para mujeres.<img loading=\"lazy\" decoding=\"async\" class=\"alignleft\" src=\"https:\/\/juleriaque.vtexassets.com\/arquivos\/ids\/216769-800-auto?v=638203643001800000&amp;width=800&amp;height=auto&amp;aspect=true\" width=\"306\" height=\"306\" \/><\/p>\n<ul>\n<li><span data-pb-style=\"6248F6D1B3849\"><strong>Notas de salida:\u00a0<\/strong>Naranja amarga, jazm\u00edn y naranja italiana<\/span><\/li>\n<li><span data-pb-style=\"6248F6D1B3856\"><strong>Notas de coraz\u00f3n:\u00a0<\/strong><\/span>Jazm\u00edn, jengibre y flor de azahar del naranjo<\/li>\n<li><span data-pb-style=\"6248F6D1B3862\"><strong>Notas de fondo:\u00a0<\/strong><\/span>Vainilla, s\u00e1ndalo y miel<\/li>\n<\/ul>\n","protected":false},"excerpt":{"rendered":"<p>CODE EDP El Perfume Code Femme EDP de Armani es la sensualidad hecha fragancia. Con aroma afrutado, funciona para la<\/p>\n","protected":false},"featured_media":52818,"comment_status":"open","ping_status":"closed","template":"","meta":{"nf_dc_page":""},"product_brand":[1687],"product_cat":[84],"product_tag":[1691],"class_list":{"0":"post-52817","1":"product","2":"type-product","3":"status-publish","4":"has-post-thumbnail","6":"product_brand-giorgio-armani","7":"product_cat-perfumeria","8":"product_tag-1691","10":"first","11":"outofstock","12":"shipping-taxable","13":"purchasable","14":"product-type-simple"},"_links":{"self":[{"href":"https:\/\/brandss.com.py\/index\/wp-json\/wp\/v2\/product\/52817","targetHints":{"allow":["GET"]}}],"collection":[{"href":"https:\/\/brandss.com.py\/index\/wp-json\/wp\/v2\/product"}],"about":[{"href":"https:\/\/brandss.com.py\/index\/wp-json\/wp\/v2\/types\/product"}],"replies":[{"embeddable":true,"href":"https:\/\/brandss.com.py\/index\/wp-json\/wp\/v2\/comments?post=52817"}],"version-history":[{"count":2,"href":"https:\/\/brandss.com.py\/index\/wp-json\/wp\/v2\/product\/52817\/revisions"}],"predecessor-version":[{"id":95252,"href":"https:\/\/brandss.com.py\/index\/wp-json\/wp\/v2\/product\/52817\/revisions\/95252"}],"wp:featuredmedia":[{"embeddable":true,"href":"https:\/\/brandss.com.py\/index\/wp-json\/wp\/v2\/media\/52818"}],"wp:attachment":[{"href":"https:\/\/brandss.com.py\/index\/wp-json\/wp\/v2\/media?parent=52817"}],"wp:term":[{"taxonomy":"product_brand","embeddable":true,"href":"https:\/\/brandss.com.py\/index\/wp-json\/wp\/v2\/product_brand?post=52817"},{"taxonomy":"product_cat","embeddable":true,"href":"https:\/\/brandss.com.py\/index\/wp-json\/wp\/v2\/product_cat?post=52817"},{"taxonomy":"product_tag","embeddable":true,"href":"https:\/\/brandss.com.py\/index\/wp-json\/wp\/v2\/product_tag?post=52817"}],"curies":[{"name":"wp","href":"https:\/\/api.w.org\/{rel}","templated":true}]}}