{"id":52869,"date":"2024-06-20T18:20:25","date_gmt":"2024-06-20T18:20:25","guid":{"rendered":"https:\/\/brandss.com.py\/index\/?post_type=product&#038;p=52869"},"modified":"2026-02-21T10:09:01","modified_gmt":"2026-02-21T10:09:01","slug":"perfume-montblanc-individuel-men-edt-75ml","status":"publish","type":"product","link":"https:\/\/brandss.com.py\/index\/producto\/perfume-montblanc-individuel-men-edt-75ml\/","title":{"rendered":"PERFUME MASCULINO MONT BLANC INDIVIDUEL MEN EDT 75ML"},"content":{"rendered":"<p><img loading=\"lazy\" decoding=\"async\" class=\"\" src=\"https:\/\/upload.wikimedia.org\/wikipedia\/commons\/d\/dd\/Montblanc_logo.svg\" alt=\"File:Montblanc logo.svg - Wikimedia Commons\" width=\"144\" height=\"79\" \/><\/p>\n<h1 class=\"hidden-xs\">INDIVIDUEL MEN EDT<\/h1>\n<p>Fiel a las tradiciones de la casa Montblanc, &#8216;individuel&#8217; mezcla la tecnologia y la autenticidad.<\/p>\n<p><img loading=\"lazy\" decoding=\"async\" class=\"alignleft\" src=\"https:\/\/www.myperfumeshop.com.au\/cdn\/shop\/files\/Mont_Blanc_Individuel_EDT_For_Men_-_Google_Search_-_6b206c788c08c5184683772e9e5acea9_1.png?v=1702064092&amp;width=1000\" width=\"522\" height=\"522\" \/> Mont Blanc Individuel ofrece una fragancia casual pero muy atractiva para los hombres. La fragancia masculina de Mont Blanc es una fragancia ex\u00f3tica para el hombre confiado y sofisticado.<\/p>\n<p>Va dirigido a un hombre original y tradicional a la vez, haciendo referencia a su independencia, misterio y romanticismo.<\/p>\n<p><span>Mont Blanc Individuel EDT para hombres es una fragancia ic\u00f3nica que no puedes dejar de notar.<\/span><\/p>\n<ul class=\"tickmark_blue\">\n<li><span>Lanzado en 2003<\/span><\/li>\n<li><span>Un aroma cautivador que dura todo el d\u00eda.<\/span><\/li>\n<li><span>Perfecto para el hombre moderno y sofisticado.<\/span><\/li>\n<li><span>Una mezcla armoniosa de notas frescas y c\u00e1lidas.<\/span><\/li>\n<\/ul>\n<p><span>Individuel es una obra maestra que irradia confianza y elegancia con cada rociado.<\/span><\/p>\n<p><span>Con sus vigorizantes notas altas c\u00edtricas, mezcladas con toques de canela y lavanda, Mont Blanc Individuel desprende un aura seductora y atrayente.<\/span><\/p>\n<p><span>Disfrute del encanto de Mont Blanc Individuel EDT para hombres y experimente una fragancia verdaderamente inolvidable.<\/span><\/p>\n<h3><\/h3>\n<h3>NOTAS OLFATIVAS<\/h3>\n<p>&nbsp;<\/p>\n<p>Individuel de Montblanc es una fragancia de la familia olfativa Oriental Amaderada para hombres.<\/p>\n<p><strong>&#8211; Notas de salida:<\/strong> romero, pi\u00f1a, cilantro, canela, lavanda, bayas de enebro, menta, bergamota y cardamomo<\/p>\n<p><strong>&#8211; Notas de coraz\u00f3n:<\/strong> flor de azahar del naranjo, violeta, jazm\u00edn y geranio<\/p>\n<p><strong>&#8211; Notas de fondo:<\/strong> s\u00e1ndalo, \u00e1mbar, pachul\u00ed, almizcle, frambuesa, vainilla, chocolate oscuro, musgo de roble y vetiver.<\/p>\n","protected":false},"excerpt":{"rendered":"<p>INDIVIDUEL MEN EDT Fiel a las tradiciones de la casa Montblanc, &#8216;individuel&#8217; mezcla la tecnologia y la autenticidad. Mont Blanc<\/p>\n","protected":false},"featured_media":52870,"comment_status":"open","ping_status":"closed","template":"","meta":{"nf_dc_page":""},"product_brand":[1033],"product_cat":[84],"product_tag":[1697],"class_list":{"0":"post-52869","1":"product","2":"type-product","3":"status-publish","4":"has-post-thumbnail","6":"product_brand-mont-blanc","7":"product_cat-perfumeria","8":"product_tag-1697","10":"first","11":"instock","12":"sale","13":"shipping-taxable","14":"purchasable","15":"product-type-simple"},"_links":{"self":[{"href":"https:\/\/brandss.com.py\/index\/wp-json\/wp\/v2\/product\/52869","targetHints":{"allow":["GET"]}}],"collection":[{"href":"https:\/\/brandss.com.py\/index\/wp-json\/wp\/v2\/product"}],"about":[{"href":"https:\/\/brandss.com.py\/index\/wp-json\/wp\/v2\/types\/product"}],"replies":[{"embeddable":true,"href":"https:\/\/brandss.com.py\/index\/wp-json\/wp\/v2\/comments?post=52869"}],"version-history":[{"count":3,"href":"https:\/\/brandss.com.py\/index\/wp-json\/wp\/v2\/product\/52869\/revisions"}],"predecessor-version":[{"id":98948,"href":"https:\/\/brandss.com.py\/index\/wp-json\/wp\/v2\/product\/52869\/revisions\/98948"}],"wp:featuredmedia":[{"embeddable":true,"href":"https:\/\/brandss.com.py\/index\/wp-json\/wp\/v2\/media\/52870"}],"wp:attachment":[{"href":"https:\/\/brandss.com.py\/index\/wp-json\/wp\/v2\/media?parent=52869"}],"wp:term":[{"taxonomy":"product_brand","embeddable":true,"href":"https:\/\/brandss.com.py\/index\/wp-json\/wp\/v2\/product_brand?post=52869"},{"taxonomy":"product_cat","embeddable":true,"href":"https:\/\/brandss.com.py\/index\/wp-json\/wp\/v2\/product_cat?post=52869"},{"taxonomy":"product_tag","embeddable":true,"href":"https:\/\/brandss.com.py\/index\/wp-json\/wp\/v2\/product_tag?post=52869"}],"curies":[{"name":"wp","href":"https:\/\/api.w.org\/{rel}","templated":true}]}}