{"id":52885,"date":"2024-06-21T17:54:31","date_gmt":"2024-06-21T17:54:31","guid":{"rendered":"https:\/\/brandss.com.py\/index\/?post_type=product&#038;p=52885"},"modified":"2026-03-11T12:41:22","modified_gmt":"2026-03-11T12:41:22","slug":"perfume-montblanc-legend-edt-100ml","status":"publish","type":"product","link":"https:\/\/brandss.com.py\/index\/producto\/perfume-montblanc-legend-edt-100ml\/","title":{"rendered":"PERFUME MASCULINO MONTBLANC LEGEND EDT 100ML"},"content":{"rendered":"<p><img loading=\"lazy\" decoding=\"async\" class=\"\" src=\"https:\/\/upload.wikimedia.org\/wikipedia\/commons\/d\/dd\/Montblanc_logo.svg\" alt=\"File:Montblanc logo.svg - Wikimedia Commons\" width=\"124\" height=\"68\" \/><\/p>\n<h1>LEGEND EDT<\/h1>\n<p>Este Eau de Toilette cl\u00e1sico y atemporal tiene una combinaci\u00f3n \u00fanica de fuerza, sofisticaci\u00f3n y estilo, capturando la esencia de la sensibilidad cl\u00e1sica de Montblanc, conserva la elegancia y sofisticaci\u00f3n de la marca sin dejar de lado la vanguardia en el aroma.<\/p>\n<p>Perfume Legend Eau de Toilette de Mont Blanc para hombre. Atrae miradas dondequiera que usted vaya cuando use este perfume Legend MontBlanc para hombres y fue creado en el 2011.<img loading=\"lazy\" decoding=\"async\" class=\"alignright\" src=\"https:\/\/media.gq.com.mx\/photos\/6495ee0848a0450eaa6684d1\/master\/w_1600,c_limit\/Monblanc-Legend%20(6).jpg\" width=\"274\" height=\"411\" \/><\/p>\n<ul>\n<li>Presenta notas m\u00e1s altas de bergamote y pi\u00f1a que le dan una esencia dulce. Las notas de lavanda y el geranio le prestan un perfume fresco, floral a esta fragancia, ayudando a revigorizar sus sentidos y provey\u00e9ndole un principio energ\u00e9tico a su d\u00eda.<\/li>\n<li>Una nota del s\u00e1ndalo vil da este perfume un acabado poblado de \u00e1rboles que se durara a lo largo del dia y tambien cae bien por la tarde.<\/li>\n<\/ul>\n<p>Con esta fragancia te convertiras en una Leyenda urbana que no pasara desapercibido entre las feminas cuando sientan ese olor a deseo.<\/p>\n<p><span>Perfume de hombre sofisticado y seductor. Legend Pour Homme de Montblanc se inspir\u00f3 en las grandes estrellas del cine americano, hombres de encanto irresistible, h\u00e9roes inspiradores.<\/span><\/p>\n<p><span>Un aroma profundamente masculino, con especias ex\u00f3ticas que dejan una estela embriagadora. Legend Pour Homme de Montblanc es perfecto para una cena para dos, una fiesta para seducir y conquistar.<\/span><\/p>\n<p><span>El hombre Montblanc Legend es confiado y carism\u00e1tico: un hombre seductor sin esfuerzo que vive sus sentimientos.<\/span><\/p>\n<p><span>Montblanc Legend Eau de Toilette es la encarnaci\u00f3n de una fragancia decididamente masculina, moderna y atemporal a la vez, con profundidad, modernidad y la dosis justa de discreto misterio.<\/span><\/p>\n<h3><\/h3>\n<h3>NOTAS OLFATIVAS<\/h3>\n<p>&nbsp;<\/p>\n<p>Legend de Mont Blanc es una fragancia de la familia olfativa Arom\u00e1tica Foug\u00e8re para Hombres. Legend se lanz\u00f3 en 2011. La Nariz detr\u00e1s de esta fragrancia es Olivier Pescheux.<\/p>\n<p>Un foug\u00e9re fresco con notas altas que son animadas, brillantes y limpias, notas de coraz\u00f3n magn\u00e9ticas con un tono floral amaderado \u00fanico, y un sensual secado con una firma inolvidable de habas tonka y s\u00e1ndalo.<\/p>\n<p><img loading=\"lazy\" decoding=\"async\" class=\"alignleft\" src=\"https:\/\/media.gq.com.mx\/photos\/6495ee1d922ba37647e680b0\/master\/w_1600,c_limit\/Monblanc-Legend%20(2).jpg\" width=\"325\" height=\"488\" \/><\/p>\n<p>&nbsp;<\/p>\n<p><strong>Las notas de salida son:<\/strong> lavanda, bergamota, cedr\u00f3n (hierba luisa, verbena de olor) y pi\u00f1a.<\/p>\n<p><strong>Las notas de coraz\u00f3n son:<\/strong> cumarina, musgo de roble, geranio, rosa, manzana roja y frutos secos.<\/p>\n<p><strong>Las notas de fondo son:<\/strong> s\u00e1ndalo y haba tonka.<\/p>\n<p>&nbsp;<\/p>\n","protected":false},"excerpt":{"rendered":"<p>LEGEND EDT Este Eau de Toilette cl\u00e1sico y atemporal tiene una combinaci\u00f3n \u00fanica de fuerza, sofisticaci\u00f3n y estilo, capturando la<\/p>\n","protected":false},"featured_media":52886,"comment_status":"open","ping_status":"closed","template":"","meta":{"nf_dc_page":""},"product_brand":[1033],"product_cat":[84],"product_tag":[1032],"class_list":{"0":"post-52885","1":"product","2":"type-product","3":"status-publish","4":"has-post-thumbnail","6":"product_brand-mont-blanc","7":"product_cat-perfumeria","8":"product_tag-1032","10":"first","11":"outofstock","12":"shipping-taxable","13":"purchasable","14":"product-type-simple"},"_links":{"self":[{"href":"https:\/\/brandss.com.py\/index\/wp-json\/wp\/v2\/product\/52885","targetHints":{"allow":["GET"]}}],"collection":[{"href":"https:\/\/brandss.com.py\/index\/wp-json\/wp\/v2\/product"}],"about":[{"href":"https:\/\/brandss.com.py\/index\/wp-json\/wp\/v2\/types\/product"}],"replies":[{"embeddable":true,"href":"https:\/\/brandss.com.py\/index\/wp-json\/wp\/v2\/comments?post=52885"}],"version-history":[{"count":3,"href":"https:\/\/brandss.com.py\/index\/wp-json\/wp\/v2\/product\/52885\/revisions"}],"predecessor-version":[{"id":92253,"href":"https:\/\/brandss.com.py\/index\/wp-json\/wp\/v2\/product\/52885\/revisions\/92253"}],"wp:featuredmedia":[{"embeddable":true,"href":"https:\/\/brandss.com.py\/index\/wp-json\/wp\/v2\/media\/52886"}],"wp:attachment":[{"href":"https:\/\/brandss.com.py\/index\/wp-json\/wp\/v2\/media?parent=52885"}],"wp:term":[{"taxonomy":"product_brand","embeddable":true,"href":"https:\/\/brandss.com.py\/index\/wp-json\/wp\/v2\/product_brand?post=52885"},{"taxonomy":"product_cat","embeddable":true,"href":"https:\/\/brandss.com.py\/index\/wp-json\/wp\/v2\/product_cat?post=52885"},{"taxonomy":"product_tag","embeddable":true,"href":"https:\/\/brandss.com.py\/index\/wp-json\/wp\/v2\/product_tag?post=52885"}],"curies":[{"name":"wp","href":"https:\/\/api.w.org\/{rel}","templated":true}]}}