{"id":52903,"date":"2024-06-21T19:05:19","date_gmt":"2024-06-21T19:05:19","guid":{"rendered":"https:\/\/brandss.com.py\/index\/?post_type=product&#038;p=52903"},"modified":"2026-02-12T16:43:37","modified_gmt":"2026-02-12T16:43:37","slug":"perfume-joop-pour-homme-edt-125ml","status":"publish","type":"product","link":"https:\/\/brandss.com.py\/index\/producto\/perfume-joop-pour-homme-edt-125ml\/","title":{"rendered":"PERFUME MASCULINO JOOP! POUR HOMME EDT 125ML"},"content":{"rendered":"<p><img loading=\"lazy\" decoding=\"async\" class=\"\" src=\"https:\/\/cdn.freebiesupply.com\/logos\/large\/2x\/joop-1-logo-png-transparent.png\" alt=\"Joop! Logo PNG Transparent &amp; SVG Vector - Freebie Supply\" width=\"84\" height=\"84\" \/><\/p>\n<h3 class=\"text-uppercase\">POUR HOMME EDT<\/h3>\n<p>JOOP! Homme Eau de Toilette es una fragancia masculina amaderada floral que celebra la individualidad y la sensualidad masculina. Ideal para un hombre al que le gusta mostrar su individualidad moderna. La atrevida botella fucsia marca tendencias y en su interior contiene una fragancia muy original y de estilo \u00fanico.<\/p>\n<p>JOOP! ROJO es un perfume que pertenece a la familia olfativa del \u00e1mbar, ideal para hombres que buscan una fragancia intensa y duradera. Con una concentraci\u00f3n de Eau de Toilette, este perfume es perfecto para ocasiones especiales durante el oto\u00f1o e invierno.<\/p>\n<p>Su aroma c\u00e1lido y envolvente lo convierte en la elecci\u00f3n perfecta para hombres seguros de s\u00ed mismos y con un estilo \u00fanico. Las notas amaderadas y especiadas lo hacen irresistible y seductor, dejando una estela inolvidable a su paso.<\/p>\n<p>Este perfume es una declaraci\u00f3n de personalidad y elegancia, ideal para hombres que buscan destacar en cualquier situaci\u00f3n. Su versatilidad lo convierte en una opci\u00f3n acertada tanto para el d\u00eda a d\u00eda como para eventos especiales.<\/p>\n<p>Recomendamos para aquellos hombres que desean dejar una impresi\u00f3n duradera y sofisticada. Su aroma intenso y envolvente lo convierte en el complemento perfecto para cualquier ocasi\u00f3n durante el oto\u00f1o e invierno.<img decoding=\"async\" class=\"alignleft\" src=\"https:\/\/a-static.mlcdn.com.br\/800x560\/joop-rojo-men-125ml-perfume\/deteperfumaria\/45869352\/a7488bcb19cb6b2f594332c6a6d16d94.jpeg\" \/><\/p>\n<p>Si buscas un perfume que te haga destacar y te haga sentir seguro de ti mismo, es la elecci\u00f3n perfecta. Su aroma \u00fanico y envolvente te acompa\u00f1ar\u00e1 a lo largo del d\u00eda, dejando una estela inolvidable a tu paso.<\/p>\n<p>No dudes en probarsi buscas una fragancia que te haga sentir \u00fanico y especial. Su combinaci\u00f3n de notas amaderadas y especiadas lo convierten en un perfume irresistible y seductor, ideal para hombres con un estilo propio y sofisticado.<\/p>\n<p>En resumen, es el perfume perfecto para hombres que buscan destacar y dejar una impresi\u00f3n duradera. Su aroma intenso y envolvente lo convierte en la elecci\u00f3n ideal para el oto\u00f1o e invierno, asegurando que te sientas seguro y elegante en cualquier ocasi\u00f3n. \u00a1No dudes en probarlo y descubrir su magia!<\/p>\n<h3><\/h3>\n<h3>NOTAS OLFATIVAS<\/h3>\n<p>&nbsp;<\/p>\n<p>Joop! Homme de Joop! es una fragancia de la familia olfativa Oriental Foug\u00e8re para Hombres. Joop! Homme se lanz\u00f3 en 1989. La Nariz detr\u00e1s de esta fragrancia es Michel Almairac.<\/p>\n<p><strong>Las notas de salida son:<\/strong> flor de azahar del naranjo, mandarina, bergamota y lim\u00f3n de Amalfi (lima de Amalfi).<\/p>\n<p><strong>Las notas de coraz\u00f3n son:<\/strong> jazm\u00edn, heliotropo, lirio de los valles (muguete), cardamomo y canela.<\/p>\n<p><strong>Las notas de fondo son:<\/strong> s\u00e1ndalo, haba tonka, pachul\u00ed y vainilla.<\/p>\n","protected":false},"excerpt":{"rendered":"<p>POUR HOMME EDT JOOP! Homme Eau de Toilette es una fragancia masculina amaderada floral que celebra la individualidad y la<\/p>\n","protected":false},"featured_media":52904,"comment_status":"open","ping_status":"closed","template":"","meta":{"nf_dc_page":""},"product_brand":[1701],"product_cat":[84],"product_tag":[1702],"class_list":{"0":"post-52903","1":"product","2":"type-product","3":"status-publish","4":"has-post-thumbnail","6":"product_brand-joop","7":"product_cat-perfumeria","8":"product_tag-1702","10":"first","11":"instock","12":"shipping-taxable","13":"purchasable","14":"product-type-simple"},"_links":{"self":[{"href":"https:\/\/brandss.com.py\/index\/wp-json\/wp\/v2\/product\/52903","targetHints":{"allow":["GET"]}}],"collection":[{"href":"https:\/\/brandss.com.py\/index\/wp-json\/wp\/v2\/product"}],"about":[{"href":"https:\/\/brandss.com.py\/index\/wp-json\/wp\/v2\/types\/product"}],"replies":[{"embeddable":true,"href":"https:\/\/brandss.com.py\/index\/wp-json\/wp\/v2\/comments?post=52903"}],"version-history":[{"count":3,"href":"https:\/\/brandss.com.py\/index\/wp-json\/wp\/v2\/product\/52903\/revisions"}],"predecessor-version":[{"id":94783,"href":"https:\/\/brandss.com.py\/index\/wp-json\/wp\/v2\/product\/52903\/revisions\/94783"}],"wp:featuredmedia":[{"embeddable":true,"href":"https:\/\/brandss.com.py\/index\/wp-json\/wp\/v2\/media\/52904"}],"wp:attachment":[{"href":"https:\/\/brandss.com.py\/index\/wp-json\/wp\/v2\/media?parent=52903"}],"wp:term":[{"taxonomy":"product_brand","embeddable":true,"href":"https:\/\/brandss.com.py\/index\/wp-json\/wp\/v2\/product_brand?post=52903"},{"taxonomy":"product_cat","embeddable":true,"href":"https:\/\/brandss.com.py\/index\/wp-json\/wp\/v2\/product_cat?post=52903"},{"taxonomy":"product_tag","embeddable":true,"href":"https:\/\/brandss.com.py\/index\/wp-json\/wp\/v2\/product_tag?post=52903"}],"curies":[{"name":"wp","href":"https:\/\/api.w.org\/{rel}","templated":true}]}}