{"id":52912,"date":"2024-06-22T17:54:14","date_gmt":"2024-06-22T17:54:14","guid":{"rendered":"https:\/\/brandss.com.py\/index\/?post_type=product&#038;p=52912"},"modified":"2026-03-19T16:30:32","modified_gmt":"2026-03-19T16:30:32","slug":"perfume-narciso-rodriguez-for-her-edp-100ml","status":"publish","type":"product","link":"https:\/\/brandss.com.py\/index\/producto\/perfume-narciso-rodriguez-for-her-edp-100ml\/","title":{"rendered":"PERFUME FEMENINO NARCISO RODRIGUEZ FOR HER EDP 100ML"},"content":{"rendered":"<p><img loading=\"lazy\" decoding=\"async\" class=\"\" src=\"https:\/\/www.pulseofperfumery.com\/media\/narcisco.png\" alt=\"Narciso Rodriguez Perfume | For Her &amp; For Him | Pulse Of Perfumery\" width=\"202\" height=\"125\" \/><\/p>\n<h1>FOR HER EDP<\/h1>\n<p><em>for her\u00a0<\/em>eau de parfum presenta una sensualidad m\u00e1s intensa y profunda que la original\u00a0<em>for her<\/em>\u00a0eau de toilette. En este segundo cap\u00edtulo de la historia de\u00a0<em>for her<\/em>, la alquimia \u00fanica de<em>\u00a0for her\u00a0<\/em>se reinterpreta en una nueva y exquisita composici\u00f3n que expresa la belleza interior de la mujer\u00a0<em>for her<\/em>.<img loading=\"lazy\" decoding=\"async\" class=\"alignright\" src=\"https:\/\/i0.wp.com\/farina.com.bo\/wp-content\/uploads\/2021\/02\/narciso-rodriguez-her-edp-art.jpg?fit=1000%2C1000&amp;ssl=1\" width=\"396\" height=\"396\" \/><\/p>\n<p>En\u00a0<em>for her<\/em>\u00a0eau de parfum para mujer, el ic\u00f3nico almizcle de narciso rodriguez permanece en el coraz\u00f3n de la fragancia y se transforma sobre la piel para reflejar y revelar la naturaleza \u00fanica de su portadora. El caracter\u00edstico acorde de almizcle enfatiza su sensualidad gracias a una trama de notas florales rosas con toques de rosa y pulpa de melocot\u00f3n, subrayadas por un suave \u00e1mbar y pachuli.<\/p>\n<p>Esta sinfon\u00eda de notas florales y el delicado velo de \u00e1mbar y maderas complementa el sublime coraz\u00f3n de almizcle y aporta misterio y profundidad a la composici\u00f3n para crear una fragancia duradera y sofisticada que obnubila los sentidos.<\/p>\n<p>Nacida de la sencillez y la esencialidad:guiada por la feminidad y la elegancia, por su l\u00ecnea el regalo de Narciso Rodriguez a la mujer y un homenaje a su belleza interior.<\/p>\n<p><span class=\"s1\"><span>Narciso Rodr\u00edguez es uno de los dise\u00f1adores estadounidenses m\u00e1s destacados de nuestro tiempo.\u00a0\u00a0<\/span><i><span>for her<\/span><\/i><span>\u00a0, la primera fragancia de Rodr\u00edguez, se inspir\u00f3 en un raro aceite de almizcle y se cre\u00f3 como un homenaje a las mujeres.<img decoding=\"async\" class=\"aligncenter\" src=\"https:\/\/content.syndigo.com\/asset\/d00469ca-bfb5-4333-95c2-b40009063637\/480.jpg\" \/><\/span><\/span><\/p>\n<p class=\"p1\"><span class=\"s1\"><span>La primera versi\u00f3n de For Her Eau de Parfum se lanz\u00f3 en 2006 en una botella rosa y una caja negra, despu\u00e9s de la versi\u00f3n EDT original de 2004 creada por los perfumistas Christine Nagel y Francis Kurkdjian.<\/span><\/span><\/p>\n<p class=\"p1\"><span class=\"s1\"><span>La colecci\u00f3n de fragancias Narciso Rodriguez For Her es una profunda declaraci\u00f3n sobre la sensualidad y la belleza. Esta l\u00ednea de fragancias tiene una intensidad duradera, \u00edntima y sensual; es adictivo.<\/span><\/span><\/p>\n<p class=\"p1\"><span class=\"s1\"><span>For Her es una fragancia floral amaderada y almizcle para mujer.<\/span><\/span><\/p>\n<p class=\"p1\"><span class=\"s1\"><span>Descubra una sofisticaci\u00f3n que captura la esencia de la feminidad y encarna la verdadera gracia digna. Experimenta una poderosa sensualidad que suaviza. Un lujo que perdura. Una intimidad que embriaga.<\/span><\/span><\/p>\n<p class=\"p1\"><span class=\"s1\"><span>Narciso Rodriguez For Her Eau de Parfum 100ml: el aroma simplemente seductor que envuelve el cuerpo y excita los sentidos. El almizcle permanece en el coraz\u00f3n de Her Eau de Parfum, realzado por un raro tejido floral rosado con toques de rosa, pulpa de melocot\u00f3n y \u00e1mbar suave.<\/span><\/span><\/p>\n<p>&nbsp;<\/p>\n<h3>NOTAS OLFATIVAS<\/h3>\n<p>&nbsp;<\/p>\n<div class=\"trix-content\">\n<div>Es una fragancia de la familia olfativa Almizcle Floral.<\/div>\n<\/div>\n<p class=\"mb-3 sc-description\"><img loading=\"lazy\" decoding=\"async\" class=\"alignleft\" src=\"https:\/\/www.narcisorodriguezparfums.com\/dw\/image\/v2\/BCMQ_PRD\/on\/demandware.static\/-\/Library-Sites-narcisorodriguez-shared-library\/default\/dwd5f6cc38\/collection\/for-her\/Ingredient-for-her-edp.jpg\" width=\"512\" height=\"288\" \/><\/p>\n<div class=\"trix-content\">\n<div>Una fragancia indescriptible, que realza la belleza, sensualidad, y encanto femenino, pero sobre todo, su poder inspirador. Un perfume caracterizado por su ingrediente principal, el almizcle, combinado con notas de vainilla, flor de naranjo, flor de miel, vetiver, melocot\u00f3n, maderas Tactile y \u00e1mbar. Elegancia, modernidad, y glamour envueltos en seda salvaje..<\/div>\n<div>\n<ul class=\"ul1\">\n<li class=\"li2\"><span class=\"s1\"><span><strong>Notas de salida:<\/strong> rosa, melocot\u00f3n y almizcle.<\/span><\/span><\/li>\n<li class=\"li2\"><span class=\"s1\"><span><strong>Notas de coraz\u00f3n:<\/strong> flor de naranjo y osmanto.<\/span><\/span><\/li>\n<li class=\"li2\"><span class=\"s1\"><span><strong>Notas de fondo:<\/strong> vetiver, \u00e1mbar y vainilla.<\/span><\/span><\/li>\n<\/ul>\n<\/div>\n<\/div>\n","protected":false},"excerpt":{"rendered":"<p>FOR HER EDP for her\u00a0eau de parfum presenta una sensualidad m\u00e1s intensa y profunda que la original\u00a0for her\u00a0eau de toilette.<\/p>\n","protected":false},"featured_media":52913,"comment_status":"open","ping_status":"closed","template":"","meta":{"nf_dc_page":""},"product_brand":[1703],"product_cat":[84],"product_tag":[1704],"class_list":{"0":"post-52912","1":"product","2":"type-product","3":"status-publish","4":"has-post-thumbnail","6":"product_brand-narciso-rodriguez","7":"product_cat-perfumeria","8":"product_tag-1704","10":"first","11":"instock","12":"sale","13":"shipping-taxable","14":"purchasable","15":"product-type-simple"},"_links":{"self":[{"href":"https:\/\/brandss.com.py\/index\/wp-json\/wp\/v2\/product\/52912","targetHints":{"allow":["GET"]}}],"collection":[{"href":"https:\/\/brandss.com.py\/index\/wp-json\/wp\/v2\/product"}],"about":[{"href":"https:\/\/brandss.com.py\/index\/wp-json\/wp\/v2\/types\/product"}],"replies":[{"embeddable":true,"href":"https:\/\/brandss.com.py\/index\/wp-json\/wp\/v2\/comments?post=52912"}],"version-history":[{"count":2,"href":"https:\/\/brandss.com.py\/index\/wp-json\/wp\/v2\/product\/52912\/revisions"}],"predecessor-version":[{"id":61609,"href":"https:\/\/brandss.com.py\/index\/wp-json\/wp\/v2\/product\/52912\/revisions\/61609"}],"wp:featuredmedia":[{"embeddable":true,"href":"https:\/\/brandss.com.py\/index\/wp-json\/wp\/v2\/media\/52913"}],"wp:attachment":[{"href":"https:\/\/brandss.com.py\/index\/wp-json\/wp\/v2\/media?parent=52912"}],"wp:term":[{"taxonomy":"product_brand","embeddable":true,"href":"https:\/\/brandss.com.py\/index\/wp-json\/wp\/v2\/product_brand?post=52912"},{"taxonomy":"product_cat","embeddable":true,"href":"https:\/\/brandss.com.py\/index\/wp-json\/wp\/v2\/product_cat?post=52912"},{"taxonomy":"product_tag","embeddable":true,"href":"https:\/\/brandss.com.py\/index\/wp-json\/wp\/v2\/product_tag?post=52912"}],"curies":[{"name":"wp","href":"https:\/\/api.w.org\/{rel}","templated":true}]}}