{"id":52940,"date":"2024-06-24T14:31:08","date_gmt":"2024-06-24T14:31:08","guid":{"rendered":"https:\/\/brandss.com.py\/index\/?post_type=product&#038;p=52940"},"modified":"2026-01-15T11:19:42","modified_gmt":"2026-01-15T11:19:42","slug":"perfume-dolce-gabbana-pour-homme-edt-125ml","status":"publish","type":"product","link":"https:\/\/brandss.com.py\/index\/producto\/perfume-dolce-gabbana-pour-homme-edt-125ml\/","title":{"rendered":"PERFUME MASCULINO DOLCE &amp; GABBANA POUR HOMME EDT 125ML"},"content":{"rendered":"<h3><img loading=\"lazy\" decoding=\"async\" class=\"\" src=\"https:\/\/cdn.shopify.com\/s\/files\/1\/0558\/6413\/1764\/files\/Rewrite_Dolce_Gabbana_Logo_Design_History_Evolution_1_1024x1024.jpg?v=1694708982\" alt=\"D&amp;G Dolce E Gabbana Logo Editorial Stock Photo Illustration Of Available,  Fashion: 119869808 | Font Dolce E Gabbana | sincovaga.com.br\" width=\"159\" height=\"106\" \/><\/h3>\n<h3 class=\"text-uppercase\">POUR HOMME EDT<\/h3>\n<p>Es una fragancia dedicada a la elegancia y el estilo del hombre italiano.<br \/>\nUn retrato olfativo capaz de proyectar en el imaginario colectivo el poder ic\u00f3nico de una atracci\u00f3n sexual y una ternura irresistibles.<br \/>\nLa fragancia se abre con notas de nerol\u00ed y toques c\u00edtricos de mandarina y bergamota.<img decoding=\"async\" class=\"alignright\" src=\"https:\/\/http2.mlstatic.com\/D_902828-MLA52684774641_122022-O.jpg\" \/><br \/>\nEn el coraz\u00f3n, la lavanda, como una brisa mediterr\u00e1nea, evoca el aroma a ropa reci\u00e9n lavada por la madre y la esencia cl\u00e1sica del padre.<br \/>\nUn toque de tabaco y haba tonka estructura las notas de fondo amaderadas.<\/p>\n<p>La fragancia cl\u00e1sica creada por\u00a0<b>Dolce &amp; Gabbana<\/b>\u00a0para hombre revela una elegancia atemporal y un estilo marcadamente italiano. El aroma de Dolce &amp;\u00a0<b>Gabbana pour Homme Eau de Toilette<\/b>, nos transporta al sur de Italia, en la costa del mar Mediterr\u00e1neo en un sensual atractivo.<\/p>\n<blockquote>\n<p class=\"text-center\">\u00a1Elegancia y sensualidad!<\/p>\n<\/blockquote>\n<p>Las notas de esta fragancia nos recuerdan el sur de Italia con aromas c\u00edtricos de bergamota y mandarina combinados con neroli y flores de lavanda. El toque final lo dan la pimienta y el haba tonka. \u00a1Irresistiblemente italiano!<\/p>\n<h3><\/h3>\n<h3>NOTAS OLFATIVAS<\/h3>\n<p>&nbsp;<\/p>\n<p>Dolce&amp;Gabbana Pour Homme\u00a0 de\u00a0Dolce&amp;Gabbana\u00a0es una fragancia Arom\u00e1tica Fougere para hombres.\u00a0Dolce&amp;Gabbana Pour Homme se lanz\u00f3 en 2012.<\/p>\n<div align=\"justify\"><b>FAMILIA OLFATIVA:<\/b>\u00a0Fou<img loading=\"lazy\" decoding=\"async\" class=\"alignleft\" src=\"https:\/\/i0.wp.com\/farina.com.bo\/wp-content\/uploads\/2020\/03\/dolce-gabbana-pour-homme-EDT-arte.jpg?fit=740%2C1000&amp;ssl=1\" width=\"365\" height=\"493\" \/>g\u00e8re arom\u00e1tica<\/div>\n<p>Comienza con acordes frescos de aceite de flores de naranjo con un toque c\u00edtrico m\u00e1s masculino de mandarina y bergamota. El coraz\u00f3n de este perfume se encuentra en La lavanda que da una sensaci\u00f3n a una brisa fresca, por lo tanto podemos decir, que es la esencia de esta mezcla. A ella se le a\u00f1aden algunos destellos de salvia, una exquisita planta que combinado con la pimienta le brindan a este perfume la base que lo hace extraordinario.<\/p>\n<p>Para darle el toque m\u00e1gico esta obra de arte le es a\u00f1adida una base de haba tonka, \u00e9sta da un toque original a esta fragancia; todo esto, m\u00e1s la base de tabaco y cedro hacen de este perfume algo \u00fanico con un esencia muy varonil y seductora.<\/p>\n<div align=\"justify\"><b>NOTAS DE LA FRAGANCIA:<\/b><\/div>\n<div align=\"justify\"><\/div>\n<div align=\"justify\"><b>Notas de Salida:<\/b>\u00a0Bergamota, mandarina, nerol\u00ed<\/div>\n<div align=\"justify\"><\/div>\n<div align=\"justify\"><b>Notas de Coraz\u00f3n:<\/b>\u00a0Salvia, lavanda, pimienta<\/div>\n<div align=\"justify\"><\/div>\n<div align=\"justify\"><b>Notas de Fondo:<\/b>\u00a0Haba tonka, madera de cedro, tabaco<\/div>\n<p>&nbsp;<\/p>\n","protected":false},"excerpt":{"rendered":"<p>POUR HOMME EDT Es una fragancia dedicada a la elegancia y el estilo del hombre italiano. Un retrato olfativo capaz<\/p>\n","protected":false},"featured_media":52941,"comment_status":"open","ping_status":"closed","template":"","meta":{"nf_dc_page":""},"product_brand":[125],"product_cat":[84],"product_tag":[849],"class_list":{"0":"post-52940","1":"product","2":"type-product","3":"status-publish","4":"has-post-thumbnail","6":"product_brand-dolce-gabbana","7":"product_cat-perfumeria","8":"product_tag-849","10":"first","11":"instock","12":"sale","13":"shipping-taxable","14":"purchasable","15":"product-type-simple"},"_links":{"self":[{"href":"https:\/\/brandss.com.py\/index\/wp-json\/wp\/v2\/product\/52940","targetHints":{"allow":["GET"]}}],"collection":[{"href":"https:\/\/brandss.com.py\/index\/wp-json\/wp\/v2\/product"}],"about":[{"href":"https:\/\/brandss.com.py\/index\/wp-json\/wp\/v2\/types\/product"}],"replies":[{"embeddable":true,"href":"https:\/\/brandss.com.py\/index\/wp-json\/wp\/v2\/comments?post=52940"}],"version-history":[{"count":2,"href":"https:\/\/brandss.com.py\/index\/wp-json\/wp\/v2\/product\/52940\/revisions"}],"predecessor-version":[{"id":61214,"href":"https:\/\/brandss.com.py\/index\/wp-json\/wp\/v2\/product\/52940\/revisions\/61214"}],"wp:featuredmedia":[{"embeddable":true,"href":"https:\/\/brandss.com.py\/index\/wp-json\/wp\/v2\/media\/52941"}],"wp:attachment":[{"href":"https:\/\/brandss.com.py\/index\/wp-json\/wp\/v2\/media?parent=52940"}],"wp:term":[{"taxonomy":"product_brand","embeddable":true,"href":"https:\/\/brandss.com.py\/index\/wp-json\/wp\/v2\/product_brand?post=52940"},{"taxonomy":"product_cat","embeddable":true,"href":"https:\/\/brandss.com.py\/index\/wp-json\/wp\/v2\/product_cat?post=52940"},{"taxonomy":"product_tag","embeddable":true,"href":"https:\/\/brandss.com.py\/index\/wp-json\/wp\/v2\/product_tag?post=52940"}],"curies":[{"name":"wp","href":"https:\/\/api.w.org\/{rel}","templated":true}]}}