{"id":52971,"date":"2024-06-24T18:39:39","date_gmt":"2024-06-24T18:39:39","guid":{"rendered":"https:\/\/brandss.com.py\/index\/?post_type=product&#038;p=52971"},"modified":"2026-03-14T11:34:36","modified_gmt":"2026-03-14T11:34:36","slug":"perfume-giorgio-armani-my-way-edp-90ml","status":"publish","type":"product","link":"https:\/\/brandss.com.py\/index\/producto\/perfume-giorgio-armani-my-way-edp-90ml\/","title":{"rendered":"PERFUME FEMENINO GIORGIO ARMANI MY WAY EDP 90ML"},"content":{"rendered":"<p><img loading=\"lazy\" decoding=\"async\" class=\"\" src=\"https:\/\/1000logos.net\/wp-content\/uploads\/2021\/05\/Giorgio-Armani-logo.png\" alt=\"Giorgio Armani Logo and symbol, meaning, history, PNG, brand\" width=\"140\" height=\"79\" \/><\/p>\n<h3 class=\"text-uppercase\">MY WAY EDP<\/h3>\n<p><span>El elegante eau de parfum es una invitaci\u00f3n a ampliar tus horizontes y vivir encuentros significativos en todo el mundo. Un ramo floral blanco brillante est\u00e1 encapsulado en una botella talism\u00e1n, una met\u00e1fora del mundo.<\/span><\/p>\n<p>&nbsp;<\/p>\n<p><span>My Way Eau de Parfum es el aroma de descubrimientos y conexiones para una mujer de mente abierta, curiosa y aut\u00e9ntica, dispuesta a ampliar sus horizontes y vivir encuentros significativos en todo el mundo.<img loading=\"lazy\" decoding=\"async\" class=\"alignright\" src=\"https:\/\/www.giorgioarmanibeauty-usa.com\/dw\/image\/v2\/AANG_PRD\/on\/demandware.static\/-\/Sites-gab-master-catalog\/default\/dw0739dce2\/products\/SYDNEY-alt-image-my-way-EDP.jpg?sw=1082&amp;sh=1082&amp;sm=cut&amp;sfrm=jpg&amp;q=85\" width=\"534\" height=\"534\" \/><\/span><\/p>\n<p>&nbsp;<\/p>\n<p><span>Esta fragancia floral para ella es un encuentro de ingredientes obtenidos conscientemente. La bergamota se encuentra con la flor de naranjo de Egipto en un comienzo luminoso y chispeante. Un ramo floral amplificado y brillante de nardos y jazm\u00edn de la India es el coraz\u00f3n palpitante de esta fascinante fragancia. Finalmente, una vibrante madera de cedro de Virginia se encuentra con una sensual vainilla de Madagascar y reconfortantes almizcles blancos para firmar la composici\u00f3n.<\/span><\/p>\n<p>para una mujer de esp\u00edritu aventurero, curiosa y aut\u00e9ntica, que aspira a ampliar sus horizontes y vivir encuentros significativos alrededor del mundo. La fragancia simboliza los encuentros olfativos alrededor del mundo: La bergamota de Italia se encuentra con la flor de naranjo de Egipto en una salida brillante y luminosa. En el coraz\u00f3n, la tuberosa se encuentra con el jazm\u00edn, ambos de la India, para firmar este radiante bouquet de flores blancas que aporta generosidad y armon\u00eda. El encuentro final de madera de cedro de Virginia con la c\u00e1lida vainilla de Madagascar y almizcles blancos otorgan el perfecto fondo envolvente. Un perfume de flores amaderado creado con ingredientes de distintas partes del mundo y de manera solidaria.<\/p>\n<p>El frasco encapsula el conjunto de experiencias que te hacen ser como eres; es el talism\u00e1n que siempre te acompa\u00f1a y captura los recuerdos vividos. El tap\u00f3n azul es una met\u00e1fora del mundo que nos une a todos; abrazado por un anillo dorado con la firma de Giorgio Armani, que no solo le confiere ese aspecto de joya a nuestro talism\u00e1n, sino que simboliza el camino que cada mujer va tomando en su vida. Un perfume con un prop\u00f3sito: Desde los ingredientes de origen consciente hasta su frasco recargable en todos los formatos. Un compromiso responsable para luchar contra el cambio clim\u00e1tico.<\/p>\n<h3>NOTAS OLFATIVAS<\/h3>\n<p>El Perfume My Way Giorgio Armani consciente en una mezcla de notas amaderadas y florales. La bergamota se encuentra con la flor de naranja egipcia en un comienzo chispeante amplificado por el nardo y el jazm\u00edn de la India. En la base, almizcle blanco y cedro virgen se combinan con vainilla de Madagascar<img loading=\"lazy\" decoding=\"async\" class=\"alignright\" src=\"https:\/\/www.fuschia.com.py\/public\/562fb599c4227be7e7803400d8b8c6e0.jpg\" width=\"643\" height=\"643\" \/><\/p>\n<p><span>\u00a0Una fragancia femenina que combina ingredientes obtenidos conscientemente de todo el mundo en una mezcla de notas amaderadas y florales.<\/span><br \/>\n<span>\u2022 La bergamota se encuentra con la flor de naranjo de Egipto en un comienzo luminoso y chispeante, con un ramo floral amplificado y brillante de nardo y jazm\u00edn de la India como coraz\u00f3n palpitante.<\/span><br \/>\n<span>\u2022 Finalmente, una vibrante madera de cedro de Virginia se combina con una cremosa vainilla de Madagascar y almizcles blancos para firmar la composici\u00f3n.<\/span><br \/>\n<span>\u2022 Creado para la mujer aut\u00e9ntica, curiosa y de mente abierta que est\u00e1 dispuesta a ampliar sus horizontes.<\/span><br \/>\n<span>\u2022 La elegante fragancia obtiene tres ingredientes clave de todo el mundo: la flor de naranjo extra\u00edda de frutos de naranja amarga recolectados a mano en Egipto; la flor del nardo indio obtenida y recolectada a mano cerca de Mysore, India; y vainilla obtenida a trav\u00e9s de un programa responsable dise\u00f1ado para apoyar a las comunidades locales en Madagascar.<\/span><\/p>\n<p><span>Familia de fragancias: Floral<\/span><\/p>\n<div class=\"c-content-tile__image c-content-tile__section\"><img loading=\"lazy\" decoding=\"async\" class=\" ls-is-cached m-lazyloaded\" src=\"https:\/\/www.giorgioarmanibeauty-usa.com\/dw\/image\/v2\/AANG_PRD\/on\/demandware.static\/-\/Sites-armani-us-Library\/default\/dw93e50b15\/images\/pdp\/ww-00343-arm\/top-note-v3.jpg?sw=362&amp;sh=202&amp;sm=cut&amp;sfrm=jpg&amp;q=85\" alt=\"Azahar, nardo y jazm\u00edn sobre fondo rosa\" width=\"362\" height=\"202\" data-src=\"https:\/\/www.giorgioarmanibeauty-usa.com\/dw\/image\/v2\/AANG_PRD\/on\/demandware.static\/-\/Sites-armani-us-Library\/default\/dw93e50b15\/images\/pdp\/ww-00343-arm\/top-note-v3.jpg?sw=362&amp;sh=202&amp;sm=cut&amp;sfrm=jpg&amp;q=85\" \/><\/div>\n<div class=\"c-content-tile__content  c-content-tile__section\">\n<h3 class=\"c-content-tile__title\"><span>NOTA DE SALIDA<\/span><\/h3>\n<div class=\"c-content-tile__description \"><span>BERGAMOTA DE CALABRIA Y FLOR DE NARANJO DE EGIPTO.<\/span><\/p>\n<p><span>El comienzo chispeante de la fragancia. La nota de flor de naranjo, extra\u00edda de frutos de naranja amarga recolectados a mano en Egipto, se crea mediante un proceso de extracci\u00f3n de effleurage totalmente natural.<\/span><\/div>\n<div>\n<div class=\"c-content-tile__image c-content-tile__section\"><img loading=\"lazy\" decoding=\"async\" class=\" ls-is-cached m-lazyloaded\" src=\"https:\/\/www.giorgioarmanibeauty-usa.com\/dw\/image\/v2\/AANG_PRD\/on\/demandware.static\/-\/Sites-armani-us-Library\/default\/dwec6a6ebd\/images\/pdp\/ww-00343-arm\/heart-note-v3.jpg?sw=362&amp;sh=202&amp;sm=cut&amp;sfrm=jpg&amp;q=85\" alt=\"\" width=\"362\" height=\"202\" data-src=\"https:\/\/www.giorgioarmanibeauty-usa.com\/dw\/image\/v2\/AANG_PRD\/on\/demandware.static\/-\/Sites-armani-us-Library\/default\/dwec6a6ebd\/images\/pdp\/ww-00343-arm\/heart-note-v3.jpg?sw=362&amp;sh=202&amp;sm=cut&amp;sfrm=jpg&amp;q=85\" \/><\/div>\n<div class=\"c-content-tile__content  c-content-tile__section\">\n<h3 class=\"c-content-tile__title\"><span>NOTA DE CORAZ\u00d3N<\/span><\/h3>\n<div class=\"c-content-tile__description \"><span>TUBEROSA Y JAZM\u00cdN DE LA INDIA<\/span><\/p>\n<p><span>El brillante coraz\u00f3n floral de la fragancia es una interpretaci\u00f3n contempor\u00e1nea de flores ic\u00f3nicas. La flor del nardo indio se obtiene y se cosecha a mano cerca de Mysore, India, en el estado de Karnataka.<\/span><\/div>\n<div>\n<div class=\"c-content-tile__image c-content-tile__section\"><img loading=\"lazy\" decoding=\"async\" class=\" ls-is-cached m-lazyloaded\" src=\"https:\/\/www.giorgioarmanibeauty-usa.com\/dw\/image\/v2\/AANG_PRD\/on\/demandware.static\/-\/Sites-armani-us-Library\/default\/dwbc5f2759\/images\/pdp\/ww-00343-arm\/base-note-v3.jpg?sw=362&amp;sh=202&amp;sm=cut&amp;sfrm=jpg&amp;q=85\" alt=\"\" width=\"362\" height=\"202\" data-src=\"https:\/\/www.giorgioarmanibeauty-usa.com\/dw\/image\/v2\/AANG_PRD\/on\/demandware.static\/-\/Sites-armani-us-Library\/default\/dwbc5f2759\/images\/pdp\/ww-00343-arm\/base-note-v3.jpg?sw=362&amp;sh=202&amp;sm=cut&amp;sfrm=jpg&amp;q=85\" \/><\/div>\n<div class=\"c-content-tile__content  c-content-tile__section\">\n<h3 class=\"c-content-tile__title\"><span>NOTA DE FONDO<\/span><\/h3>\n<div class=\"c-content-tile__description \"><span>MADERA DE CEDRO DE VIRGINIA, VAINILLA DE MADAGASCAR Y ALMIZCLE BLANCO<\/span><\/p>\n<p><span>La base vibrante y envolvente de la composici\u00f3n. La vainilla se obtiene a trav\u00e9s de un programa sostenible y responsable dise\u00f1ado para apoyar a las comunidades locales de Madagascar.<\/span><\/div>\n<\/div>\n<\/div>\n<\/div>\n<\/div>\n<\/div>\n","protected":false},"excerpt":{"rendered":"<p>MY WAY EDP El elegante eau de parfum es una invitaci\u00f3n a ampliar tus horizontes y vivir encuentros significativos en<\/p>\n","protected":false},"featured_media":52972,"comment_status":"open","ping_status":"closed","template":"","meta":{"nf_dc_page":""},"product_brand":[1687],"product_cat":[84],"product_tag":[1705],"class_list":{"0":"post-52971","1":"product","2":"type-product","3":"status-publish","4":"has-post-thumbnail","6":"product_brand-giorgio-armani","7":"product_cat-perfumeria","8":"product_tag-1705","10":"first","11":"outofstock","12":"shipping-taxable","13":"purchasable","14":"product-type-simple"},"_links":{"self":[{"href":"https:\/\/brandss.com.py\/index\/wp-json\/wp\/v2\/product\/52971","targetHints":{"allow":["GET"]}}],"collection":[{"href":"https:\/\/brandss.com.py\/index\/wp-json\/wp\/v2\/product"}],"about":[{"href":"https:\/\/brandss.com.py\/index\/wp-json\/wp\/v2\/types\/product"}],"replies":[{"embeddable":true,"href":"https:\/\/brandss.com.py\/index\/wp-json\/wp\/v2\/comments?post=52971"}],"version-history":[{"count":2,"href":"https:\/\/brandss.com.py\/index\/wp-json\/wp\/v2\/product\/52971\/revisions"}],"predecessor-version":[{"id":61610,"href":"https:\/\/brandss.com.py\/index\/wp-json\/wp\/v2\/product\/52971\/revisions\/61610"}],"wp:featuredmedia":[{"embeddable":true,"href":"https:\/\/brandss.com.py\/index\/wp-json\/wp\/v2\/media\/52972"}],"wp:attachment":[{"href":"https:\/\/brandss.com.py\/index\/wp-json\/wp\/v2\/media?parent=52971"}],"wp:term":[{"taxonomy":"product_brand","embeddable":true,"href":"https:\/\/brandss.com.py\/index\/wp-json\/wp\/v2\/product_brand?post=52971"},{"taxonomy":"product_cat","embeddable":true,"href":"https:\/\/brandss.com.py\/index\/wp-json\/wp\/v2\/product_cat?post=52971"},{"taxonomy":"product_tag","embeddable":true,"href":"https:\/\/brandss.com.py\/index\/wp-json\/wp\/v2\/product_tag?post=52971"}],"curies":[{"name":"wp","href":"https:\/\/api.w.org\/{rel}","templated":true}]}}