{"id":53014,"date":"2024-06-25T14:43:09","date_gmt":"2024-06-25T14:43:09","guid":{"rendered":"https:\/\/brandss.com.py\/index\/?post_type=product&#038;p=53014"},"modified":"2026-04-07T13:15:55","modified_gmt":"2026-04-07T13:15:55","slug":"perfume-diesel-fuel-for-life-homme-edt-125ml","status":"publish","type":"product","link":"https:\/\/brandss.com.py\/index\/producto\/perfume-diesel-fuel-for-life-homme-edt-125ml\/","title":{"rendered":"PERFUME MASCULINO DIESEL FUEL FOR LIFE HOMME EDT 125ML"},"content":{"rendered":"<p><img loading=\"lazy\" decoding=\"async\" class=\"\" src=\"https:\/\/i.pinimg.com\/originals\/50\/a5\/63\/50a5636f608af92a133db503a504b3cc.jpg\" alt=\"logo, Diesel, Vector logo\" width=\"112\" height=\"112\" \/><\/p>\n<h1 class=\"text-uppercase\">FUEL FOR LIFE EDT<\/h1>\n<p>\u00bfVives al m\u00e1ximo, adoras el movimiento y la sensaci\u00f3n de libertad? Entonces el eau de toilette para hombre Diesel Fuel for Life Homme es perfecto para ti. Esconde una mezcla de pasi\u00f3n, deseo y emoci\u00f3n y seguramente le entusiasmar\u00e1 a m\u00e1s de una mujer de tu entorno. Es fant\u00e1stico para cualquier ocasi\u00f3n, tanto si sales con un atuendo casual, como si te vistes con chaqueta y camisa.<\/p>\n<p>Se trata de un perfume dirigido a un p\u00fablico joven, chicos vitales y llenos de fuerza, modernos y con un aire desenfadado.<\/p>\n<ul>\n<li>Fragancia arom\u00e1tica con notas dulces y amaderadas<\/li>\n<li>Para hombres modernos que viven al m\u00e1ximo<img loading=\"lazy\" decoding=\"async\" class=\"alignright\" src=\"https:\/\/imagedelivery.net\/4fYuQyy-r8_rpBpcY7lH_A\/falabellaPE\/18304723_4\/w=1500,h=1500,fit=pad\" width=\"404\" height=\"404\" \/><\/li>\n<li>Ideal para llevar durante el d\u00eda y tambi\u00e9n por la noche<\/li>\n<\/ul>\n<p><strong>Composici\u00f3n de la fragancia<\/strong><br \/>\nPrimero sentir\u00e1s el arom\u00e1tico an\u00eds. A continuaci\u00f3n, la fragancia se transforma en unas notas dulces de frambuesa, con un toque inconfundible de lavanda. Las notas de fondo de la fragancia, compuestas por c\u00e1lidas notas amaderadas y verrucaria, se encargan de proporcionar una experiencia sensorial perfecta.<\/p>\n<p><strong>Historia de la fragancia<\/strong><br \/>\nFuel for Life es una fragancia de la conocida marca de moda italiana Diesel, que se hizo famosa sobre todo por su colecci\u00f3n de vaqueros. El propio frasco del eau de toilette, revestido de una tela marr\u00f3n, tambi\u00e9n irradia moda y estilo. La fragancia Diesel Fuel for Life se lanz\u00f3 al mercado en el a\u00f1o 2007.<\/p>\n<p>Fuel for Life, un perfume dirigido a los que quieren sentirse intensamente vivos y vivir su vida con pasi\u00f3n y energ\u00eda. \u00a1Cuando el frescor del vetiver dinamiza la frambuesa, el ritmo card\u00edaco se acelera, la potencia sube, la tensi\u00f3n se crea! Efectos secundarios incontrolables&#8230; \u00a1A utilizar con precauci\u00f3n, use with caution!!<\/p>\n<h3><\/h3>\n<h3>NOTAS OLFATIVAS<\/h3>\n<p>&nbsp;<\/p>\n<p>Es una fragancia de la familia olfativa Foug\u00e8re Arom\u00e1tica.<\/p>\n<p>Su estela, inicia con toronja y an\u00eds estrellado, una salida en la que brilla la sencillez para crear un destello totalmente fresco. Seguidamente, apreciamos un coraz\u00f3n compuesto por lavanda y frambuesa, acentuando as\u00ed una faceta m\u00e1s alegre y jovial, no por ello menos intensa, para finalmente, concluir con notas amaderadas y heliotropo, aromas imprescindibles para el aroma de los Foug\u00e8re.<img loading=\"lazy\" decoding=\"async\" class=\"alignleft\" src=\"https:\/\/oechsle.vteximg.com.br\/arquivos\/ids\/6215022-1500-1500\/2003452_4.jpg?v=637744383267930000\" width=\"535\" height=\"535\" \/><\/p>\n<p>&nbsp;<\/p>\n<p>Fuel for Life Homme de Diesel es una fragancia de la familia olfativa Arom\u00e1tica Foug\u00e8re para Hombres. Fuel for Life Homme se lanz\u00f3 en 2007. Fuel for Life Homme fue creada por Annick Menardo y Jacques Cavallier.<\/p>\n<p>&nbsp;<\/p>\n<p><strong> Las notas de salida son:<\/strong> an\u00eds y toronja (pomelo);<\/p>\n<p><strong>Las notas de coraz\u00f3n son:<\/strong> frambuesa y lavanda;<\/p>\n<p><strong>Las notas de fondo son:<\/strong> notas amaderadas y heliotropo.<\/p>\n","protected":false},"excerpt":{"rendered":"<p>FUEL FOR LIFE EDT \u00bfVives al m\u00e1ximo, adoras el movimiento y la sensaci\u00f3n de libertad? Entonces el eau de toilette<\/p>\n","protected":false},"featured_media":53015,"comment_status":"open","ping_status":"closed","template":"","meta":{"nf_dc_page":""},"product_brand":[1709],"product_cat":[84],"product_tag":[1710],"class_list":{"0":"post-53014","1":"product","2":"type-product","3":"status-publish","4":"has-post-thumbnail","6":"product_brand-diesel","7":"product_cat-perfumeria","8":"product_tag-1710","10":"first","11":"outofstock","12":"shipping-taxable","13":"purchasable","14":"product-type-simple"},"_links":{"self":[{"href":"https:\/\/brandss.com.py\/index\/wp-json\/wp\/v2\/product\/53014","targetHints":{"allow":["GET"]}}],"collection":[{"href":"https:\/\/brandss.com.py\/index\/wp-json\/wp\/v2\/product"}],"about":[{"href":"https:\/\/brandss.com.py\/index\/wp-json\/wp\/v2\/types\/product"}],"replies":[{"embeddable":true,"href":"https:\/\/brandss.com.py\/index\/wp-json\/wp\/v2\/comments?post=53014"}],"version-history":[{"count":2,"href":"https:\/\/brandss.com.py\/index\/wp-json\/wp\/v2\/product\/53014\/revisions"}],"predecessor-version":[{"id":61653,"href":"https:\/\/brandss.com.py\/index\/wp-json\/wp\/v2\/product\/53014\/revisions\/61653"}],"wp:featuredmedia":[{"embeddable":true,"href":"https:\/\/brandss.com.py\/index\/wp-json\/wp\/v2\/media\/53015"}],"wp:attachment":[{"href":"https:\/\/brandss.com.py\/index\/wp-json\/wp\/v2\/media?parent=53014"}],"wp:term":[{"taxonomy":"product_brand","embeddable":true,"href":"https:\/\/brandss.com.py\/index\/wp-json\/wp\/v2\/product_brand?post=53014"},{"taxonomy":"product_cat","embeddable":true,"href":"https:\/\/brandss.com.py\/index\/wp-json\/wp\/v2\/product_cat?post=53014"},{"taxonomy":"product_tag","embeddable":true,"href":"https:\/\/brandss.com.py\/index\/wp-json\/wp\/v2\/product_tag?post=53014"}],"curies":[{"name":"wp","href":"https:\/\/api.w.org\/{rel}","templated":true}]}}