{"id":53034,"date":"2024-06-25T17:32:37","date_gmt":"2024-06-25T17:32:37","guid":{"rendered":"https:\/\/brandss.com.py\/index\/?post_type=product&#038;p=53034"},"modified":"2026-03-11T12:52:35","modified_gmt":"2026-03-11T12:52:35","slug":"perfume-hugo-boss-boss-in-motion-edt-100ml","status":"publish","type":"product","link":"https:\/\/brandss.com.py\/index\/producto\/perfume-hugo-boss-boss-in-motion-edt-100ml\/","title":{"rendered":"PERFUME MASCULINO HUGO BOSS BOSS IN MOTION EDT 100ML"},"content":{"rendered":"<p><img loading=\"lazy\" decoding=\"async\" class=\"\" src=\"https:\/\/logos-world.net\/wp-content\/uploads\/2020\/10\/Hugo-Boss-Logo-1924-2021.png\" alt=\"Hugo Boss Logo, symbol, meaning, history, PNG, brand\" width=\"91\" height=\"51\" \/><\/p>\n<h1 class=\"text-uppercase f12em\">BOSS IN MOTION EDT<\/h1>\n<p>El eau de toilette moderno y din\u00e1mico Boss In Motion de la marca Hugo Boss est\u00e1 literalmente lleno de adrenalina. Est\u00e1 dise\u00f1ado para los hombres que se rigen por su instinto, cambian los l\u00edmites de sus habilidades y ganan en los desaf\u00edos de la vida.<\/p>\n<ul>\n<li>Fragancia foug\u00e8re fresca y sensual<img loading=\"lazy\" decoding=\"async\" class=\"alignright\" src=\"https:\/\/m.media-amazon.com\/images\/I\/71Bnn2PgdHL._SL1500_.jpg\" width=\"422\" height=\"422\" \/><\/li>\n<li>Para hombres activos y seguros de s\u00ed mismos<\/li>\n<li>Fragancia adecuada para usar a diario todo el a\u00f1o<\/li>\n<\/ul>\n<p><strong>Composici\u00f3n de la fragancia<\/strong><br \/>\nLa chispeante bergamota, la fresca albahaca y los delicados p\u00e9talos de violeta crean la salida de la composici\u00f3n. En un coraz\u00f3n din\u00e1mico y especiado se ocultan acordes de pimienta rosa, canela dulce, cardamomo y nuez moscada. Una base c\u00e1lida, firme y significativamente amaderada completa con un toque de sensual almizcle.<\/p>\n<p><strong>Historia de la fragancia<\/strong><br \/>\nCon el eau de toilette Boss In Motion estar\u00e1s listo para &#8220;ir a todo gas&#8221; en cualquier momento y a cualquier lugar. El frasco redondeado y minimalista refleja el dinamismo, la acci\u00f3n y el movimiento, que son tan caracter\u00edsticos de \u00e9l. Sali\u00f3 al mercado en el a\u00f1o 2002.<\/p>\n<p>Boss In Motion remarca el estilo de vida vibrante del hombre activo y din\u00e1mico que lo porta.\u00a0La composici\u00f3n combina diferentes especias y notas verdes para conseguir un aroma ligeramente oriental y picante. El perfumista Domitille Michalon es el creador de esta composici\u00f3n fresca y sensual. Boss In Motion abre con una mezcla de refrescante bergamota, arom\u00e1tica albahaca y energizantes hojas de violeta. Las sensuales notas medias est\u00e1n formadas por sensual canela, dulce nuez moscada y pimienta rosa. La base de la composici\u00f3n combina s\u00e1ndalo, vetiver y almizcle para crear una masculina estela. Boss In Motion se presenta en un frasco esf\u00e9rico de metal con adornos en color naranja subrayando el car\u00e1cter deportivo de la composici\u00f3n.<\/p>\n<h3><\/h3>\n<h3>NOTAS OLFATIVAS<\/h3>\n<p>&nbsp;<\/p>\n<p>\u00a1<b>En\u00e9rgica, fresca y masculina<\/b>!<\/p>\n<p>En las notas de salida, las brillantes y efervescentes notas de naranja envuelven el aroma inicial con una explosi\u00f3n de\u00a0frescor vital.<\/p>\n<p>Las notas de coraz\u00f3n incluyen canela, cardamomo y nuez moscada que desprenden\u00a0un poder energ\u00e9tico.<\/p>\n<p class=\"text-justify\">En el fondo, un velo de maderas y notas almizcladas aportan seguridad en s\u00ed mismo y sensualidad a esta fragancia masculina ultracontempor\u00e1nea.<\/p>\n<p><b>Notas de salida<\/b>: Bergamota, hojas de violeta, albahaca<\/p>\n<p><strong>Notas de\u00a0coraz\u00f3n:<\/strong> Pimienta rosa, Canela, Cardamomo, Nuez moscada<\/p>\n<p><strong>Notas de\u00a0fondo:<\/strong> S\u00e1ndalo, Vetiver, Almizcle<\/p>\n","protected":false},"excerpt":{"rendered":"<p>BOSS IN MOTION EDT El eau de toilette moderno y din\u00e1mico Boss In Motion de la marca Hugo Boss est\u00e1<\/p>\n","protected":false},"featured_media":53035,"comment_status":"open","ping_status":"closed","template":"","meta":{"nf_dc_page":""},"product_brand":[130],"product_cat":[84],"product_tag":[1712],"class_list":{"0":"post-53034","1":"product","2":"type-product","3":"status-publish","4":"has-post-thumbnail","6":"product_brand-hugo-boss","7":"product_cat-perfumeria","8":"product_tag-1712","10":"first","11":"outofstock","12":"shipping-taxable","13":"purchasable","14":"product-type-simple"},"_links":{"self":[{"href":"https:\/\/brandss.com.py\/index\/wp-json\/wp\/v2\/product\/53034","targetHints":{"allow":["GET"]}}],"collection":[{"href":"https:\/\/brandss.com.py\/index\/wp-json\/wp\/v2\/product"}],"about":[{"href":"https:\/\/brandss.com.py\/index\/wp-json\/wp\/v2\/types\/product"}],"replies":[{"embeddable":true,"href":"https:\/\/brandss.com.py\/index\/wp-json\/wp\/v2\/comments?post=53034"}],"version-history":[{"count":2,"href":"https:\/\/brandss.com.py\/index\/wp-json\/wp\/v2\/product\/53034\/revisions"}],"predecessor-version":[{"id":61191,"href":"https:\/\/brandss.com.py\/index\/wp-json\/wp\/v2\/product\/53034\/revisions\/61191"}],"wp:featuredmedia":[{"embeddable":true,"href":"https:\/\/brandss.com.py\/index\/wp-json\/wp\/v2\/media\/53035"}],"wp:attachment":[{"href":"https:\/\/brandss.com.py\/index\/wp-json\/wp\/v2\/media?parent=53034"}],"wp:term":[{"taxonomy":"product_brand","embeddable":true,"href":"https:\/\/brandss.com.py\/index\/wp-json\/wp\/v2\/product_brand?post=53034"},{"taxonomy":"product_cat","embeddable":true,"href":"https:\/\/brandss.com.py\/index\/wp-json\/wp\/v2\/product_cat?post=53034"},{"taxonomy":"product_tag","embeddable":true,"href":"https:\/\/brandss.com.py\/index\/wp-json\/wp\/v2\/product_tag?post=53034"}],"curies":[{"name":"wp","href":"https:\/\/api.w.org\/{rel}","templated":true}]}}