{"id":53043,"date":"2024-06-25T18:36:26","date_gmt":"2024-06-25T18:36:26","guid":{"rendered":"https:\/\/brandss.com.py\/index\/?post_type=product&#038;p=53043"},"modified":"2026-03-30T19:17:42","modified_gmt":"2026-03-30T19:17:42","slug":"perfume-boulevard-champ-de-mars-edp-100ml","status":"publish","type":"product","link":"https:\/\/brandss.com.py\/index\/producto\/perfume-boulevard-champ-de-mars-edp-100ml\/","title":{"rendered":"PERFUME MASCULINO BOULEVARD CHAMP DE MARS EDP 100ML"},"content":{"rendered":"<p><img loading=\"lazy\" decoding=\"async\" class=\"\" src=\"https:\/\/luliz.com\/media\/amasty\/shopby\/option_images\/logo_new_1_1.jpg\" alt=\"boulevard paris - perfumes - luliz - jordan\" width=\"106\" height=\"106\" \/><\/p>\n<h3 class=\"text-uppercase\">CHAMP DE MARS EDP<\/h3>\n<div class=\"elementor-element elementor-element-78e253d elementor-widget elementor-widget-text-editor\" data-id=\"78e253d\" data-element_type=\"widget\" data-widget_type=\"text-editor.default\">\n<div class=\"elementor-widget-container\">\n<div class=\"elementor-text-editor elementor-clearfix\"><span>El Campo de Marte, situado en el coraz\u00f3n de Par\u00eds, es uno de los jardines m\u00e1s majestuosos de la capital. Est\u00e1 flanqueada, por un lado, por la famosa Torre Eiffel, y por el otro, por la prestigiosa Ecole militaire (Academia Militar).<img loading=\"lazy\" decoding=\"async\" class=\"alignleft\" src=\"https:\/\/boulevardparfums.com\/wp-content\/uploads\/2021\/11\/champsdemars_flacon_pack-scaled.jpg\" width=\"395\" height=\"592\" \/><\/span><\/div>\n<\/div>\n<\/div>\n<div class=\"elementor-element elementor-element-800d726 elementor-widget elementor-widget-text-editor\" data-id=\"800d726\" data-element_type=\"widget\" data-widget_type=\"text-editor.default\">\n<div class=\"elementor-widget-container\">\n<div class=\"elementor-text-editor elementor-clearfix\"><span>Con Champs de Mars, Boulevard sintetiza su visi\u00f3n de un Par\u00eds absolutamente masculino. <\/span><\/div>\n<div class=\"elementor-text-editor elementor-clearfix\"><span>La apertura con una nota embriagadora de pomelo, con toques de romero y cardamomo, retrata un atrevimiento travieso. El coraz\u00f3n, compuesto por ylang ylang, nardos y ol\u00edbano, revela una sensualidad floral, que el cedro del Atlas viene a realzar con una nota definitivamente masculina. Como nota de fondo, el cedro persiste y se mezcla con notas animales de cuero y gamuza. Una nota verde y picante de vetiver complementa y a\u00f1ade la embriagadora huella de un irresistible habitante de la ciudad.<\/span><\/div>\n<div><\/div>\n<h3>NOTAS OLFATIVAS<\/h3>\n<p>&nbsp;<\/p>\n<\/div>\n<div>\n<p><span class=\"a-list-item\"><span>El car\u00e1cter afrutado-oriental de este perfume ofrece a su due\u00f1a y a todos los que la rodean un mundo de experiencias m\u00e1gicas. <\/span><\/span><span class=\"a-list-item\"><span>El lujoso \u00e1mbar combinado con el aterciopelado s\u00e1ndalo y una gota de apasionado almizcle evocar\u00e1 una sensaci\u00f3n reconfortante.<\/span><\/span><\/p>\n<p><span class=\"a-list-item\"><span>Una sensaci\u00f3n de lujo de un momento \u00fanico que querr\u00e1s volver a disfrutar.<\/span><\/span><\/p>\n<\/div>\n<div class=\"elementor-widget-container\">\n<div><span><strong>Notas de salida:<\/strong> romero, cardamomo, pomelo<\/span><\/div>\n<div>\n<span><strong>Notas de coraz\u00f3n:<\/strong> nardos, ylang-ylang, cedro del Atlas, olibano<\/span><\/div>\n<div>\n<span><strong>Notas de fondo:<\/strong> vetiver, cedro del Atlas, cuero, ante<\/span><\/div>\n<\/div>\n<\/div>\n","protected":false},"excerpt":{"rendered":"<p>CHAMP DE MARS EDP El Campo de Marte, situado en el coraz\u00f3n de Par\u00eds, es uno de los jardines m\u00e1s<\/p>\n","protected":false},"featured_media":53045,"comment_status":"open","ping_status":"closed","template":"","meta":{"nf_dc_page":""},"product_brand":[1713],"product_cat":[84],"product_tag":[1714],"class_list":{"0":"post-53043","1":"product","2":"type-product","3":"status-publish","4":"has-post-thumbnail","6":"product_brand-boulevard","7":"product_cat-perfumeria","8":"product_tag-1714","10":"first","11":"outofstock","12":"shipping-taxable","13":"purchasable","14":"product-type-simple"},"_links":{"self":[{"href":"https:\/\/brandss.com.py\/index\/wp-json\/wp\/v2\/product\/53043","targetHints":{"allow":["GET"]}}],"collection":[{"href":"https:\/\/brandss.com.py\/index\/wp-json\/wp\/v2\/product"}],"about":[{"href":"https:\/\/brandss.com.py\/index\/wp-json\/wp\/v2\/types\/product"}],"replies":[{"embeddable":true,"href":"https:\/\/brandss.com.py\/index\/wp-json\/wp\/v2\/comments?post=53043"}],"version-history":[{"count":3,"href":"https:\/\/brandss.com.py\/index\/wp-json\/wp\/v2\/product\/53043\/revisions"}],"predecessor-version":[{"id":61655,"href":"https:\/\/brandss.com.py\/index\/wp-json\/wp\/v2\/product\/53043\/revisions\/61655"}],"wp:featuredmedia":[{"embeddable":true,"href":"https:\/\/brandss.com.py\/index\/wp-json\/wp\/v2\/media\/53045"}],"wp:attachment":[{"href":"https:\/\/brandss.com.py\/index\/wp-json\/wp\/v2\/media?parent=53043"}],"wp:term":[{"taxonomy":"product_brand","embeddable":true,"href":"https:\/\/brandss.com.py\/index\/wp-json\/wp\/v2\/product_brand?post=53043"},{"taxonomy":"product_cat","embeddable":true,"href":"https:\/\/brandss.com.py\/index\/wp-json\/wp\/v2\/product_cat?post=53043"},{"taxonomy":"product_tag","embeddable":true,"href":"https:\/\/brandss.com.py\/index\/wp-json\/wp\/v2\/product_tag?post=53043"}],"curies":[{"name":"wp","href":"https:\/\/api.w.org\/{rel}","templated":true}]}}