{"id":53054,"date":"2024-06-25T19:18:15","date_gmt":"2024-06-25T19:18:15","guid":{"rendered":"https:\/\/brandss.com.py\/index\/?post_type=product&#038;p=53054"},"modified":"2026-03-30T19:17:42","modified_gmt":"2026-03-30T19:17:42","slug":"perfume-boulevard-jour-nuit-edp-100ml","status":"publish","type":"product","link":"https:\/\/brandss.com.py\/index\/producto\/perfume-boulevard-jour-nuit-edp-100ml\/","title":{"rendered":"PERFUME FEMENINO BOULEVARD JOUR &amp; NUIT EDP 100ML"},"content":{"rendered":"<p><img loading=\"lazy\" decoding=\"async\" class=\"\" src=\"https:\/\/luliz.com\/media\/amasty\/shopby\/option_images\/logo_new_1_1.jpg\" alt=\"boulevard paris - perfumes - luliz - jordan\" width=\"108\" height=\"108\" \/><\/p>\n<h1>JOUR &amp; NUIT EDP<\/h1>\n<div class=\"elementor-element elementor-element-78e253d elementor-widget elementor-widget-text-editor\" data-id=\"78e253d\" data-element_type=\"widget\" data-widget_type=\"text-editor.default\">\n<div class=\"elementor-widget-container\">\n<div class=\"elementor-text-editor elementor-clearfix\"><span>Jour et Nuit se inspira en la belleza de los muelles del r\u00edo Sena temprano en la ma\u00f1ana. Es la historia de un encuentro fugaz y apasionado, de un romance nacido en el amanecer parisino. De la oscuridad a la luz, entre dos seres a los que todo se opone, era probable que no sucediera nada y, sin embargo&#8230; . .<img loading=\"lazy\" decoding=\"async\" class=\"alignright\" src=\"https:\/\/boulevardparfums.com\/wp-content\/uploads\/2019\/09\/Jour-n-Nuit_A.webp\" width=\"365\" height=\"548\" \/><\/span><\/div>\n<div class=\"elementor-text-editor elementor-clearfix\"><span> En el coraz\u00f3n de esta ciudad m\u00e1gica, all\u00ed estaban.<\/span><\/div>\n<\/div>\n<\/div>\n<div class=\"elementor-element elementor-element-800d726 elementor-widget elementor-widget-text-editor\" data-id=\"800d726\" data-element_type=\"widget\" data-widget_type=\"text-editor.default\">\n<div class=\"elementor-widget-container\">\n<div class=\"elementor-text-editor elementor-clearfix\"><span>Con esta fragancia, Boulevard firma el episodio intensamente amoroso de su colecci\u00f3n. Se abre con una suavidad azucarada, con un tono floral frutal muy rom\u00e1ntico, que combina la emblem\u00e1tica rosa con el d\u00fao frambuesa-grosella negra. Los tonos medios, entonces, se desarrollan alrededor de un cari\u00f1o precioso, con jazm\u00edn y peon\u00eda confiriendo notas de elegancia y ternura. <\/span><\/div>\n<div class=\"elementor-text-editor elementor-clearfix\"><span>La estela oriental libera una c\u00e1lida sensualidad, con vainilla y almizcle, junto con los aromas amaderados m\u00e1s fuertes del cedro de Virginia. Jour et Nuit es un perfume redondo y embriagador que pone en juego todos los ingredientes necesarios para una experiencia olfativa inolvidable.<\/span><\/div>\n<h3><\/h3>\n<h3>NOTAS OLFATIVAS<\/h3>\n<div><\/div>\n<div>El perfume Jour &amp; Nuit de Boulevard es una fragancia femenina con notas orientales y florales.<\/p>\n<ul>\n<li><span id=\"EA2REQV\"><strong>Notas de salida:<\/strong>\u00a0Rosa, frambuesa y grosella negra<\/span><\/li>\n<li><strong>Notas de coraz\u00f3n:<\/strong>\u00a0Jazm\u00edn y peon\u00eda<\/li>\n<li><strong>Notas de fondo:<\/strong>\u00a0Cedro de Virginia, vainilla y almizcle<\/li>\n<\/ul>\n<\/div>\n<\/div>\n<\/div>\n","protected":false},"excerpt":{"rendered":"<p>JOUR &amp; NUIT EDP Jour et Nuit se inspira en la belleza de los muelles del r\u00edo Sena temprano en<\/p>\n","protected":false},"featured_media":53055,"comment_status":"open","ping_status":"closed","template":"","meta":{"nf_dc_page":""},"product_brand":[1713],"product_cat":[84],"product_tag":[1715],"class_list":{"0":"post-53054","1":"product","2":"type-product","3":"status-publish","4":"has-post-thumbnail","6":"product_brand-boulevard","7":"product_cat-perfumeria","8":"product_tag-1715","10":"first","11":"outofstock","12":"shipping-taxable","13":"purchasable","14":"product-type-simple"},"_links":{"self":[{"href":"https:\/\/brandss.com.py\/index\/wp-json\/wp\/v2\/product\/53054","targetHints":{"allow":["GET"]}}],"collection":[{"href":"https:\/\/brandss.com.py\/index\/wp-json\/wp\/v2\/product"}],"about":[{"href":"https:\/\/brandss.com.py\/index\/wp-json\/wp\/v2\/types\/product"}],"replies":[{"embeddable":true,"href":"https:\/\/brandss.com.py\/index\/wp-json\/wp\/v2\/comments?post=53054"}],"version-history":[{"count":2,"href":"https:\/\/brandss.com.py\/index\/wp-json\/wp\/v2\/product\/53054\/revisions"}],"predecessor-version":[{"id":61656,"href":"https:\/\/brandss.com.py\/index\/wp-json\/wp\/v2\/product\/53054\/revisions\/61656"}],"wp:featuredmedia":[{"embeddable":true,"href":"https:\/\/brandss.com.py\/index\/wp-json\/wp\/v2\/media\/53055"}],"wp:attachment":[{"href":"https:\/\/brandss.com.py\/index\/wp-json\/wp\/v2\/media?parent=53054"}],"wp:term":[{"taxonomy":"product_brand","embeddable":true,"href":"https:\/\/brandss.com.py\/index\/wp-json\/wp\/v2\/product_brand?post=53054"},{"taxonomy":"product_cat","embeddable":true,"href":"https:\/\/brandss.com.py\/index\/wp-json\/wp\/v2\/product_cat?post=53054"},{"taxonomy":"product_tag","embeddable":true,"href":"https:\/\/brandss.com.py\/index\/wp-json\/wp\/v2\/product_tag?post=53054"}],"curies":[{"name":"wp","href":"https:\/\/api.w.org\/{rel}","templated":true}]}}