{"id":53072,"date":"2024-06-26T13:20:44","date_gmt":"2024-06-26T13:20:44","guid":{"rendered":"https:\/\/brandss.com.py\/index\/?post_type=product&#038;p=53072"},"modified":"2026-04-27T16:33:26","modified_gmt":"2026-04-27T16:33:26","slug":"perfume-boulevard-lettre-de-voltaire-edp-100ml","status":"publish","type":"product","link":"https:\/\/brandss.com.py\/index\/producto\/perfume-boulevard-lettre-de-voltaire-edp-100ml\/","title":{"rendered":"PERFUME MASCULINO BOULEVARD LETTRE DE VOLTAIRE EDP 100ML"},"content":{"rendered":"<p><img loading=\"lazy\" decoding=\"async\" class=\"\" src=\"https:\/\/luliz.com\/media\/amasty\/shopby\/option_images\/logo_new_1_1.jpg\" alt=\"boulevard paris - perfumes - luliz - jordan\" width=\"94\" height=\"94\" \/><\/p>\n<div class=\"elementor-element elementor-element-78e253d elementor-widget elementor-widget-text-editor\" data-id=\"78e253d\" data-element_type=\"widget\" data-widget_type=\"text-editor.default\">\n<div class=\"elementor-widget-container\">\n<div>\n<h1 class=\"product-name\">LETTRE DE VOLTAIRE EDP<\/h1>\n<\/div>\n<div class=\"elementor-text-editor elementor-clearfix\">Lettre de Voltaire lleva el legado de un Par\u00eds eternamente bohemio. Esta es la historia del Moulin Rouge, los bailarines se encuentran con los pintores en el coraz\u00f3n de las callejuelas de escaleras, suben a la colina de Montmartre coronada por la majestuosa bas\u00edlica del Sacr\u00e9-Coeur para admirar Par\u00eds. A\u00fan hoy acudimos a este barrio por su ambiente festivo o para observar a los artistas callejeros.<img loading=\"lazy\" decoding=\"async\" class=\"alignright\" src=\"https:\/\/assets.goldenscent.com\/catalog\/product\/3\/7\/3770006449185-boulevard-lettre-de-voltaire-100ml_2.png\" width=\"402\" height=\"402\" \/><\/div>\n<\/div>\n<\/div>\n<div class=\"elementor-element elementor-element-800d726 elementor-widget elementor-widget-text-editor\" data-id=\"800d726\" data-element_type=\"widget\" data-widget_type=\"text-editor.default\">\n<div class=\"elementor-widget-container\">\n<div class=\"elementor-text-editor elementor-clearfix\">Inspir\u00e1ndose en la atm\u00f3sfera rom\u00e1ntica de este barrio con una historia te\u00f1ida de excentricidad, Boulevard crea una fragancia entre tradici\u00f3n y vanguardia. La introducci\u00f3n en notas verdes, fugaces, muestra una determinaci\u00f3n singular gracias a sus toques de naranja. Esta falsa despreocupaci\u00f3n da paso a un coraz\u00f3n colorido y denso, que combina la sensualidad ic\u00f3nica del jazm\u00edn y la madreselva con el poder intenso y m\u00e1gico del nardo. Esta sobredosis olfativa, delicada y embriagadora, se posa sobre las notas atalcadas del iris, unidas a los ecos orientales de la vainilla y el s\u00e1ndalo. Montmartre abre una estela profunda e inesperada, dando paso a una poderosa emoci\u00f3n.<\/div>\n<div>Voltaire es uno de los escritores y fil\u00f3sofos parisinos m\u00e1s famosos. Fascinado por el arte y la ciencia, arrastrado por el teatro y la pol\u00edtica, fue un actor importante en la sociedad francesa de su tiempo. Dej\u00f3 una correspondencia epistolar monumental; En el que se trasluce su amor por la vida, los platos y las conversaciones parisinas. El agua perfumada Lettre \u00e0 Voltaire dibuja con gran delicadeza el tama\u00f1o de una naturaleza inusual y atemporal. Esta agua perfumada se produce desde el principio con la elecci\u00f3n de un jazm\u00edn de culto, s\u00edmbolo del amor principalmente, que se asocia con un pomelo t\u00f3nico. A\u00f1adiendo notas cori\u00e1ceas de azafr\u00e1n se estructura este delicado frescor, creando un contraste armonioso. El coraz\u00f3n se revela con una elegancia seductora debida a la redondez floral del geranio y la sensual tenacidad del \u00e1mbar. Finalmente, las notas b\u00e1sicas dejan un rastro embriagador debido a los acentos amaderados del cedro y la resina de abeto, a la majestuosa uni\u00f3n que calienta el \u00c1mbar Rojo. La \u201ccarta\u201d de Voltaire es una creaci\u00f3n con una personalidad \u00fanica, por supuesto, maravillosa.<\/div>\n<div><\/div>\n<h3>NOTAS OLFATIVAS<\/h3>\n<div><\/div>\n<div>\n<p>El perfume Lettre de Voltaire de Boulevard es una fragancia de la familia olfativa amaderada acu\u00e1tica para hombres.<\/p>\n<ul>\n<li><strong>Notas de salida:<\/strong>\u00a0Azafr\u00e1n, brisa marina, pomelo y mandarina<\/li>\n<li><strong>Notas de coraz\u00f3n:<\/strong>\u00a0Jazm\u00edn, cedro, laurel y jacinto<\/li>\n<li><strong>Notas de fondo:<\/strong>\u00a0\u00c1mbar gris, notas amaderadas, musgo de roble, pachul\u00ed y almizcle<\/li>\n<\/ul>\n<\/div>\n<\/div>\n<\/div>\n","protected":false},"excerpt":{"rendered":"<p>LETTRE DE VOLTAIRE EDP Lettre de Voltaire lleva el legado de un Par\u00eds eternamente bohemio. Esta es la historia del<\/p>\n","protected":false},"featured_media":53073,"comment_status":"open","ping_status":"closed","template":"","meta":{"nf_dc_page":""},"product_brand":[1713],"product_cat":[84],"product_tag":[1717],"class_list":{"0":"post-53072","1":"product","2":"type-product","3":"status-publish","4":"has-post-thumbnail","6":"product_brand-boulevard","7":"product_cat-perfumeria","8":"product_tag-1717","10":"first","11":"instock","12":"shipping-taxable","13":"purchasable","14":"product-type-simple"},"_links":{"self":[{"href":"https:\/\/brandss.com.py\/index\/wp-json\/wp\/v2\/product\/53072","targetHints":{"allow":["GET"]}}],"collection":[{"href":"https:\/\/brandss.com.py\/index\/wp-json\/wp\/v2\/product"}],"about":[{"href":"https:\/\/brandss.com.py\/index\/wp-json\/wp\/v2\/types\/product"}],"replies":[{"embeddable":true,"href":"https:\/\/brandss.com.py\/index\/wp-json\/wp\/v2\/comments?post=53072"}],"version-history":[{"count":2,"href":"https:\/\/brandss.com.py\/index\/wp-json\/wp\/v2\/product\/53072\/revisions"}],"predecessor-version":[{"id":61658,"href":"https:\/\/brandss.com.py\/index\/wp-json\/wp\/v2\/product\/53072\/revisions\/61658"}],"wp:featuredmedia":[{"embeddable":true,"href":"https:\/\/brandss.com.py\/index\/wp-json\/wp\/v2\/media\/53073"}],"wp:attachment":[{"href":"https:\/\/brandss.com.py\/index\/wp-json\/wp\/v2\/media?parent=53072"}],"wp:term":[{"taxonomy":"product_brand","embeddable":true,"href":"https:\/\/brandss.com.py\/index\/wp-json\/wp\/v2\/product_brand?post=53072"},{"taxonomy":"product_cat","embeddable":true,"href":"https:\/\/brandss.com.py\/index\/wp-json\/wp\/v2\/product_cat?post=53072"},{"taxonomy":"product_tag","embeddable":true,"href":"https:\/\/brandss.com.py\/index\/wp-json\/wp\/v2\/product_tag?post=53072"}],"curies":[{"name":"wp","href":"https:\/\/api.w.org\/{rel}","templated":true}]}}