{"id":53094,"date":"2024-06-26T15:45:07","date_gmt":"2024-06-26T15:45:07","guid":{"rendered":"https:\/\/brandss.com.py\/index\/?post_type=product&#038;p=53094"},"modified":"2026-02-13T11:00:10","modified_gmt":"2026-02-13T11:00:10","slug":"perfume-grandeur-cadet-blue-edp-100ml","status":"publish","type":"product","link":"https:\/\/brandss.com.py\/index\/producto\/perfume-grandeur-cadet-blue-edp-100ml\/","title":{"rendered":"PERFUME MASCULINO GRANDEUR ELITE CADET BLUE EDP 100ML"},"content":{"rendered":"<p><img loading=\"lazy\" decoding=\"async\" class=\"\" src=\"https:\/\/perfumescorp.com\/cdn\/shop\/collections\/grandeur-Logo-Brand.webp?v=1698005233&amp;width=750\" alt=\"Grandeur Perfumes - Unveiling Sensual and Unique Fragrances \u2013 Perfumes Corp\" width=\"149\" height=\"79\" \/><\/p>\n<h1 class=\"js-product-name h2 h1-md \" data-store=\"product-name-171327575\">CADET BLUE EDP<\/h1>\n<p><span>El elixir decisivo de primavera y verano, es una mezcla embriagadora de notas c\u00edtricas y amaderadas, poderosa como la energ\u00eda m\u00e1gica del aire y peligrosa como la planta herb\u00e1cea de cicuta altamente venenosa. El nombre Blue Cadet no es un caso.<img loading=\"lazy\" decoding=\"async\" class=\"alignright\" src=\"https:\/\/redbagstore.com\/cdn\/shop\/files\/IMG-20230622-WA0313_2048x.jpg?v=1687618528\" width=\"381\" height=\"508\" \/><\/span><\/p>\n<p><span>Azul como la claridad del cielo, y su serenidad, tranquilidad, armon\u00eda. Cadete porque es el color azul adoptado por los cadetes. Expresa toda la fuerza que les da la educaci\u00f3n, la disciplina y el orgullo de pertenecer a un grupo. Esta bebida se embotella en una botella transparente que lleva la inspiraci\u00f3n del cielo azul zafiro, con su inmensidad y profundidad infinita.<\/span><\/p>\n<p>Reg\u00e1late la experiencia m\u00e1s interesante y exuberante estimulando la sensaci\u00f3n de paz, placer y fuerza en ti y a tu alrededor.<\/p>\n<h3><\/h3>\n<h3>NOTAS OLFATIVAS<\/h3>\n<p>&nbsp;<\/p>\n<p>El perfume Cadet Blue de Grandeur Elite es una fragancia de la familia olfativa amaderada arom\u00e1tica para hombres.<\/p>\n<ul>\n<li><strong>Notas de salida:<\/strong>\u00a0Pomelo, lim\u00f3n, menta y pimienta rosa<\/li>\n<li><strong>Notas de coraz\u00f3n:<\/strong> Jengibre, nuez moscada, jazm\u00edn<\/li>\n<li><strong>Notas de fondo:<\/strong>\u00a0Incienso, vetiver, cedro, s\u00e1ndalo, pachul\u00ed, l\u00e1dano y almizcle blanco<\/li>\n<\/ul>\n<p>&nbsp;<\/p>\n","protected":false},"excerpt":{"rendered":"<p>CADET BLUE EDP El elixir decisivo de primavera y verano, es una mezcla embriagadora de notas c\u00edtricas y amaderadas, poderosa<\/p>\n","protected":false},"featured_media":53095,"comment_status":"open","ping_status":"closed","template":"","meta":{"nf_dc_page":""},"product_brand":[113],"product_cat":[84],"product_tag":[1720],"class_list":{"0":"post-53094","1":"product","2":"type-product","3":"status-publish","4":"has-post-thumbnail","6":"product_brand-grandeur","7":"product_cat-perfumeria","8":"product_tag-1720","10":"first","11":"instock","12":"shipping-taxable","13":"purchasable","14":"product-type-simple"},"_links":{"self":[{"href":"https:\/\/brandss.com.py\/index\/wp-json\/wp\/v2\/product\/53094","targetHints":{"allow":["GET"]}}],"collection":[{"href":"https:\/\/brandss.com.py\/index\/wp-json\/wp\/v2\/product"}],"about":[{"href":"https:\/\/brandss.com.py\/index\/wp-json\/wp\/v2\/types\/product"}],"replies":[{"embeddable":true,"href":"https:\/\/brandss.com.py\/index\/wp-json\/wp\/v2\/comments?post=53094"}],"version-history":[{"count":2,"href":"https:\/\/brandss.com.py\/index\/wp-json\/wp\/v2\/product\/53094\/revisions"}],"predecessor-version":[{"id":61662,"href":"https:\/\/brandss.com.py\/index\/wp-json\/wp\/v2\/product\/53094\/revisions\/61662"}],"wp:featuredmedia":[{"embeddable":true,"href":"https:\/\/brandss.com.py\/index\/wp-json\/wp\/v2\/media\/53095"}],"wp:attachment":[{"href":"https:\/\/brandss.com.py\/index\/wp-json\/wp\/v2\/media?parent=53094"}],"wp:term":[{"taxonomy":"product_brand","embeddable":true,"href":"https:\/\/brandss.com.py\/index\/wp-json\/wp\/v2\/product_brand?post=53094"},{"taxonomy":"product_cat","embeddable":true,"href":"https:\/\/brandss.com.py\/index\/wp-json\/wp\/v2\/product_cat?post=53094"},{"taxonomy":"product_tag","embeddable":true,"href":"https:\/\/brandss.com.py\/index\/wp-json\/wp\/v2\/product_tag?post=53094"}],"curies":[{"name":"wp","href":"https:\/\/api.w.org\/{rel}","templated":true}]}}