{"id":53184,"date":"2024-06-28T11:49:04","date_gmt":"2024-06-28T11:49:04","guid":{"rendered":"https:\/\/brandss.com.py\/index\/?post_type=product&#038;p=53184"},"modified":"2026-02-07T12:17:15","modified_gmt":"2026-02-07T12:17:15","slug":"acondicionador-kerasys-moisturizing-600ml","status":"publish","type":"product","link":"https:\/\/brandss.com.py\/index\/producto\/acondicionador-kerasys-moisturizing-600ml\/","title":{"rendered":"ACONDICIONADOR CAPILAR KERASYS MOISTURIZING 600ML"},"content":{"rendered":"<p><img loading=\"lazy\" decoding=\"async\" class=\"\" src=\"https:\/\/acdn-us.mitiendanube.com\/stores\/006\/567\/235\/themes\/common\/logo-2027072255-1755034523-ec9fa1f2ce585f2d0ef3c935b64032841755034523.png?0\" alt=\"Tienda Online de KERASYS\" width=\"119\" height=\"40\" \/><\/p>\n<h1>MOISTURIZING<\/h1>\n<div class=\"accordion-item\">\n<div class=\"accordion-content\">\n<div class=\"product-description reset-user-html\">\n<p>Transforma tu cabello seco y fr\u00e1gil con la tecnolog\u00eda avanzada de la L\u00ednea Hidratante Kerasys Hair Clinic. La f\u00f3rmula de la L\u00ednea Hidratante aporta una incre\u00edble sensaci\u00f3n de ligereza y confort para cabellos normales y secos.<\/p>\n<p>Compuesto por 17 tipos de amino\u00e1cidos y prote\u00ednas, el cuidado intensivo hidratante Kerasys Hair Clinic act\u00faa de adentro hacia afuera, nutriendo y fortaleciendo profundamente el cabello. La suave f\u00f3rmula limpiadora penetra en todas las capas del cabello, aumentando la retenci\u00f3n de la humedad natural y formando una pel\u00edcula protectora que previene la formaci\u00f3n de encrespamiento, dejando el cabello sedoso y luminoso todos los d\u00edas.<\/p>\n<p>Enriquecido con aceite de semilla de Baobab, rico en antioxidantes, el acondicionador hidratante Kerasys hidrata en profundidad, combate el encrespamiento y fortalece el cabello, dej\u00e1ndolo visiblemente brillante, sedoso e hidratado. La f\u00f3rmula ligera y nada pesada de Baobab Oil act\u00faa sobre las diferentes capas del cabello, dejando el aspecto impecable.<\/p>\n<p>No pierdas m\u00e1s tiempo con el cabello seco y fr\u00e1gil. \u00a1Prueba ahora la L\u00ednea Hidratante de Kerasys Hair Clinic y descubre lo f\u00e1cil que es transformar tu cabello en un cabello radiante y saludable!<\/p>\n<p><strong>Consejo de aplicaci\u00f3n<\/strong><\/p>\n<\/div>\n<\/div>\n<\/div>\n<div class=\"accordion-item\">\n<div class=\"accordion-content\">\n<div class=\"product-description\">\n<p>Aplicar el acondicionador en largos y puntas del cabello limpio y h\u00famedo. Dejar actuar de 2 a 3 minutos. Luego enjuague bien. Para obtener el mejor efecto, utilice el champ\u00fa hidratante Kerasys para nutrir e hidratar intensivamente su cabello.<\/p>\n<p><strong>Resultado<\/strong><\/p>\n<\/div>\n<\/div>\n<\/div>\n<div class=\"accordion-item\">\n<div class=\"accordion-content\">\n<div class=\"product-description\">\n<p>Restaura la hidrataci\u00f3n natural del cabello, nutri\u00e9ndolo intensamente con resultados notorios, aumentando as\u00ed cinco veces su hidrataci\u00f3n y su suavidad por m\u00e1s tiempo. Su f\u00f3rmula a base de hierbas orientales aporta la hidrataci\u00f3n esencial, sin dejar el cabello graso, devolvi\u00e9ndole su brillo natural.<\/p>\n<\/div>\n<\/div>\n<\/div>\n","protected":false},"excerpt":{"rendered":"<p>MOISTURIZING Transforma tu cabello seco y fr\u00e1gil con la tecnolog\u00eda avanzada de la L\u00ednea Hidratante Kerasys Hair Clinic. La f\u00f3rmula<\/p>\n","protected":false},"featured_media":53185,"comment_status":"open","ping_status":"closed","template":"","meta":{"nf_dc_page":""},"product_brand":[204],"product_cat":[85],"product_tag":[209],"class_list":{"0":"post-53184","1":"product","2":"type-product","3":"status-publish","4":"has-post-thumbnail","6":"product_brand-kerasys","7":"product_cat-cosmeticos","8":"product_tag-209","10":"first","11":"instock","12":"sale","13":"shipping-taxable","14":"purchasable","15":"product-type-simple"},"_links":{"self":[{"href":"https:\/\/brandss.com.py\/index\/wp-json\/wp\/v2\/product\/53184","targetHints":{"allow":["GET"]}}],"collection":[{"href":"https:\/\/brandss.com.py\/index\/wp-json\/wp\/v2\/product"}],"about":[{"href":"https:\/\/brandss.com.py\/index\/wp-json\/wp\/v2\/types\/product"}],"replies":[{"embeddable":true,"href":"https:\/\/brandss.com.py\/index\/wp-json\/wp\/v2\/comments?post=53184"}],"version-history":[{"count":3,"href":"https:\/\/brandss.com.py\/index\/wp-json\/wp\/v2\/product\/53184\/revisions"}],"predecessor-version":[{"id":97747,"href":"https:\/\/brandss.com.py\/index\/wp-json\/wp\/v2\/product\/53184\/revisions\/97747"}],"wp:featuredmedia":[{"embeddable":true,"href":"https:\/\/brandss.com.py\/index\/wp-json\/wp\/v2\/media\/53185"}],"wp:attachment":[{"href":"https:\/\/brandss.com.py\/index\/wp-json\/wp\/v2\/media?parent=53184"}],"wp:term":[{"taxonomy":"product_brand","embeddable":true,"href":"https:\/\/brandss.com.py\/index\/wp-json\/wp\/v2\/product_brand?post=53184"},{"taxonomy":"product_cat","embeddable":true,"href":"https:\/\/brandss.com.py\/index\/wp-json\/wp\/v2\/product_cat?post=53184"},{"taxonomy":"product_tag","embeddable":true,"href":"https:\/\/brandss.com.py\/index\/wp-json\/wp\/v2\/product_tag?post=53184"}],"curies":[{"name":"wp","href":"https:\/\/api.w.org\/{rel}","templated":true}]}}