{"id":53190,"date":"2024-06-28T12:20:49","date_gmt":"2024-06-28T12:20:49","guid":{"rendered":"https:\/\/brandss.com.py\/index\/?post_type=product&#038;p=53190"},"modified":"2026-04-04T18:01:22","modified_gmt":"2026-04-04T18:01:22","slug":"shampoo-kerasys-revitalizing-600ml","status":"publish","type":"product","link":"https:\/\/brandss.com.py\/index\/producto\/shampoo-kerasys-revitalizing-600ml\/","title":{"rendered":"SHAMPOO CAPILAR KERASYS REVITALIZING 600ML"},"content":{"rendered":"<p><img loading=\"lazy\" decoding=\"async\" class=\"\" src=\"https:\/\/www.shoppingchina.com.py\/rails\/active_storage\/blobs\/redirect\/eyJfcmFpbHMiOnsibWVzc2FnZSI6IkJBaHBBM1Y1QlE9PSIsImV4cCI6bnVsbCwicHVyIjoiYmxvYl9pZCJ9fQ==--82ec62984ba98c5c38ee048f226d1ed7dd8a0190\/KERASYS.webp\" alt=\"Kerasys no Paraguai | Shopping China\" width=\"114\" height=\"114\" \/><\/p>\n<h1 class=\"text-uppercase\">REVITALIZING<\/h1>\n<div class=\"accordion-item\">\n<div class=\"accordion-content\">\n<div class=\"product-description reset-user-html\">\n<p><span>Kerasys Revitalizing es un producto profesional indicado para cabellos el\u00e1sticos y voluminosos.<\/span><\/p>\n<p><span>Triple sistema voluminizador con aceite de arg\u00e1n, aceite de jojoba, aceite de aguacate y extracto de ar\u00e1ndano, este activo aporta fuerza y \u200b\u200bvolumen al cabello d\u00e9bil y liso. Contiene extracto de hierbas rico en amino\u00e1cidos y vitaminas. Formulado para acondicionar e hidratar dejando el cabello sedoso, sano y brillante. Tiene una excelente f\u00f3rmula que previene las puntas abiertas, la rotura y el frizz.<\/span><\/p>\n<p><span>Kerasys Revitalizing fue formulado para reparar el cabello seco, quebradizo, opaco y da\u00f1ado. Su f\u00f3rmula contiene extractos de hierbas y prote\u00ednas hidrolizadas que ayudan a hidratar y revitalizar el cabello da\u00f1ado.<\/span><\/p>\n<p>Kerasys Shampoo Revitalizing para cabello fino y rizado, liso o ondulado, deja el cabello sedoso, saludable y brillante. Ayuda a prevenir las puntas abiertas, roturas y frizz, tiene un sistema de triple volumen con aceite esenciales y Keratina que agregan fuerza y volumen al cabello fr\u00e1gil as\u00ed como movimiento<\/p>\n<p>&nbsp;<\/p>\n<p><strong>Consejo de aplicaci\u00f3n<\/strong><\/p>\n<\/div>\n<\/div>\n<\/div>\n<div class=\"accordion-item\">\n<div class=\"accordion-content\">\n<div class=\"product-description\">\n<p>Aplicar el champ\u00fa sobre el cabello mojado. Masajea con las yemas de los dedos y suavemente en tu cabello hasta formar espuma. Luego enjuague. Repita el proceso.<\/p>\n<h3 class=\"s__12_B0z oEPIfiH---typography-11-runningText oEPIfiH---priority-7-primary _HOcyB x4nptw sxbtulv\" aria-hidden=\"false\" data-hook=\"info-section-title\"><span>Caracter\u00edsticas principales<\/span><\/h3>\n<div class=\"aecizt QfrfFD cell\"><\/div>\n<div class=\"rah-static rah-static--height-auto\" aria-hidden=\"false\">\n<div>\n<div class=\"ulKuLk QfrfFD cell\">\n<div class=\"zp8uy2\" data-hook=\"info-section-description\">\n<ul>\n<li><span>Nueva F\u00f3rmula Kerasys Hair Clinic REVITALIZANTE 20.2 fl oz \/ 600 ml<\/span><\/li>\n<li><span>Cuidado intensivo para dar volumen con aceite de rosa mosqueta<\/span><\/li>\n<li><span>Sistema de cuidado proteico para cabello fino y sin vida<\/span><\/li>\n<li><span>17 amino\u00e1cidos y prote\u00ednas<\/span><\/li>\n<li><span>Cl\u00ednica capilar a base de prote\u00ednas para un cabello sano y brillante<\/span><\/li>\n<\/ul>\n<\/div>\n<\/div>\n<\/div>\n<\/div>\n<\/div>\n<\/div>\n<\/div>\n","protected":false},"excerpt":{"rendered":"<p>REVITALIZING Kerasys Revitalizing es un producto profesional indicado para cabellos el\u00e1sticos y voluminosos. Triple sistema voluminizador con aceite de arg\u00e1n,<\/p>\n","protected":false},"featured_media":53191,"comment_status":"open","ping_status":"closed","template":"","meta":{"nf_dc_page":""},"product_brand":[204],"product_cat":[85],"product_tag":[210],"class_list":{"0":"post-53190","1":"product","2":"type-product","3":"status-publish","4":"has-post-thumbnail","6":"product_brand-kerasys","7":"product_cat-cosmeticos","8":"product_tag-210","10":"first","11":"instock","12":"sale","13":"shipping-taxable","14":"purchasable","15":"product-type-simple"},"_links":{"self":[{"href":"https:\/\/brandss.com.py\/index\/wp-json\/wp\/v2\/product\/53190","targetHints":{"allow":["GET"]}}],"collection":[{"href":"https:\/\/brandss.com.py\/index\/wp-json\/wp\/v2\/product"}],"about":[{"href":"https:\/\/brandss.com.py\/index\/wp-json\/wp\/v2\/types\/product"}],"replies":[{"embeddable":true,"href":"https:\/\/brandss.com.py\/index\/wp-json\/wp\/v2\/comments?post=53190"}],"version-history":[{"count":2,"href":"https:\/\/brandss.com.py\/index\/wp-json\/wp\/v2\/product\/53190\/revisions"}],"predecessor-version":[{"id":101419,"href":"https:\/\/brandss.com.py\/index\/wp-json\/wp\/v2\/product\/53190\/revisions\/101419"}],"wp:featuredmedia":[{"embeddable":true,"href":"https:\/\/brandss.com.py\/index\/wp-json\/wp\/v2\/media\/53191"}],"wp:attachment":[{"href":"https:\/\/brandss.com.py\/index\/wp-json\/wp\/v2\/media?parent=53190"}],"wp:term":[{"taxonomy":"product_brand","embeddable":true,"href":"https:\/\/brandss.com.py\/index\/wp-json\/wp\/v2\/product_brand?post=53190"},{"taxonomy":"product_cat","embeddable":true,"href":"https:\/\/brandss.com.py\/index\/wp-json\/wp\/v2\/product_cat?post=53190"},{"taxonomy":"product_tag","embeddable":true,"href":"https:\/\/brandss.com.py\/index\/wp-json\/wp\/v2\/product_tag?post=53190"}],"curies":[{"name":"wp","href":"https:\/\/api.w.org\/{rel}","templated":true}]}}