{"id":53196,"date":"2024-06-28T13:27:50","date_gmt":"2024-06-28T13:27:50","guid":{"rendered":"https:\/\/brandss.com.py\/index\/?post_type=product&#038;p=53196"},"modified":"2026-02-13T10:58:42","modified_gmt":"2026-02-13T10:58:42","slug":"acondicionador-kerasys-revitalizing-600ml","status":"publish","type":"product","link":"https:\/\/brandss.com.py\/index\/producto\/acondicionador-kerasys-revitalizing-600ml\/","title":{"rendered":"ACONDICIONADOR KERASYS REVITALIZING 600ML"},"content":{"rendered":"<p><img loading=\"lazy\" decoding=\"async\" class=\"\" src=\"https:\/\/www.shoppingchina.com.py\/rails\/active_storage\/blobs\/redirect\/eyJfcmFpbHMiOnsibWVzc2FnZSI6IkJBaHBBM1Y1QlE9PSIsImV4cCI6bnVsbCwicHVyIjoiYmxvYl9pZCJ9fQ==--82ec62984ba98c5c38ee048f226d1ed7dd8a0190\/KERASYS.webp\" alt=\"Kerasys no Paraguai | Shopping China\" width=\"103\" height=\"103\" \/><\/p>\n<h1 class=\"text-uppercase\">REVITALIZING<\/h1>\n<p>Acondicionador para cabello fino, rizado, liso u ondulado. El Acondicionador Revitalizante Kerasys da volumen, fuerza y revitaliza el cabello, ayuda a prevenir las puntas abiertas, el encrespamiento y la rotura. Hidrata el cabello y lo deja sedoso y saludable, est\u00e1 especialmente recomendado para cabello seco, da\u00f1ado, d\u00e9bil y sin brillo.<\/p>\n<p>El triple sistema con aceite de arg\u00e1n, jojoba y aceite de aguacate transforma el cabello fino y d\u00e9bil en brillante, el\u00e1stico y lleno de vitalidad.<br \/>\nEl cabello queda alisado y regenerado en toda su longitud. La hidrataci\u00f3n intensa los hace sedosos, fuertes y saludables.<\/p>\n<p>Los extractos de hierbas alpinas suizas contenidos en los productos ayudan a cuidar el cuero cabelludo y las sustancias medicinales penetran profundamente en la estructura celular del cabello para regenerarlo eficazmente. Contienen vitaminas E y I, as\u00ed como un complejo de queratina, responsable del buen estado y aspecto saludable del cabello<\/p>\n<h3>CARACTERISTICAS:<\/h3>\n<ul class=\"a-unordered-list a-vertical a-spacing-mini\">\n<li class=\"a-spacing-mini\"><span class=\"a-list-item\">New Formula Kerasys Hair Clinic REVITALIZING 20.2 fl oz \/ 20.3 fl oz<\/span><\/li>\n<li class=\"a-spacing-mini\"><span class=\"a-list-item\">Cuidado voluminizador intensivo con aceite de rosa mosqueta<\/span><\/li>\n<li class=\"a-spacing-mini\"><span class=\"a-list-item\">Sistema de cuidado de prote\u00ednas para cabello fino y fl\u00e1cido<\/span><\/li>\n<li class=\"a-spacing-mini\"><span class=\"a-list-item\">17 Amino\u00e1cidos y prote\u00ednas<\/span><\/li>\n<li class=\"a-spacing-mini\"><span class=\"a-list-item\">Cl\u00ednica capilar a base de prote\u00ednas para un cabello sano y brillante<\/span><\/li>\n<\/ul>\n","protected":false},"excerpt":{"rendered":"<p>REVITALIZING Acondicionador para cabello fino, rizado, liso u ondulado. El Acondicionador Revitalizante Kerasys da volumen, fuerza y revitaliza el cabello,<\/p>\n","protected":false},"featured_media":53197,"comment_status":"open","ping_status":"closed","template":"","meta":{"nf_dc_page":""},"product_brand":[204],"product_cat":[85],"product_tag":[211],"class_list":{"0":"post-53196","1":"product","2":"type-product","3":"status-publish","4":"has-post-thumbnail","6":"product_brand-kerasys","7":"product_cat-cosmeticos","8":"product_tag-211","10":"first","11":"instock","12":"shipping-taxable","13":"purchasable","14":"product-type-simple"},"_links":{"self":[{"href":"https:\/\/brandss.com.py\/index\/wp-json\/wp\/v2\/product\/53196","targetHints":{"allow":["GET"]}}],"collection":[{"href":"https:\/\/brandss.com.py\/index\/wp-json\/wp\/v2\/product"}],"about":[{"href":"https:\/\/brandss.com.py\/index\/wp-json\/wp\/v2\/types\/product"}],"replies":[{"embeddable":true,"href":"https:\/\/brandss.com.py\/index\/wp-json\/wp\/v2\/comments?post=53196"}],"version-history":[{"count":1,"href":"https:\/\/brandss.com.py\/index\/wp-json\/wp\/v2\/product\/53196\/revisions"}],"predecessor-version":[{"id":53202,"href":"https:\/\/brandss.com.py\/index\/wp-json\/wp\/v2\/product\/53196\/revisions\/53202"}],"wp:featuredmedia":[{"embeddable":true,"href":"https:\/\/brandss.com.py\/index\/wp-json\/wp\/v2\/media\/53197"}],"wp:attachment":[{"href":"https:\/\/brandss.com.py\/index\/wp-json\/wp\/v2\/media?parent=53196"}],"wp:term":[{"taxonomy":"product_brand","embeddable":true,"href":"https:\/\/brandss.com.py\/index\/wp-json\/wp\/v2\/product_brand?post=53196"},{"taxonomy":"product_cat","embeddable":true,"href":"https:\/\/brandss.com.py\/index\/wp-json\/wp\/v2\/product_cat?post=53196"},{"taxonomy":"product_tag","embeddable":true,"href":"https:\/\/brandss.com.py\/index\/wp-json\/wp\/v2\/product_tag?post=53196"}],"curies":[{"name":"wp","href":"https:\/\/api.w.org\/{rel}","templated":true}]}}