{"id":53203,"date":"2024-06-28T15:02:40","date_gmt":"2024-06-28T15:02:40","guid":{"rendered":"https:\/\/brandss.com.py\/index\/?post_type=product&#038;p=53203"},"modified":"2025-09-24T16:33:17","modified_gmt":"2025-09-24T16:33:17","slug":"shampoo-kerasys-repairing-600ml","status":"publish","type":"product","link":"https:\/\/brandss.com.py\/index\/producto\/shampoo-kerasys-repairing-600ml\/","title":{"rendered":"SHAMPOO KERASYS REPAIRING 600ML"},"content":{"rendered":"<p><img loading=\"lazy\" decoding=\"async\" class=\"\" src=\"https:\/\/www.shoppingchina.com.py\/rails\/active_storage\/blobs\/redirect\/eyJfcmFpbHMiOnsibWVzc2FnZSI6IkJBaHBBM1Y1QlE9PSIsImV4cCI6bnVsbCwicHVyIjoiYmxvYl9pZCJ9fQ==--82ec62984ba98c5c38ee048f226d1ed7dd8a0190\/KERASYS.webp\" alt=\"Kerasys no Paraguai | Shopping China\" width=\"85\" height=\"85\" \/><\/p>\n<h1 class=\"text-uppercase\">REPAIRING<\/h1>\n<p class=\"QN2lPu\"><span>Con el ingrediente reparador ceramida, este champ\u00fa es especialmente adecuado para el cabello da\u00f1ado y fr\u00e1gil, dej\u00e1ndolo brillante y nutrido. Kerasys Repairing Shampoo para cabellos da\u00f1ados y con puntas abiertas compuesta con antioxidantes naturales y filtro solar que acondicionan y protegen el cabello contra los rayos UV, fortalecen y reparan el pelo, cerrando las puntas abiertas, otorgando suavidad y brillo radiante al cabello.<\/span><\/p>\n<p>&nbsp;<\/p>\n<p class=\"QN2lPu\"><strong>Caracter\u00edsticas del producto:<\/strong><\/p>\n<p>&nbsp;<\/p>\n<p class=\"QN2lPu\"><span>\u2022 Reparador: con ingredientes triplemente nutritivos, que incluyen aceite marroqu\u00ed, aceite de jojoba y aceite de aguacate, las fibras capilares se envuelven con un velo nutritivo y se vuelven suaves y flexibles.<\/span><\/p>\n<p class=\"QN2lPu\"><span> \u2022 Nutrientes reponedores: formulado con Edelweiss y extracto de hierbas, el cabello se repone de amino\u00e1cidos y vitaminas, mejorando el cabello con luminosidad y flexibilidad. <\/span><\/p>\n<p class=\"QN2lPu\"><strong>Ingredientes: <\/strong><\/p>\n<p class=\"QN2lPu\"><span>\u2022 Aceite marroqu\u00ed, aceite de jojoba, aceite de aguacate: nutritivos<\/span><\/p>\n<p class=\"QN2lPu\"><span>\u2022 Ceramida: repara y suaviza el cabello.<\/span><\/p>\n<p class=\"QN2lPu\"><span>\u2022 Edelweiss, extracto de hierbas: repone los nutrientes ricos del cabello.<\/span><\/p>\n","protected":false},"excerpt":{"rendered":"<p>REPAIRING Con el ingrediente reparador ceramida, este champ\u00fa es especialmente adecuado para el cabello da\u00f1ado y fr\u00e1gil, dej\u00e1ndolo brillante y<\/p>\n","protected":false},"featured_media":53204,"comment_status":"open","ping_status":"closed","template":"","meta":{"nf_dc_page":""},"product_brand":[204],"product_cat":[85],"product_tag":[212],"class_list":{"0":"post-53203","1":"product","2":"type-product","3":"status-publish","4":"has-post-thumbnail","6":"product_brand-kerasys","7":"product_cat-cosmeticos","8":"product_tag-212","10":"first","11":"instock","12":"shipping-taxable","13":"purchasable","14":"product-type-simple"},"_links":{"self":[{"href":"https:\/\/brandss.com.py\/index\/wp-json\/wp\/v2\/product\/53203","targetHints":{"allow":["GET"]}}],"collection":[{"href":"https:\/\/brandss.com.py\/index\/wp-json\/wp\/v2\/product"}],"about":[{"href":"https:\/\/brandss.com.py\/index\/wp-json\/wp\/v2\/types\/product"}],"replies":[{"embeddable":true,"href":"https:\/\/brandss.com.py\/index\/wp-json\/wp\/v2\/comments?post=53203"}],"version-history":[{"count":1,"href":"https:\/\/brandss.com.py\/index\/wp-json\/wp\/v2\/product\/53203\/revisions"}],"predecessor-version":[{"id":53209,"href":"https:\/\/brandss.com.py\/index\/wp-json\/wp\/v2\/product\/53203\/revisions\/53209"}],"wp:featuredmedia":[{"embeddable":true,"href":"https:\/\/brandss.com.py\/index\/wp-json\/wp\/v2\/media\/53204"}],"wp:attachment":[{"href":"https:\/\/brandss.com.py\/index\/wp-json\/wp\/v2\/media?parent=53203"}],"wp:term":[{"taxonomy":"product_brand","embeddable":true,"href":"https:\/\/brandss.com.py\/index\/wp-json\/wp\/v2\/product_brand?post=53203"},{"taxonomy":"product_cat","embeddable":true,"href":"https:\/\/brandss.com.py\/index\/wp-json\/wp\/v2\/product_cat?post=53203"},{"taxonomy":"product_tag","embeddable":true,"href":"https:\/\/brandss.com.py\/index\/wp-json\/wp\/v2\/product_tag?post=53203"}],"curies":[{"name":"wp","href":"https:\/\/api.w.org\/{rel}","templated":true}]}}