{"id":53231,"date":"2024-06-28T17:51:11","date_gmt":"2024-06-28T17:51:11","guid":{"rendered":"https:\/\/brandss.com.py\/index\/?post_type=product&#038;p=53231"},"modified":"2026-02-09T12:26:03","modified_gmt":"2026-02-09T12:26:03","slug":"shampoo-kerasys-advanced-repair-ampoule-600ml","status":"publish","type":"product","link":"https:\/\/brandss.com.py\/index\/producto\/shampoo-kerasys-advanced-repair-ampoule-600ml\/","title":{"rendered":"SHAMPOO KERASYS ADVANCED REPAIR AMPOULE 600ML"},"content":{"rendered":"<p><img loading=\"lazy\" decoding=\"async\" class=\"\" src=\"https:\/\/www.shoppingchina.com.py\/rails\/active_storage\/blobs\/redirect\/eyJfcmFpbHMiOnsibWVzc2FnZSI6IkJBaHBBM1Y1QlE9PSIsImV4cCI6bnVsbCwicHVyIjoiYmxvYl9pZCJ9fQ==--82ec62984ba98c5c38ee048f226d1ed7dd8a0190\/KERASYS.webp\" alt=\"Kerasys no Paraguai | Shopping China\" width=\"94\" height=\"94\" \/><\/p>\n<h1 class=\"product_title entry-title\">\u00a0ADVANCED REPAIR AMPOULE<\/h1>\n<p><span>Es un champ\u00fa regenerador con queratina y aceites para cabello severamente da\u00f1ado. Est\u00e1 dise\u00f1ado para el cuidado intensivo del cabello que ha sufrido da\u00f1os qu\u00edmicos o t\u00e9rmicos, ha perdido fuerza y \u200b\u200bbrillo.F\u00f3rmula innovadora para cabellos extremadamente da\u00f1ados o tratados qu\u00edmicamente. Proporciona nutrici\u00f3n profunda. Enriquecida con ampolla de queratina que restaura la fuerza natural del cabello, aumentando su resistencia y devolviendo el brillo y suavidad al pelo. Toda la l\u00ednea Advanced Repair Ampoule ofrece una nutrici\u00f3n profunda para tu cabello. <\/span><span>Gracias a MICRO WHIP TECH. tecnolog\u00eda de limpieza suave, el champ\u00fa no agrava el da\u00f1o del cabello durante el proceso de limpieza, elimina suavemente los productos de peinado, impurezas y toxinas acumuladas, el suero de queratina en su composici\u00f3n ayuda a mejorar la apariencia y estructura del cabello y tambi\u00e9n protege de la influencia agresiva de factores externos. Y el efecto complejo de los aceites de arg\u00e1n, jojoba, coco, aguacate y baobab proporciona una nutrici\u00f3n profunda, hidrata, fortalece el cabello, le devuelve elasticidad, suavidad, tersura y un brillo saludable.<\/span><\/p>\n<p>&nbsp;<\/p>\n<p><strong><span>Beneficios:<\/span><\/strong><\/p>\n<p><span>\u2013 Limpieza suave<\/span><\/p>\n<p><span>\u2013 Fortalecer y restaurar<\/span><\/p>\n<p><span>\u2013 Elasticidad<\/span><\/p>\n<p><span>\u2013 Nutrici\u00f3n y curaci\u00f3n<\/span><\/p>\n<p><span>&#8211; Proteccion<\/span><\/p>\n<p>&nbsp;<\/p>\n<p><strong><span>C\u00f3mo utilizar:<\/span><\/strong><\/p>\n<p><span>1. Aplicar una peque\u00f1a cantidad sobre el cabello h\u00famedo desde la ra\u00edz, masajear durante 1-2 minutos y aclarar abundantemente con agua tibia. Repita seg\u00fan sea necesario.<\/span><\/p>\n","protected":false},"excerpt":{"rendered":"<p>\u00a0ADVANCED REPAIR AMPOULE Es un champ\u00fa regenerador con queratina y aceites para cabello severamente da\u00f1ado. Est\u00e1 dise\u00f1ado para el cuidado<\/p>\n","protected":false},"featured_media":53232,"comment_status":"open","ping_status":"closed","template":"","meta":{"nf_dc_page":""},"product_brand":[204],"product_cat":[85],"product_tag":[215],"class_list":{"0":"post-53231","1":"product","2":"type-product","3":"status-publish","4":"has-post-thumbnail","6":"product_brand-kerasys","7":"product_cat-cosmeticos","8":"product_tag-215","10":"first","11":"instock","12":"sale","13":"shipping-taxable","14":"purchasable","15":"product-type-simple"},"_links":{"self":[{"href":"https:\/\/brandss.com.py\/index\/wp-json\/wp\/v2\/product\/53231","targetHints":{"allow":["GET"]}}],"collection":[{"href":"https:\/\/brandss.com.py\/index\/wp-json\/wp\/v2\/product"}],"about":[{"href":"https:\/\/brandss.com.py\/index\/wp-json\/wp\/v2\/types\/product"}],"replies":[{"embeddable":true,"href":"https:\/\/brandss.com.py\/index\/wp-json\/wp\/v2\/comments?post=53231"}],"version-history":[{"count":1,"href":"https:\/\/brandss.com.py\/index\/wp-json\/wp\/v2\/product\/53231\/revisions"}],"predecessor-version":[{"id":53237,"href":"https:\/\/brandss.com.py\/index\/wp-json\/wp\/v2\/product\/53231\/revisions\/53237"}],"wp:featuredmedia":[{"embeddable":true,"href":"https:\/\/brandss.com.py\/index\/wp-json\/wp\/v2\/media\/53232"}],"wp:attachment":[{"href":"https:\/\/brandss.com.py\/index\/wp-json\/wp\/v2\/media?parent=53231"}],"wp:term":[{"taxonomy":"product_brand","embeddable":true,"href":"https:\/\/brandss.com.py\/index\/wp-json\/wp\/v2\/product_brand?post=53231"},{"taxonomy":"product_cat","embeddable":true,"href":"https:\/\/brandss.com.py\/index\/wp-json\/wp\/v2\/product_cat?post=53231"},{"taxonomy":"product_tag","embeddable":true,"href":"https:\/\/brandss.com.py\/index\/wp-json\/wp\/v2\/product_tag?post=53231"}],"curies":[{"name":"wp","href":"https:\/\/api.w.org\/{rel}","templated":true}]}}