{"id":53238,"date":"2024-06-28T18:10:30","date_gmt":"2024-06-28T18:10:30","guid":{"rendered":"https:\/\/brandss.com.py\/index\/?post_type=product&#038;p=53238"},"modified":"2026-03-27T13:42:07","modified_gmt":"2026-03-27T13:42:07","slug":"acondicionador-kerasys-tratamiento-advanced-repair-ampoule-600ml","status":"publish","type":"product","link":"https:\/\/brandss.com.py\/index\/producto\/acondicionador-kerasys-tratamiento-advanced-repair-ampoule-600ml\/","title":{"rendered":"ACONDICIONADOR KERASYS TRATAMIENTO ADVANCED REPAIR AMPOULE 600ML"},"content":{"rendered":"<p><img loading=\"lazy\" decoding=\"async\" class=\"\" src=\"https:\/\/www.shoppingchina.com.py\/rails\/active_storage\/blobs\/redirect\/eyJfcmFpbHMiOnsibWVzc2FnZSI6IkJBaHBBM1Y1QlE9PSIsImV4cCI6bnVsbCwicHVyIjoiYmxvYl9pZCJ9fQ==--82ec62984ba98c5c38ee048f226d1ed7dd8a0190\/KERASYS.webp\" alt=\"Kerasys no Paraguai | Shopping China\" width=\"112\" height=\"112\" \/><\/p>\n<h1 id=\"producto-nombre\" class=\"product_title entry-title\">ADVANCED REPAIR AMPOULE<\/h1>\n<p>Es un acondicionador revitalizante con una f\u00f3rmula innovadora para puntas abiertas y cabello te\u00f1ido severamente da\u00f1ado. Cuidado capilar intensivo con queratina para una restauraci\u00f3n profunda del cabello que restaura la fuerza natural del cabello, aumenta la resistencia y recupera el brillo y el brillo aterciopelado. El componente principal para el cabello es la prote\u00edna, que nutre el cabello y lo mantiene saludable con un complejo de cinco aceites naturales: arg\u00e1n, jojoba, coco, aguacate y baobab. Apto para todo tipo de cabello.<\/p>\n<p>&nbsp;<\/p>\n<p><strong>Beneficios:<\/strong><\/p>\n<p>\u2013 Hidrataci\u00f3n profunda<\/p>\n<p>\u2013 restaurando<\/p>\n<p>\u2013 suavidad<\/p>\n<p>&#8211; fortaleza<\/p>\n<p>&nbsp;<\/p>\n<p><strong>C\u00f3mo utilizar:<\/strong><\/p>\n<p>1. Aplicar sobre el largo del cabello h\u00famedo despu\u00e9s del champ\u00fa durante el tiempo indicado en el envase, enjuagar bien con agua tibia.<\/p>\n","protected":false},"excerpt":{"rendered":"<p>ADVANCED REPAIR AMPOULE Es un acondicionador revitalizante con una f\u00f3rmula innovadora para puntas abiertas y cabello te\u00f1ido severamente da\u00f1ado. Cuidado<\/p>\n","protected":false},"featured_media":53239,"comment_status":"open","ping_status":"closed","template":"","meta":{"nf_dc_page":""},"product_brand":[204],"product_cat":[85],"product_tag":[216],"class_list":{"0":"post-53238","1":"product","2":"type-product","3":"status-publish","4":"has-post-thumbnail","6":"product_brand-kerasys","7":"product_cat-cosmeticos","8":"product_tag-216","10":"first","11":"instock","12":"sale","13":"shipping-taxable","14":"purchasable","15":"product-type-simple"},"_links":{"self":[{"href":"https:\/\/brandss.com.py\/index\/wp-json\/wp\/v2\/product\/53238","targetHints":{"allow":["GET"]}}],"collection":[{"href":"https:\/\/brandss.com.py\/index\/wp-json\/wp\/v2\/product"}],"about":[{"href":"https:\/\/brandss.com.py\/index\/wp-json\/wp\/v2\/types\/product"}],"replies":[{"embeddable":true,"href":"https:\/\/brandss.com.py\/index\/wp-json\/wp\/v2\/comments?post=53238"}],"version-history":[{"count":2,"href":"https:\/\/brandss.com.py\/index\/wp-json\/wp\/v2\/product\/53238\/revisions"}],"predecessor-version":[{"id":53245,"href":"https:\/\/brandss.com.py\/index\/wp-json\/wp\/v2\/product\/53238\/revisions\/53245"}],"wp:featuredmedia":[{"embeddable":true,"href":"https:\/\/brandss.com.py\/index\/wp-json\/wp\/v2\/media\/53239"}],"wp:attachment":[{"href":"https:\/\/brandss.com.py\/index\/wp-json\/wp\/v2\/media?parent=53238"}],"wp:term":[{"taxonomy":"product_brand","embeddable":true,"href":"https:\/\/brandss.com.py\/index\/wp-json\/wp\/v2\/product_brand?post=53238"},{"taxonomy":"product_cat","embeddable":true,"href":"https:\/\/brandss.com.py\/index\/wp-json\/wp\/v2\/product_cat?post=53238"},{"taxonomy":"product_tag","embeddable":true,"href":"https:\/\/brandss.com.py\/index\/wp-json\/wp\/v2\/product_tag?post=53238"}],"curies":[{"name":"wp","href":"https:\/\/api.w.org\/{rel}","templated":true}]}}