{"id":53278,"date":"2024-06-29T13:00:36","date_gmt":"2024-06-29T13:00:36","guid":{"rendered":"https:\/\/brandss.com.py\/index\/?post_type=product&#038;p=53278"},"modified":"2025-09-24T16:48:47","modified_gmt":"2025-09-24T16:48:47","slug":"acondicionador-kerasys-royal-propolis-original-treatment-1000ml","status":"publish","type":"product","link":"https:\/\/brandss.com.py\/index\/producto\/acondicionador-kerasys-royal-propolis-original-treatment-1000ml\/","title":{"rendered":"TRATAMIENTO CAPILAR KERASYS ROYAL PROPOLIS ORIGINAL 1000ML"},"content":{"rendered":"<p><img loading=\"lazy\" decoding=\"async\" class=\"\" src=\"https:\/\/www.shoppingchina.com.py\/rails\/active_storage\/blobs\/redirect\/eyJfcmFpbHMiOnsibWVzc2FnZSI6IkJBaHBBM1Y1QlE9PSIsImV4cCI6bnVsbCwicHVyIjoiYmxvYl9pZCJ9fQ==--82ec62984ba98c5c38ee048f226d1ed7dd8a0190\/KERASYS.webp\" alt=\"Kerasys no Paraguai | Shopping China\" width=\"92\" height=\"92\" \/><\/p>\n<h1 class=\"product-title text-left text-2xl text-black font-bold\">ROYAL PROPOLIS<\/h1>\n<p>El\u00a0Tratamiento Kerasys Original Propolis Royal\u00a0est\u00e1 indicado para cabellos da\u00f1ados y fr\u00e1giles. Est\u00e1 formulado con Prop\u00f3leo, rico en vitaminas y minerales que ayudan a que el cabello y el cuero cabelludo est\u00e9n sanos. Este tratamiento promueve un brillo maravilloso gracias a la Jalea Real, un nutriente creado para alimentar a las abejas reinas. Es un tratamiento reconstructivo para cabellos con puntas abiertas y debilitados, ya que utiliza en su f\u00f3rmula los nutrientes m\u00e1s ricos en miel.<\/p>\n<p>&nbsp;<\/p>\n<p><strong>Modo de uso:<\/strong><\/p>\n<p>&nbsp;<\/p>\n<p>Aplicar el Tratamiento en largos y puntas del cabello h\u00famedo y limpio. D\u00e9jalo actuar de 2 a 3 minutos y luego enjuaga bien. Para obtener el mejor efecto, utilice\u00a0Kerasys Original Propolis Royal Shampoo.<\/p>\n","protected":false},"excerpt":{"rendered":"<p>ROYAL PROPOLIS El\u00a0Tratamiento Kerasys Original Propolis Royal\u00a0est\u00e1 indicado para cabellos da\u00f1ados y fr\u00e1giles. Est\u00e1 formulado con Prop\u00f3leo, rico en vitaminas<\/p>\n","protected":false},"featured_media":53279,"comment_status":"open","ping_status":"closed","template":"","meta":{"nf_dc_page":""},"product_brand":[204],"product_cat":[85],"product_tag":[220],"class_list":{"0":"post-53278","1":"product","2":"type-product","3":"status-publish","4":"has-post-thumbnail","6":"product_brand-kerasys","7":"product_cat-cosmeticos","8":"product_tag-220","10":"first","11":"instock","12":"shipping-taxable","13":"purchasable","14":"product-type-simple"},"_links":{"self":[{"href":"https:\/\/brandss.com.py\/index\/wp-json\/wp\/v2\/product\/53278","targetHints":{"allow":["GET"]}}],"collection":[{"href":"https:\/\/brandss.com.py\/index\/wp-json\/wp\/v2\/product"}],"about":[{"href":"https:\/\/brandss.com.py\/index\/wp-json\/wp\/v2\/types\/product"}],"replies":[{"embeddable":true,"href":"https:\/\/brandss.com.py\/index\/wp-json\/wp\/v2\/comments?post=53278"}],"version-history":[{"count":3,"href":"https:\/\/brandss.com.py\/index\/wp-json\/wp\/v2\/product\/53278\/revisions"}],"predecessor-version":[{"id":75383,"href":"https:\/\/brandss.com.py\/index\/wp-json\/wp\/v2\/product\/53278\/revisions\/75383"}],"wp:featuredmedia":[{"embeddable":true,"href":"https:\/\/brandss.com.py\/index\/wp-json\/wp\/v2\/media\/53279"}],"wp:attachment":[{"href":"https:\/\/brandss.com.py\/index\/wp-json\/wp\/v2\/media?parent=53278"}],"wp:term":[{"taxonomy":"product_brand","embeddable":true,"href":"https:\/\/brandss.com.py\/index\/wp-json\/wp\/v2\/product_brand?post=53278"},{"taxonomy":"product_cat","embeddable":true,"href":"https:\/\/brandss.com.py\/index\/wp-json\/wp\/v2\/product_cat?post=53278"},{"taxonomy":"product_tag","embeddable":true,"href":"https:\/\/brandss.com.py\/index\/wp-json\/wp\/v2\/product_tag?post=53278"}],"curies":[{"name":"wp","href":"https:\/\/api.w.org\/{rel}","templated":true}]}}