{"id":53295,"date":"2024-06-29T14:17:56","date_gmt":"2024-06-29T14:17:56","guid":{"rendered":"https:\/\/brandss.com.py\/index\/?post_type=product&#038;p=53295"},"modified":"2026-04-07T14:37:53","modified_gmt":"2026-04-07T14:37:53","slug":"exfoliante-tree-hut-sunkissed-poppy-510g","status":"publish","type":"product","link":"https:\/\/brandss.com.py\/index\/producto\/exfoliante-tree-hut-sunkissed-poppy-510g\/","title":{"rendered":"EXFOLIANTE CORPORAL TREE HUT SUNKISSED POPPY 510G"},"content":{"rendered":"<p><img loading=\"lazy\" decoding=\"async\" class=\"\" src=\"https:\/\/www.cosmetify.com\/images\/brands\/tree-hut.png\" alt=\"Tree Hut | Sales &amp; Offers | Cosmetify\" width=\"176\" height=\"88\" \/><\/p>\n<h1>SUNKISSED POPPY<\/h1>\n<p>Mejora tu rutina de ducha, exfolia tu piel y luce una piel suave y radiante con el aroma alegre y luminoso de Sunkissed Poppy. Elaborado con az\u00facar, manteca de karit\u00e9, lirio blanco y cal\u00e9ndula para dejar la piel nutrida y con un aroma delicioso.<\/p>\n<h3 class=\"why-love-it-heading\">por qu\u00e9 te encantar\u00e1<\/h3>\n<div class=\"grid\">\n<div class=\"grid__item medium-up--one-third\">\n<div class=\"why_product-inner aligned--\">\n<div class=\"why_product-fig\"><img loading=\"lazy\" decoding=\"async\" class=\"alignleft\" src=\"https:\/\/cdn.shopify.com\/s\/files\/1\/0543\/1594\/2065\/t\/7\/assets\/a33144093fae--SunkissedPoppySScrub-wyli-smear.png?v=1706557266\" alt=\"Por qu\u00e9 te encantar\u00e1 - Glow\" width=\"232\" height=\"232\" \/><\/div>\n<div class=\"why_product-info\">\n<h4><\/h4>\n<h4 class=\"h4i\">Brillo<\/h4>\n<p>Nutre profundamente y equilibra la hidrataci\u00f3n de la piel para ayudar a restaurar el brillo natural de la piel.<\/p>\n<\/div>\n<\/div>\n<\/div>\n<div class=\"grid__item medium-up--one-third\">\n<div class=\"why_product-inner aligned--\">\n<div class=\"why_product-fig\"><img loading=\"lazy\" decoding=\"async\" class=\"alignright\" src=\"https:\/\/cdn.shopify.com\/s\/files\/1\/0543\/1594\/2065\/t\/7\/assets\/554a508e0bdd--SunkissedPoppy-scent-wyli.png?v=1706557275\" alt=\"Por qu\u00e9 te encantar\u00e1 - Aroma\" width=\"393\" height=\"393\" \/><\/div>\n<div class=\"why_product-info\">\n<h4><\/h4>\n<h4><\/h4>\n<h4><\/h4>\n<h4 class=\"h4i\">Aroma<\/h4>\n<p>Un capricho floral con notas de clementinas reci\u00e9n recogidas, lirio blanco y un toque de \u00e1mbar.<\/p>\n<\/div>\n<\/div>\n<\/div>\n<div class=\"grid__item medium-up--one-third\">\n<div class=\"why_product-inner aligned--\">\n<div class=\"why_product-fig\"><img loading=\"lazy\" decoding=\"async\" class=\"alignleft\" src=\"https:\/\/cdn.shopify.com\/s\/files\/1\/0543\/1594\/2065\/t\/7\/assets\/483a0f6c6de8--rear-results-wyli.png?v=1706557282\" alt=\"Por qu\u00e9 te encantar\u00e1 - Resultados\" width=\"327\" height=\"327\" \/><\/div>\n<div class=\"why_product-info\">\n<h4><\/h4>\n<h4 class=\"h4i\">Resultados<\/h4>\n<p>Elimina la piel opaca y seca para revelar una piel brillante, suave y tersa mientras la nutre profundamente y repone la hidrataci\u00f3n de la piel.<\/p>\n<\/div>\n<\/div>\n<h3><\/h3>\n<h3><\/h3>\n<h3>Qu\u00e9 hay adentro?<\/h3>\n<div class=\"whats-inside-fig text-shadow-none standard-text \">\n<p><img loading=\"lazy\" decoding=\"async\" class=\"alignleft\" src=\"https:\/\/cdn.shopify.com\/s\/files\/1\/0543\/1594\/2065\/files\/real-sugar.jpg\" alt=\"Az\u00facar real\" width=\"239\" height=\"239\" \/><\/p>\n<h5><\/h5>\n<h5>AZ\u00daCAR REAL<\/h5>\n<\/div>\n<div class=\"whats-inside-info scent_sunkissed-poppy_light_background\">\n<h5>AZ\u00daCAR REAL<\/h5>\n<div class=\"rte\">\n<div class=\"enlarge-text\">El az\u00facar es un exfoliante natural que elimina eficazmente la piel muerta y al mismo tiempo ayuda a estimular la circulaci\u00f3n en la superficie de la piel.<\/div>\n<\/div>\n<div>\n<div class=\"whats-inside-fig text-shadow-none standard-text \">\n<p><img loading=\"lazy\" decoding=\"async\" class=\"alignleft\" src=\"https:\/\/cdn.shopify.com\/s\/files\/1\/0543\/1594\/2065\/files\/shea-butter.jpg?v=1633109058\" alt=\"manteca de karit\u00e9\" width=\"221\" height=\"221\" \/><\/p>\n<h5><\/h5>\n<h5>MANTECA DE KARIT\u00c9<\/h5>\n<\/div>\n<div class=\"whats-inside-info scent_sunkissed-poppy_light_background\">\n<h5>MANTECA DE KARIT\u00c9<\/h5>\n<div class=\"rte\">\n<div class=\"enlarge-text\">Se sabe que la manteca de karit\u00e9 hidrata profundamente, nutre y suaviza la piel seca al mismo tiempo que ayuda a promover la elasticidad.<\/div>\n<div>\n<div class=\"whats-inside-fig text-shadow-none standard-text \">\n<p><img loading=\"lazy\" decoding=\"async\" class=\"alignleft\" src=\"https:\/\/cdn.shopify.com\/s\/files\/1\/0543\/1594\/2065\/files\/natural-oils.jpg\" alt=\"Aceites naturales\" width=\"235\" height=\"235\" \/><\/p>\n<h5><\/h5>\n<h5>ACEITES NATURALES<\/h5>\n<\/div>\n<div class=\"whats-inside-info scent_sunkissed-poppy_light_background\">\n<h5>ACEITES NATURALES<\/h5>\n<div class=\"rte\">\n<div class=\"enlarge-text\">El aceite de aguacate, el aceite de macadamia, el aceite de naranja dulce, el aceite de almendras dulces, el aceite de onagra y el aceite de c\u00e1rtamo acondicionan la piel para ayudar a prevenir la sequedad y equilibrar la hidrataci\u00f3n para un brillo refinado y saludable.<\/div>\n<\/div>\n<div>\n<div class=\"whats-inside-fig text-shadow-none standard-text \">\n<h5><\/h5>\n<\/div>\n<div class=\"whats-inside-info scent_sunkissed-poppy_light_background\">\n<div class=\"rte\">\n<div class=\"enlarge-text\">\n<div class=\"whats-inside-fig text-shadow-none standard-text \">\n<p><img loading=\"lazy\" decoding=\"async\" class=\"alignleft\" src=\"https:\/\/cdn.shopify.com\/s\/files\/1\/0543\/1594\/2065\/files\/marigold.jpg\" alt=\"Maravilla\" width=\"260\" height=\"260\" \/><\/p>\n<h5><\/h5>\n<h5>MARAVILLA<\/h5>\n<\/div>\n<div class=\"whats-inside-info scent_sunkissed-poppy_light_background\">\n<h5>MARAVILLA<\/h5>\n<div class=\"rte\">\n<div class=\"enlarge-text\">La cal\u00e9ndula puede mejorar el enrojecimiento general.<\/div>\n<\/div>\n<div>\n<div class=\"whats-inside-fig text-shadow-none standard-text \">\n<p><img loading=\"lazy\" decoding=\"async\" class=\"alignleft\" src=\"https:\/\/cdn.shopify.com\/s\/files\/1\/0543\/1594\/2065\/files\/white-lily.jpg\" alt=\"lirio blanco\" width=\"230\" height=\"230\" \/><\/p>\n<h5><\/h5>\n<h5>LIRIO BLANCO<\/h5>\n<\/div>\n<div class=\"whats-inside-info scent_sunkissed-poppy_light_background\">\n<h5>LIRIO BLANCO<\/h5>\n<div class=\"rte\">\n<div class=\"enlarge-text\">El lirio blanco favorece la regeneraci\u00f3n y el brillo de la piel.<\/div>\n<\/div>\n<\/div>\n<\/div>\n<\/div>\n<\/div>\n<\/div>\n<\/div>\n<\/div>\n<\/div>\n<\/div>\n<\/div>\n<\/div>\n<\/div>\n<\/div>\n<\/div>\n<\/div>\n","protected":false},"excerpt":{"rendered":"<p>SUNKISSED POPPY Mejora tu rutina de ducha, exfolia tu piel y luce una piel suave y radiante con el aroma<\/p>\n","protected":false},"featured_media":53296,"comment_status":"open","ping_status":"closed","template":"","meta":{"nf_dc_page":""},"product_brand":[222],"product_cat":[94],"product_tag":[226],"class_list":{"0":"post-53295","1":"product","2":"type-product","3":"status-publish","4":"has-post-thumbnail","6":"product_brand-tree-hut","7":"product_cat-higiene-personal","8":"product_tag-226","10":"first","11":"outofstock","12":"shipping-taxable","13":"purchasable","14":"product-type-simple"},"_links":{"self":[{"href":"https:\/\/brandss.com.py\/index\/wp-json\/wp\/v2\/product\/53295","targetHints":{"allow":["GET"]}}],"collection":[{"href":"https:\/\/brandss.com.py\/index\/wp-json\/wp\/v2\/product"}],"about":[{"href":"https:\/\/brandss.com.py\/index\/wp-json\/wp\/v2\/types\/product"}],"replies":[{"embeddable":true,"href":"https:\/\/brandss.com.py\/index\/wp-json\/wp\/v2\/comments?post=53295"}],"version-history":[{"count":3,"href":"https:\/\/brandss.com.py\/index\/wp-json\/wp\/v2\/product\/53295\/revisions"}],"predecessor-version":[{"id":53367,"href":"https:\/\/brandss.com.py\/index\/wp-json\/wp\/v2\/product\/53295\/revisions\/53367"}],"wp:featuredmedia":[{"embeddable":true,"href":"https:\/\/brandss.com.py\/index\/wp-json\/wp\/v2\/media\/53296"}],"wp:attachment":[{"href":"https:\/\/brandss.com.py\/index\/wp-json\/wp\/v2\/media?parent=53295"}],"wp:term":[{"taxonomy":"product_brand","embeddable":true,"href":"https:\/\/brandss.com.py\/index\/wp-json\/wp\/v2\/product_brand?post=53295"},{"taxonomy":"product_cat","embeddable":true,"href":"https:\/\/brandss.com.py\/index\/wp-json\/wp\/v2\/product_cat?post=53295"},{"taxonomy":"product_tag","embeddable":true,"href":"https:\/\/brandss.com.py\/index\/wp-json\/wp\/v2\/product_tag?post=53295"}],"curies":[{"name":"wp","href":"https:\/\/api.w.org\/{rel}","templated":true}]}}