{"id":53305,"date":"2024-06-29T15:13:44","date_gmt":"2024-06-29T15:13:44","guid":{"rendered":"https:\/\/brandss.com.py\/index\/?post_type=product&#038;p=53305"},"modified":"2026-04-07T14:37:53","modified_gmt":"2026-04-07T14:37:53","slug":"exfoliante-tree-hut-watermelon-510g","status":"publish","type":"product","link":"https:\/\/brandss.com.py\/index\/producto\/exfoliante-tree-hut-watermelon-510g\/","title":{"rendered":"EXFOLIANTE CORPORAL TREE HUT WATERMELON 510G"},"content":{"rendered":"<p><img loading=\"lazy\" decoding=\"async\" class=\"\" src=\"https:\/\/www.cosmetify.com\/images\/brands\/tree-hut.png\" alt=\"Tree Hut | Sales &amp; Offers | Cosmetify\" width=\"186\" height=\"93\" \/><\/p>\n<h1 class=\"text-content-padding product-name\">WATERMELON<\/h1>\n<p>Mejora tu rutina de ducha, exfolia tu piel y luce una piel suave y radiante con el aroma refrescante de la sand\u00eda. Elaborado con az\u00facar, manteca de karit\u00e9, sand\u00eda, col\u00e1geno vegano y una variedad de aceites naturales, incluidos los de onagra, aguacate, macadamia, almendras dulces, c\u00e1rtamo y naranja.<\/p>\n<h3 class=\"why-love-it-heading\"><span>por qu\u00e9 te encantar\u00e1<\/span><\/h3>\n<div class=\"grid\">\n<div class=\"grid__item medium-up--one-third\">\n<div class=\"why_product-inner aligned--\">\n<div class=\"why_product-fig\"><img loading=\"lazy\" decoding=\"async\" class=\"alignleft\" src=\"https:\/\/cdn.shopify.com\/s\/files\/1\/0543\/1594\/2065\/t\/7\/assets\/be179b545cb5--glow-watermelon-sugar-scrub-wyli.png?v=1633213696\" alt=\"Por qu\u00e9 te encantar\u00e1 - Glow\" width=\"228\" height=\"228\" \/><\/div>\n<div class=\"why_product-info\">\n<h4><\/h4>\n<h4 class=\"h4i\">Brillo<\/h4>\n<p>Nutre profundamente y equilibra la hidrataci\u00f3n de la piel para ayudar a restaurar el brillo natural de la piel.<\/p>\n<\/div>\n<\/div>\n<\/div>\n<div class=\"grid__item medium-up--one-third\">\n<div class=\"why_product-inner aligned--\">\n<div class=\"why_product-fig\"><img loading=\"lazy\" decoding=\"async\" class=\"alignleft\" src=\"https:\/\/cdn.shopify.com\/s\/files\/1\/0543\/1594\/2065\/t\/7\/assets\/1121663bdf9b--tree-hut-watermelon-scent-wyli.png?v=1633217124\" alt=\"Por qu\u00e9 te encantar\u00e1 - Aroma\" width=\"223\" height=\"223\" \/><\/div>\n<div class=\"why_product-info\">\n<h4><\/h4>\n<h4 class=\"h4i\">Aroma<\/h4>\n<p>Huele como una explosi\u00f3n de hidrataci\u00f3n con notas clave de sand\u00eda, ralladura de lim\u00f3n y algod\u00f3n de az\u00facar de frambuesa.<\/p>\n<p>&nbsp;<\/p>\n<\/div>\n<\/div>\n<\/div>\n<div class=\"grid__item medium-up--one-third\">\n<div class=\"why_product-inner aligned--\">\n<div class=\"why_product-fig\"><img loading=\"lazy\" decoding=\"async\" class=\"alignleft\" src=\"https:\/\/cdn.shopify.com\/s\/files\/1\/0543\/1594\/2065\/t\/7\/assets\/7fbde224ee87--tree-hut-legs-results-wyli.png?v=1633217140\" alt=\"Por qu\u00e9 te encantar\u00e1 - Resultados\" width=\"252\" height=\"252\" \/><\/div>\n<div class=\"why_product-info\">\n<h4><\/h4>\n<h4 class=\"h4i\">Resultados<\/h4>\n<p>Elimina la piel opaca y seca para revelar una piel brillante, suave y tersa.<\/p>\n<h3><\/h3>\n<h3><\/h3>\n<h3>Qu\u00e9 hay adentro?<\/h3>\n<div class=\"whats-inside-fig text-shadow-none standard-text \"><img loading=\"lazy\" decoding=\"async\" class=\"alignleft\" src=\"https:\/\/cdn.shopify.com\/s\/files\/1\/0543\/1594\/2065\/files\/real-sugar.jpg\" alt=\"Az\u00facar real\" width=\"204\" height=\"204\" \/><\/p>\n<h5><\/h5>\n<h5><span>AZ\u00daCAR REAL<\/span><\/h5>\n<\/div>\n<div class=\"whats-inside-info scent_watermelon_light_background\">\n<h5><span>AZ\u00daCAR REAL<\/span><\/h5>\n<div class=\"rte\">\n<div class=\"enlarge-text\"><span>El az\u00facar es un exfoliante natural que pule eficazmente la piel muerta y al mismo tiempo ayuda a estimular la circulaci\u00f3n en la superficie de la piel.<\/span><\/div>\n<div>\n<div class=\"whats-inside-fig text-shadow-none standard-text \"><img loading=\"lazy\" decoding=\"async\" class=\"alignleft\" src=\"https:\/\/cdn.shopify.com\/s\/files\/1\/0543\/1594\/2065\/files\/shea-butter.jpg?v=1633109058\" alt=\"Manteca de karit\u00e9\" width=\"187\" height=\"187\" \/><\/p>\n<h5><\/h5>\n<h5><span>MANTECA DE KARIT\u00c9<\/span><\/h5>\n<\/div>\n<div class=\"whats-inside-info scent_watermelon_light_background\">\n<h5><span>MANTECA DE KARIT\u00c9<\/span><\/h5>\n<div class=\"rte\">\n<div class=\"enlarge-text\"><span>La manteca de karit\u00e9 es conocida por hidratar, nutrir y suavizar profundamente la piel seca mientras ayuda a promover la elasticidad.<\/span><\/div>\n<div>\n<div class=\"whats-inside-fig text-shadow-none standard-text \"><img loading=\"lazy\" decoding=\"async\" class=\"alignleft\" src=\"https:\/\/cdn.shopify.com\/s\/files\/1\/0543\/1594\/2065\/files\/natural-oils.jpg\" alt=\"Aceites Naturales\" width=\"220\" height=\"220\" \/><\/p>\n<h5><\/h5>\n<h5><span>ACEITES NATURALES<\/span><\/h5>\n<\/div>\n<div class=\"whats-inside-info scent_watermelon_light_background\">\n<h5><span>ACEITES NATURALES<\/span><\/h5>\n<div class=\"rte\">\n<div class=\"enlarge-text\"><span>El aceite de aguacate, el aceite de macadamia, el aceite de naranja dulce, el aceite de almendras dulces, el aceite de onagra y el aceite de c\u00e1rtamo acondicionan la piel para ayudar a prevenir la sequedad y equilibrar la hidrataci\u00f3n para un brillo refinado y saludable.<\/span><\/div>\n<div>\n<div class=\"whats-inside-fig text-shadow-none standard-text \"><img loading=\"lazy\" decoding=\"async\" class=\"alignleft\" src=\"https:\/\/cdn.shopify.com\/s\/files\/1\/0543\/1594\/2065\/files\/watermelon.jpg\" alt=\"Sand\u00eda\" width=\"278\" height=\"278\" \/><\/p>\n<h5><\/h5>\n<h5><\/h5>\n<h5><span>SAND\u00cdA<\/span><\/h5>\n<\/div>\n<div class=\"whats-inside-info scent_watermelon_light_background\">\n<h5><span>SAND\u00cdA<\/span><\/h5>\n<div class=\"rte\">\n<div class=\"enlarge-text\"><span>La sand\u00eda es un humectante natural que ayuda a prevenir la p\u00e9rdida de humedad y proporciona una exfoliaci\u00f3n suave pero efectiva.<\/span><\/div>\n<div>\n<div class=\"whats-inside-fig text-shadow-none standard-text \"><img loading=\"lazy\" decoding=\"async\" class=\"alignleft\" src=\"https:\/\/cdn.shopify.com\/s\/files\/1\/0543\/1594\/2065\/files\/vegan-collagen.jpg\" alt=\"Col\u00e1geno Vegano\" width=\"217\" height=\"217\" \/><\/p>\n<h5><\/h5>\n<h5><span>COL\u00c1GENO VEGANO<\/span><\/h5>\n<\/div>\n<div class=\"whats-inside-info scent_watermelon_light_background\">\n<h5><span>COL\u00c1GENO VEGANO<\/span><\/h5>\n<div class=\"rte\">\n<div class=\"enlarge-text\"><span>Se sabe que el col\u00e1geno vegano ayuda a dar la apariencia de una piel suave y juvenil.<\/span><\/div>\n<\/div>\n<\/div>\n<\/div>\n<\/div>\n<\/div>\n<\/div>\n<\/div>\n<\/div>\n<\/div>\n<\/div>\n<\/div>\n<\/div>\n<\/div>\n<\/div>\n<\/div>\n<\/div>\n<\/div>\n<\/div>\n","protected":false},"excerpt":{"rendered":"<p>WATERMELON Mejora tu rutina de ducha, exfolia tu piel y luce una piel suave y radiante con el aroma refrescante<\/p>\n","protected":false},"featured_media":53306,"comment_status":"open","ping_status":"closed","template":"","meta":{"nf_dc_page":""},"product_brand":[222],"product_cat":[94],"product_tag":[227],"class_list":{"0":"post-53305","1":"product","2":"type-product","3":"status-publish","4":"has-post-thumbnail","6":"product_brand-tree-hut","7":"product_cat-higiene-personal","8":"product_tag-227","10":"first","11":"outofstock","12":"shipping-taxable","13":"purchasable","14":"product-type-simple"},"_links":{"self":[{"href":"https:\/\/brandss.com.py\/index\/wp-json\/wp\/v2\/product\/53305","targetHints":{"allow":["GET"]}}],"collection":[{"href":"https:\/\/brandss.com.py\/index\/wp-json\/wp\/v2\/product"}],"about":[{"href":"https:\/\/brandss.com.py\/index\/wp-json\/wp\/v2\/types\/product"}],"replies":[{"embeddable":true,"href":"https:\/\/brandss.com.py\/index\/wp-json\/wp\/v2\/comments?post=53305"}],"version-history":[{"count":2,"href":"https:\/\/brandss.com.py\/index\/wp-json\/wp\/v2\/product\/53305\/revisions"}],"predecessor-version":[{"id":53368,"href":"https:\/\/brandss.com.py\/index\/wp-json\/wp\/v2\/product\/53305\/revisions\/53368"}],"wp:featuredmedia":[{"embeddable":true,"href":"https:\/\/brandss.com.py\/index\/wp-json\/wp\/v2\/media\/53306"}],"wp:attachment":[{"href":"https:\/\/brandss.com.py\/index\/wp-json\/wp\/v2\/media?parent=53305"}],"wp:term":[{"taxonomy":"product_brand","embeddable":true,"href":"https:\/\/brandss.com.py\/index\/wp-json\/wp\/v2\/product_brand?post=53305"},{"taxonomy":"product_cat","embeddable":true,"href":"https:\/\/brandss.com.py\/index\/wp-json\/wp\/v2\/product_cat?post=53305"},{"taxonomy":"product_tag","embeddable":true,"href":"https:\/\/brandss.com.py\/index\/wp-json\/wp\/v2\/product_tag?post=53305"}],"curies":[{"name":"wp","href":"https:\/\/api.w.org\/{rel}","templated":true}]}}