{"id":53401,"date":"2024-07-01T14:33:05","date_gmt":"2024-07-01T14:33:05","guid":{"rendered":"https:\/\/brandss.com.py\/index\/?post_type=product&#038;p=53401"},"modified":"2026-04-07T14:37:52","modified_gmt":"2026-04-07T14:37:52","slug":"exfoliante-corporal-tree-hut-tahitian-vanilla-bean-510g","status":"publish","type":"product","link":"https:\/\/brandss.com.py\/index\/producto\/exfoliante-corporal-tree-hut-tahitian-vanilla-bean-510g\/","title":{"rendered":"EXFOLIANTE CORPORAL TREE HUT TAHITIAN VANILLA BEAN 510G"},"content":{"rendered":"<p><img loading=\"lazy\" decoding=\"async\" class=\"\" src=\"https:\/\/www.cosmetify.com\/images\/brands\/tree-hut.png\" alt=\"Tree Hut | Sales &amp; Offers | Cosmetify\" width=\"150\" height=\"75\" \/><\/p>\n<h1>TAHITIAN VANILLA BEAN<\/h1>\n<p>Mejora tu rutina de ducha, exfolia el d\u00eda y revela una piel suave y brillante con el c\u00e1lido aroma tropical de la vainilla de Tahit\u00ed. Elaborado con az\u00facar, manteca de karit\u00e9, vainilla y una variedad de aceites naturales como monoi de Tahit\u00ed, onagra, aguacate, macadamia, almendras dulces, c\u00e1rtamo y naranja.<\/p>\n<p>Disfruta de una intensa exfoliaci\u00f3n con el exfoliante corporal Tahitian Vanilla Bean Tree Hut y de su incre\u00edble aroma a coco y pi\u00f1a.<\/p>\n<p>Este producto ha sido formulado con los siguientes ingredientes:<\/p>\n<p>-Az\u00facar: se trata de un exfoliante de grano natural, ayuda a eliminar las c\u00e9lulas muertas y a mejorar la circulaci\u00f3n de la piel.<\/p>\n<p>-Manteca de karit\u00e9: 100% pura y org\u00e1nica, la cual repara, hidrata profundamente, mejora la elasticidad de la piel y tiene propiedades anti-envejecimiento.<\/p>\n<p>-Vainilla<\/p>\n<p>Adem\u00e1s, el exfoliante de az\u00facar de\u00a0Tree Hut contiene una variedad de aceites naturales: coco, onagra, aguacate, macadamia, almendras dulces, c\u00e1rtamo y naranja. Todos ellos ayudan a reequilibrar la hidrataci\u00f3n natural de la piel y a aportar brillo.<\/p>\n<p>Logra una piel suave e hidratada.<\/p>\n<p>A continuaci\u00f3n te indicamos c\u00f3mo utilizar de forma correcta el exfoliante corporal Tahitian Vanilla Bean Tree Hut:<\/p>\n<p>Puedes aplicarlo tanto sobre la piel seca o una vez que est\u00e9 humedecida. Masajear con movimientos circulares ascendentes. Por \u00faltimo, aclarar con abundante agua.<\/p>\n<p>Una piel exfoliada absorbe mejor el producto que le apliques. Activa la circulaci\u00f3n y el sistema linf\u00e1tico, oxigenando la epidermis.<\/p>\n<p>La\u00a0exfoliaci\u00f3n\u00a0es esencial para liberar la piel de estas c\u00e9lulas muertas, consiguiendo una piel radiante y considerablemente m\u00e1s suave de forma inmediata.<\/p>\n<p>&nbsp;<\/p>\n","protected":false},"excerpt":{"rendered":"<p>TAHITIAN VANILLA BEAN Mejora tu rutina de ducha, exfolia el d\u00eda y revela una piel suave y brillante con el<\/p>\n","protected":false},"featured_media":53402,"comment_status":"open","ping_status":"closed","template":"","meta":{"nf_dc_page":""},"product_brand":[222],"product_cat":[94],"product_tag":[237],"class_list":{"0":"post-53401","1":"product","2":"type-product","3":"status-publish","4":"has-post-thumbnail","6":"product_brand-tree-hut","7":"product_cat-higiene-personal","8":"product_tag-237","10":"first","11":"outofstock","12":"shipping-taxable","13":"purchasable","14":"product-type-simple"},"_links":{"self":[{"href":"https:\/\/brandss.com.py\/index\/wp-json\/wp\/v2\/product\/53401","targetHints":{"allow":["GET"]}}],"collection":[{"href":"https:\/\/brandss.com.py\/index\/wp-json\/wp\/v2\/product"}],"about":[{"href":"https:\/\/brandss.com.py\/index\/wp-json\/wp\/v2\/types\/product"}],"replies":[{"embeddable":true,"href":"https:\/\/brandss.com.py\/index\/wp-json\/wp\/v2\/comments?post=53401"}],"version-history":[{"count":1,"href":"https:\/\/brandss.com.py\/index\/wp-json\/wp\/v2\/product\/53401\/revisions"}],"predecessor-version":[{"id":53409,"href":"https:\/\/brandss.com.py\/index\/wp-json\/wp\/v2\/product\/53401\/revisions\/53409"}],"wp:featuredmedia":[{"embeddable":true,"href":"https:\/\/brandss.com.py\/index\/wp-json\/wp\/v2\/media\/53402"}],"wp:attachment":[{"href":"https:\/\/brandss.com.py\/index\/wp-json\/wp\/v2\/media?parent=53401"}],"wp:term":[{"taxonomy":"product_brand","embeddable":true,"href":"https:\/\/brandss.com.py\/index\/wp-json\/wp\/v2\/product_brand?post=53401"},{"taxonomy":"product_cat","embeddable":true,"href":"https:\/\/brandss.com.py\/index\/wp-json\/wp\/v2\/product_cat?post=53401"},{"taxonomy":"product_tag","embeddable":true,"href":"https:\/\/brandss.com.py\/index\/wp-json\/wp\/v2\/product_tag?post=53401"}],"curies":[{"name":"wp","href":"https:\/\/api.w.org\/{rel}","templated":true}]}}