{"id":53410,"date":"2024-07-01T15:29:25","date_gmt":"2024-07-01T15:29:25","guid":{"rendered":"https:\/\/brandss.com.py\/index\/?post_type=product&#038;p=53410"},"modified":"2026-04-07T14:37:52","modified_gmt":"2026-04-07T14:37:52","slug":"exfoliante-corporal-tree-hut-tropical-mango-510g","status":"publish","type":"product","link":"https:\/\/brandss.com.py\/index\/producto\/exfoliante-corporal-tree-hut-tropical-mango-510g\/","title":{"rendered":"EXFOLIANTE CORPORAL TREE HUT TROPICAL MANGO 510G"},"content":{"rendered":"<p><img loading=\"lazy\" decoding=\"async\" class=\"\" src=\"https:\/\/www.cosmetify.com\/images\/brands\/tree-hut.png\" alt=\"Tree Hut | Sales &amp; Offers | Cosmetify\" width=\"154\" height=\"77\" \/><\/p>\n<h1>TROPICAL MANGO<\/h1>\n<p>Mejora tu rutina de ducha, exfolia el d\u00eda y revela una piel radiante con el exfoliante corporal Tree Hut Sugar con el jugoso aroma de Mango Tropical. Elaborado con az\u00facar, manteca de karit\u00e9, pur\u00e9 de mango y una variedad de aceites naturales que incluyen aceites de onagra, aguacate, macadamia, almendras dulces, c\u00e1rtamo y naranja.<\/p>\n<p>&nbsp;<\/p>\n<h3 class=\"why-love-it-heading\"><span>Por qu\u00e9 te encantar\u00e1<\/span><\/h3>\n<div class=\"grid\">\n<div class=\"grid__item medium-up--one-third\">\n<div class=\"why_product-inner aligned--\">\n<div class=\"why_product-fig\"><img loading=\"lazy\" decoding=\"async\" class=\"alignleft\" src=\"https:\/\/cdn.shopify.com\/s\/files\/1\/0543\/1594\/2065\/t\/7\/assets\/9c37c0f59f65--tree-hut-glow-tropical-mango-sugar-scrub-wyli.png?v=1633217041\" alt=\"Por qu\u00e9 te encantar\u00e1 - Resplandor\" width=\"196\" height=\"196\" \/><\/div>\n<div class=\"why_product-info\">\n<h4><\/h4>\n<h4 class=\"h4i\">Brillo<\/h4>\n<p>Nutre profundamente y equilibra la hidrataci\u00f3n de la piel para ayudar a restaurar su brillo natural.<\/p>\n<\/div>\n<\/div>\n<\/div>\n<div class=\"grid__item medium-up--one-third\">\n<div class=\"why_product-inner aligned--\">\n<div class=\"why_product-fig\"><img loading=\"lazy\" decoding=\"async\" class=\"alignleft\" src=\"https:\/\/cdn.shopify.com\/s\/files\/1\/0543\/1594\/2065\/t\/7\/assets\/814ed75d62c6--tree-hut-tropical-mango-scent-wyli.png?v=1633217037\" alt=\"Por qu\u00e9 te encantar\u00e1: aroma\" width=\"236\" height=\"236\" \/><\/div>\n<div class=\"why_product-info\">\n<h4><\/h4>\n<h4 class=\"h4i\">Aroma<\/h4>\n<p>Huele como una explosi\u00f3n jugosa de mangos maduros ambientados en una selva tropical con notas clave de mango, melocot\u00f3n y vainilla.<\/p>\n<\/div>\n<\/div>\n<\/div>\n<div class=\"grid__item medium-up--one-third\">\n<div class=\"why_product-inner aligned--\">\n<div class=\"why_product-fig\"><img loading=\"lazy\" decoding=\"async\" class=\"alignleft\" src=\"https:\/\/cdn.shopify.com\/s\/files\/1\/0543\/1594\/2065\/t\/7\/assets\/9cfe3395a558--tree-hut-upper-leg-results-wyli.png?v=1633217053\" alt=\"Por qu\u00e9 te encantar\u00e1 - Resultados\" width=\"234\" height=\"234\" \/><\/div>\n<div class=\"why_product-info\">\n<h4><\/h4>\n<h4 class=\"h4i\">Resultados<\/h4>\n<p>Elimina la piel opaca y seca para revelar una piel brillante, suave y tersa.<\/p>\n<\/div>\n<h3><\/h3>\n<h3><\/h3>\n<h3>Qu\u00e9 hay adentro?<\/h3>\n<p>&nbsp;<\/p>\n<div class=\"whats-inside-fig text-shadow-none standard-text \"><img loading=\"lazy\" decoding=\"async\" class=\"alignleft\" src=\"https:\/\/cdn.shopify.com\/s\/files\/1\/0543\/1594\/2065\/files\/real-sugar.jpg\" alt=\"Az\u00facar real\" width=\"199\" height=\"199\" \/><\/p>\n<h5><\/h5>\n<h5><span>AZ\u00daCAR REAL<\/span><\/h5>\n<\/div>\n<div class=\"whats-inside-info scent_tropical-mango_light_background\">\n<h5><span>AZ\u00daCAR REAL<\/span><\/h5>\n<div class=\"rte\">\n<div class=\"enlarge-text\"><span>El az\u00facar es un exfoliante natural que elimina eficazmente la piel muerta y al mismo tiempo ayuda a estimular la circulaci\u00f3n en la superficie de la piel.<\/span><\/div>\n<div>\n<div class=\"whats-inside-fig text-shadow-none standard-text \"><img loading=\"lazy\" decoding=\"async\" class=\"alignleft\" src=\"https:\/\/cdn.shopify.com\/s\/files\/1\/0543\/1594\/2065\/files\/shea-butter.jpg?v=1633109058\" alt=\"manteca de karit\u00e9\" width=\"177\" height=\"177\" \/><\/p>\n<h5><\/h5>\n<h5><span>MANTECA DE KARIT\u00c9<\/span><\/h5>\n<\/div>\n<div class=\"whats-inside-info scent_tropical-mango_light_background\">\n<h5><span>MANTECA DE KARIT\u00c9<\/span><\/h5>\n<div class=\"rte\">\n<div class=\"enlarge-text\"><span>Se sabe que la manteca de karit\u00e9 hidrata profundamente, nutre y suaviza la piel seca al mismo tiempo que ayuda a promover la elasticidad.<\/span><\/div>\n<div>\n<div class=\"whats-inside-fig text-shadow-none standard-text \"><img loading=\"lazy\" decoding=\"async\" class=\"alignleft\" src=\"https:\/\/cdn.shopify.com\/s\/files\/1\/0543\/1594\/2065\/files\/natural-oils.jpg\" alt=\"Aceites Naturales\" width=\"256\" height=\"256\" \/><\/p>\n<h5><\/h5>\n<h5><span>ACEITES NATURALES<\/span><\/h5>\n<\/div>\n<div class=\"whats-inside-info scent_tropical-mango_light_background\">\n<h5><span>ACEITES NATURALES<\/span><\/h5>\n<div class=\"rte\">\n<div class=\"enlarge-text\"><span>El aceite de aguacate, el aceite de macadamia, el aceite de naranja dulce, el aceite de almendras dulces, el aceite de onagra y el aceite de c\u00e1rtamo acondicionan la piel para ayudar a prevenir la sequedad y equilibrar la hidrataci\u00f3n para un brillo refinado y saludable.<\/span><\/div>\n<div>\n<div class=\"whats-inside-fig text-shadow-none standard-text \"><img loading=\"lazy\" decoding=\"async\" class=\"alignleft\" src=\"https:\/\/cdn.shopify.com\/s\/files\/1\/0543\/1594\/2065\/files\/mango.jpg\" alt=\"mango\" width=\"274\" height=\"274\" \/><\/p>\n<h5><\/h5>\n<h5><span>MANGO<\/span><\/h5>\n<\/div>\n<div class=\"whats-inside-info scent_tropical-mango_light_background\">\n<h5><span>MANGO<\/span><\/h5>\n<div class=\"rte\">\n<div class=\"enlarge-text\"><span>El mango hidrata y suaviza y se sabe que contiene betacaroteno y vitaminas A y C para ayudar a refinar la textura y aumentar la luminosidad.<\/span><\/div>\n<\/div>\n<\/div>\n<\/div>\n<\/div>\n<\/div>\n<\/div>\n<\/div>\n<\/div>\n<\/div>\n<\/div>\n<\/div>\n<\/div>\n<\/div>\n<\/div>\n","protected":false},"excerpt":{"rendered":"<p>TROPICAL MANGO Mejora tu rutina de ducha, exfolia el d\u00eda y revela una piel radiante con el exfoliante corporal Tree<\/p>\n","protected":false},"featured_media":53411,"comment_status":"open","ping_status":"closed","template":"","meta":{"nf_dc_page":""},"product_brand":[222],"product_cat":[94],"product_tag":[238],"class_list":{"0":"post-53410","1":"product","2":"type-product","3":"status-publish","4":"has-post-thumbnail","6":"product_brand-tree-hut","7":"product_cat-higiene-personal","8":"product_tag-238","10":"first","11":"outofstock","12":"shipping-taxable","13":"purchasable","14":"product-type-simple"},"_links":{"self":[{"href":"https:\/\/brandss.com.py\/index\/wp-json\/wp\/v2\/product\/53410","targetHints":{"allow":["GET"]}}],"collection":[{"href":"https:\/\/brandss.com.py\/index\/wp-json\/wp\/v2\/product"}],"about":[{"href":"https:\/\/brandss.com.py\/index\/wp-json\/wp\/v2\/types\/product"}],"replies":[{"embeddable":true,"href":"https:\/\/brandss.com.py\/index\/wp-json\/wp\/v2\/comments?post=53410"}],"version-history":[{"count":1,"href":"https:\/\/brandss.com.py\/index\/wp-json\/wp\/v2\/product\/53410\/revisions"}],"predecessor-version":[{"id":53421,"href":"https:\/\/brandss.com.py\/index\/wp-json\/wp\/v2\/product\/53410\/revisions\/53421"}],"wp:featuredmedia":[{"embeddable":true,"href":"https:\/\/brandss.com.py\/index\/wp-json\/wp\/v2\/media\/53411"}],"wp:attachment":[{"href":"https:\/\/brandss.com.py\/index\/wp-json\/wp\/v2\/media?parent=53410"}],"wp:term":[{"taxonomy":"product_brand","embeddable":true,"href":"https:\/\/brandss.com.py\/index\/wp-json\/wp\/v2\/product_brand?post=53410"},{"taxonomy":"product_cat","embeddable":true,"href":"https:\/\/brandss.com.py\/index\/wp-json\/wp\/v2\/product_cat?post=53410"},{"taxonomy":"product_tag","embeddable":true,"href":"https:\/\/brandss.com.py\/index\/wp-json\/wp\/v2\/product_tag?post=53410"}],"curies":[{"name":"wp","href":"https:\/\/api.w.org\/{rel}","templated":true}]}}