{"id":53430,"date":"2024-07-01T17:30:50","date_gmt":"2024-07-01T17:30:50","guid":{"rendered":"https:\/\/brandss.com.py\/index\/?post_type=product&#038;p=53430"},"modified":"2026-04-07T14:37:52","modified_gmt":"2026-04-07T14:37:52","slug":"exfoliante-corporal-tree-hut-exotic-bloom-510gr","status":"publish","type":"product","link":"https:\/\/brandss.com.py\/index\/producto\/exfoliante-corporal-tree-hut-exotic-bloom-510gr\/","title":{"rendered":"EXFOLIANTE CORPORAL TREE HUT EXOTIC BLOOM 510G"},"content":{"rendered":"<p><img loading=\"lazy\" decoding=\"async\" class=\"\" src=\"https:\/\/www.cosmetify.com\/images\/brands\/tree-hut.png\" alt=\"Tree Hut | Sales &amp; Offers | Cosmetify\" width=\"160\" height=\"80\" \/><\/p>\n<h1>EXOTIC BLOOM<\/h1>\n<p>Mejora tu rutina de ducha, exfolia el d\u00eda y revela una piel suave y brillante con el c\u00e1lido aroma floral de Exotic Bloom. Elaborado con az\u00facar, manteca de karit\u00e9 y una variedad de aceites naturales como aceites de semillas de c\u00e1\u00f1amo, lavanda, onagra, aguacate, macadamia, almendras dulces, c\u00e1rtamo y naranja.<\/p>\n<h3 class=\"why-love-it-heading\"><span>por qu\u00e9 te encantar\u00e1<\/span><\/h3>\n<div class=\"grid\">\n<div class=\"grid__item medium-up--one-third\">\n<div class=\"why_product-inner aligned--\">\n<div class=\"why_product-fig\"><img loading=\"lazy\" decoding=\"async\" class=\"alignleft\" src=\"https:\/\/cdn.shopify.com\/s\/files\/1\/0543\/1594\/2065\/t\/7\/assets\/68674537c388--tree-hut-glow-exotic-bloom-sugar-scrub-wyli.png?v=1633215911\" alt=\"Por qu\u00e9 te encantar\u00e1 - Resplandor\" width=\"231\" height=\"231\" \/><\/div>\n<div class=\"why_product-info\">\n<h4><\/h4>\n<h4 class=\"h4i\">Brillo<\/h4>\n<p>Nutre profundamente y equilibra la hidrataci\u00f3n de la piel para ayudar a restaurar el brillo natural de la piel.<\/p>\n<\/div>\n<\/div>\n<\/div>\n<div class=\"grid__item medium-up--one-third\">\n<div class=\"why_product-inner aligned--\">\n<div class=\"why_product-fig\"><img loading=\"lazy\" decoding=\"async\" class=\"alignleft\" src=\"https:\/\/cdn.shopify.com\/s\/files\/1\/0543\/1594\/2065\/t\/7\/assets\/e19cb7ec7d0c--tree-hut-exotic-bloom-scent-wyli.png?v=1633215907\" alt=\"Por qu\u00e9 te encantar\u00e1 - Aroma\" width=\"223\" height=\"223\" \/><\/div>\n<div class=\"why_product-info\">\n<h4><\/h4>\n<h4 class=\"h4i\">Aroma<\/h4>\n<p>Huele a una lujosa floraci\u00f3n floral con notas clave de fresia, s\u00e1ndalo y vainilla.<\/p>\n<\/div>\n<\/div>\n<\/div>\n<div class=\"grid__item medium-up--one-third\">\n<div class=\"why_product-inner aligned--\">\n<div class=\"why_product-fig\"><img loading=\"lazy\" decoding=\"async\" class=\"alignleft\" src=\"https:\/\/cdn.shopify.com\/s\/files\/1\/0543\/1594\/2065\/t\/7\/assets\/3458f64ce372--tree-hut-upper-leg-results-wyli.png?v=1633215902\" alt=\"Por qu\u00e9 te encantar\u00e1 - Resultados\" width=\"239\" height=\"239\" \/><\/div>\n<div class=\"why_product-info\">\n<h4><\/h4>\n<h4 class=\"h4i\">Resultados<\/h4>\n<p>Elimina la piel opaca y seca para revelar una piel brillante, suave y tersa.<\/p>\n<h3><\/h3>\n<h3><\/h3>\n<h3>Qu\u00e9 hay adentro?<\/h3>\n<div class=\"whats-inside-fig text-shadow-none standard-text \"><img loading=\"lazy\" decoding=\"async\" class=\"alignleft\" src=\"https:\/\/cdn.shopify.com\/s\/files\/1\/0543\/1594\/2065\/files\/real-sugar.jpg\" alt=\"Az\u00facar real\" width=\"217\" height=\"217\" \/><\/p>\n<h5><\/h5>\n<h5><span>AZ\u00daCAR REAL<\/span><\/h5>\n<\/div>\n<div class=\"whats-inside-info scent_exotic-bloom_light_background\">\n<h5><span>AZ\u00daCAR REAL<\/span><\/h5>\n<div class=\"rte\">\n<div class=\"enlarge-text\"><span>El az\u00facar es un exfoliante natural que elimina eficazmente la piel muerta y al mismo tiempo ayuda a estimular la circulaci\u00f3n en la superficie de la piel.<\/span><\/div>\n<div>\n<div class=\"whats-inside-fig text-shadow-none standard-text \"><img loading=\"lazy\" decoding=\"async\" class=\"alignleft\" src=\"https:\/\/cdn.shopify.com\/s\/files\/1\/0543\/1594\/2065\/files\/shea-butter.jpg?v=1633109058\" alt=\"manteca de karit\u00e9\" width=\"213\" height=\"213\" \/><\/p>\n<h5><\/h5>\n<h5><span>MANTECA DE KARIT\u00c9<\/span><\/h5>\n<\/div>\n<div class=\"whats-inside-info scent_exotic-bloom_light_background\">\n<h5><span>MANTECA DE KARIT\u00c9<\/span><\/h5>\n<div class=\"rte\">\n<div class=\"enlarge-text\"><span>La manteca de karit\u00e9 es conocida por hidratar, nutrir y suavizar profundamente la piel seca mientras ayuda a promover la elasticidad.<\/span><\/div>\n<div><\/div>\n<div>\n<div class=\"whats-inside-fig text-shadow-none standard-text \"><img loading=\"lazy\" decoding=\"async\" class=\"alignleft\" src=\"https:\/\/cdn.shopify.com\/s\/files\/1\/0543\/1594\/2065\/files\/natural-oils.jpg\" alt=\"Aceites Naturales\" width=\"202\" height=\"202\" \/><\/p>\n<h5><\/h5>\n<h5><span>ACEITES NATURALES<\/span><\/h5>\n<\/div>\n<div class=\"whats-inside-info scent_exotic-bloom_light_background\">\n<h5><span>ACEITES NATURALES<\/span><\/h5>\n<div class=\"rte\">\n<div class=\"enlarge-text\"><span>El aceite de aguacate, el aceite de macadamia, el aceite de naranja dulce, el aceite de almendras dulces, el aceite de onagra y el aceite de c\u00e1rtamo acondicionan la piel para ayudar a prevenir la sequedad y equilibrar la hidrataci\u00f3n para un<\/span><span>\u00a0brillo refinado y saludable.<\/span><\/div>\n<div>\n<div class=\"whats-inside-fig text-shadow-none standard-text \"><img loading=\"lazy\" decoding=\"async\" class=\"alignleft\" src=\"https:\/\/cdn.shopify.com\/s\/files\/1\/0543\/1594\/2065\/files\/hemp-seed-oil.jpg\" alt=\"Aceite de semilla de c\u00e1\u00f1amo\" width=\"233\" height=\"233\" \/><\/p>\n<h5><\/h5>\n<h5><span>ACEITE DE SEMILLA DE C\u00c1\u00d1AMO<\/span><\/h5>\n<\/div>\n<div class=\"whats-inside-info scent_exotic-bloom_light_background\">\n<h5><span>ACEITE DE SEMILLA DE C\u00c1\u00d1AMO<\/span><\/h5>\n<div class=\"rte\">\n<div class=\"enlarge-text\"><span>Se sabe que el aceite de semilla de c\u00e1\u00f1amo tiene poderosos antioxidantes y propiedades calmantes para la piel con una alta concentraci\u00f3n de \u00e1cidos grasos esenciales que ayudan a reponer la humedad.<\/span><\/div>\n<div><\/div>\n<div>\n<div class=\"whats-inside-fig text-shadow-none standard-text \"><img loading=\"lazy\" decoding=\"async\" class=\"alignleft\" src=\"https:\/\/cdn.shopify.com\/s\/files\/1\/0543\/1594\/2065\/files\/lavender-oil.jpg\" alt=\"Aceite de lavanda\" width=\"219\" height=\"219\" \/><\/p>\n<h5><\/h5>\n<h5><span>ACEITE DE LAVANDA<\/span><\/h5>\n<\/div>\n<div class=\"whats-inside-info scent_exotic-bloom_light_background\">\n<h5><span>ACEITE DE LAVANDA<\/span><\/h5>\n<div class=\"rte\">\n<div class=\"enlarge-text\"><span>El aceite de lavanda ayuda a aliviar y calmar la piel irritada al mismo tiempo que ayuda a generar un estado de \u00e1nimo tranquilo y a aliviar el estr\u00e9s.<\/span><\/div>\n<\/div>\n<\/div>\n<\/div>\n<\/div>\n<\/div>\n<\/div>\n<\/div>\n<\/div>\n<\/div>\n<\/div>\n<\/div>\n<\/div>\n<\/div>\n<\/div>\n<\/div>\n<\/div>\n<\/div>\n<\/div>\n","protected":false},"excerpt":{"rendered":"<p>EXOTIC BLOOM Mejora tu rutina de ducha, exfolia el d\u00eda y revela una piel suave y brillante con el c\u00e1lido<\/p>\n","protected":false},"featured_media":53431,"comment_status":"open","ping_status":"closed","template":"","meta":{"nf_dc_page":""},"product_brand":[222],"product_cat":[94],"product_tag":[240],"class_list":{"0":"post-53430","1":"product","2":"type-product","3":"status-publish","4":"has-post-thumbnail","6":"product_brand-tree-hut","7":"product_cat-higiene-personal","8":"product_tag-240","10":"first","11":"outofstock","12":"shipping-taxable","13":"purchasable","14":"product-type-simple"},"_links":{"self":[{"href":"https:\/\/brandss.com.py\/index\/wp-json\/wp\/v2\/product\/53430","targetHints":{"allow":["GET"]}}],"collection":[{"href":"https:\/\/brandss.com.py\/index\/wp-json\/wp\/v2\/product"}],"about":[{"href":"https:\/\/brandss.com.py\/index\/wp-json\/wp\/v2\/types\/product"}],"replies":[{"embeddable":true,"href":"https:\/\/brandss.com.py\/index\/wp-json\/wp\/v2\/comments?post=53430"}],"version-history":[{"count":2,"href":"https:\/\/brandss.com.py\/index\/wp-json\/wp\/v2\/product\/53430\/revisions"}],"predecessor-version":[{"id":53438,"href":"https:\/\/brandss.com.py\/index\/wp-json\/wp\/v2\/product\/53430\/revisions\/53438"}],"wp:featuredmedia":[{"embeddable":true,"href":"https:\/\/brandss.com.py\/index\/wp-json\/wp\/v2\/media\/53431"}],"wp:attachment":[{"href":"https:\/\/brandss.com.py\/index\/wp-json\/wp\/v2\/media?parent=53430"}],"wp:term":[{"taxonomy":"product_brand","embeddable":true,"href":"https:\/\/brandss.com.py\/index\/wp-json\/wp\/v2\/product_brand?post=53430"},{"taxonomy":"product_cat","embeddable":true,"href":"https:\/\/brandss.com.py\/index\/wp-json\/wp\/v2\/product_cat?post=53430"},{"taxonomy":"product_tag","embeddable":true,"href":"https:\/\/brandss.com.py\/index\/wp-json\/wp\/v2\/product_tag?post=53430"}],"curies":[{"name":"wp","href":"https:\/\/api.w.org\/{rel}","templated":true}]}}