{"id":53829,"date":"2024-07-08T19:17:38","date_gmt":"2024-07-08T19:17:38","guid":{"rendered":"https:\/\/brandss.com.py\/index\/?post_type=product&#038;p=53829"},"modified":"2025-12-10T17:31:04","modified_gmt":"2025-12-10T17:31:04","slug":"perfume-via-paris-doline-edt-100ml","status":"publish","type":"product","link":"https:\/\/brandss.com.py\/index\/producto\/perfume-via-paris-doline-edt-100ml\/","title":{"rendered":"PERFUME FEMENINO V\u00cdA PARIS DOLINE EDT 100ML"},"content":{"rendered":"<p><img loading=\"lazy\" decoding=\"async\" class=\"\" src=\"https:\/\/fraguru.com\/mdimg\/dizajneri\/o.4083.jpg\" alt=\"Via Paris Parfums Fragancias Y Colonias\" width=\"73\" height=\"55\" \/><\/p>\n<h1>DOLINE EDT<\/h1>\n<p>Emb\u00e1rcate en un viaje de sensualidad y elegancia con el perfume Doline. Esta cautivadora fragancia te transporta a un mundo de sofisticaci\u00f3n y encanto.<\/p>\n<p>Con una combinaci\u00f3n \u00fanica de notas florales y frutales, este perfume despierta los sentidos y deja una estela inolvidable. Desde su apertura fresca y vibrante hasta su base c\u00e1lida y seductora, cada fase de esta fragancia es una experiencia sensorial \u00fanica. Perfecta para la mujer que busca destacar con estilo y personalidad, Doline es una declaraci\u00f3n de distinci\u00f3n y buen gusto.<\/p>\n<p>Sum\u00e9rgete en la exquisita esencia de Doline y deja una impresi\u00f3n perdurable donde quiera que vayas.<\/p>\n<p>&nbsp;<\/p>\n<h3>NOTAS OLFATIVAS<\/h3>\n<p>&nbsp;<\/p>\n<div><strong><img loading=\"lazy\" decoding=\"async\" class=\"alignleft\" src=\"https:\/\/ucarecdn.com\/a696622c-4181-47f8-8c97-a6e805e7c9ae\/-\/format\/auto\/-\/preview\/3000x3000\/-\/quality\/lighter\/BERGAMOTA.jpg\" alt=\"BERGAMOTA \u2013 Maison Peony\" width=\"218\" height=\"218\" \/><\/strong><\/div>\n<div><\/div>\n<div><\/div>\n<div><\/div>\n<div><strong>Notas Principales: <\/strong><\/div>\n<div>Bergamota y aceite de hojas de limero.<\/div>\n<div><\/div>\n<div><\/div>\n<div><\/div>\n<div><img loading=\"lazy\" decoding=\"async\" class=\"alignleft\" src=\"https:\/\/cdn.manomano.com\/media\/edison\/0\/a\/a\/1\/0aa140ebd798.jpg\" alt=\"Todo sobre el muguet o lirio del valle\" width=\"370\" height=\"247\" \/><\/div>\n<div><\/div>\n<div><\/div>\n<div><\/div>\n<div><\/div>\n<div><\/div>\n<div><strong>Notas de coraz\u00f3n: <\/strong><\/div>\n<div>Durazno, rosa, jazm\u00edn, lirio de los valles y iris.<\/div>\n<div><\/div>\n<div><\/div>\n<div><\/div>\n<div><img loading=\"lazy\" decoding=\"async\" class=\"alignleft\" src=\"https:\/\/t2.uc.ltmcdn.com\/es\/posts\/5\/4\/4\/cuales_son_las_propiedades_del_sandalo_26445_600_square.jpg\" alt=\"Cu\u00e1les son las propiedades del s\u00e1ndalo - 5 pasos\" width=\"242\" height=\"242\" \/><\/div>\n<div><\/div>\n<div><\/div>\n<div><strong>Notas de fondo: <\/strong>Almizcle, \u00e1mbar y s\u00e1ndalo.<\/div>\n<p>&nbsp;<\/p>\n","protected":false},"excerpt":{"rendered":"<p>DOLINE EDT Emb\u00e1rcate en un viaje de sensualidad y elegancia con el perfume Doline. Esta cautivadora fragancia te transporta a<\/p>\n","protected":false},"featured_media":53831,"comment_status":"open","ping_status":"closed","template":"","meta":{"nf_dc_page":""},"product_brand":[],"product_cat":[84],"product_tag":[1765],"class_list":{"0":"post-53829","1":"product","2":"type-product","3":"status-publish","4":"has-post-thumbnail","6":"product_cat-perfumeria","7":"product_tag-1765","9":"first","10":"outofstock","11":"shipping-taxable","12":"purchasable","13":"product-type-simple"},"_links":{"self":[{"href":"https:\/\/brandss.com.py\/index\/wp-json\/wp\/v2\/product\/53829","targetHints":{"allow":["GET"]}}],"collection":[{"href":"https:\/\/brandss.com.py\/index\/wp-json\/wp\/v2\/product"}],"about":[{"href":"https:\/\/brandss.com.py\/index\/wp-json\/wp\/v2\/types\/product"}],"replies":[{"embeddable":true,"href":"https:\/\/brandss.com.py\/index\/wp-json\/wp\/v2\/comments?post=53829"}],"version-history":[{"count":3,"href":"https:\/\/brandss.com.py\/index\/wp-json\/wp\/v2\/product\/53829\/revisions"}],"predecessor-version":[{"id":61701,"href":"https:\/\/brandss.com.py\/index\/wp-json\/wp\/v2\/product\/53829\/revisions\/61701"}],"wp:featuredmedia":[{"embeddable":true,"href":"https:\/\/brandss.com.py\/index\/wp-json\/wp\/v2\/media\/53831"}],"wp:attachment":[{"href":"https:\/\/brandss.com.py\/index\/wp-json\/wp\/v2\/media?parent=53829"}],"wp:term":[{"taxonomy":"product_brand","embeddable":true,"href":"https:\/\/brandss.com.py\/index\/wp-json\/wp\/v2\/product_brand?post=53829"},{"taxonomy":"product_cat","embeddable":true,"href":"https:\/\/brandss.com.py\/index\/wp-json\/wp\/v2\/product_cat?post=53829"},{"taxonomy":"product_tag","embeddable":true,"href":"https:\/\/brandss.com.py\/index\/wp-json\/wp\/v2\/product_tag?post=53829"}],"curies":[{"name":"wp","href":"https:\/\/api.w.org\/{rel}","templated":true}]}}