{"id":53836,"date":"2024-07-09T11:15:05","date_gmt":"2024-07-09T11:15:05","guid":{"rendered":"https:\/\/brandss.com.py\/index\/?post_type=product&#038;p=53836"},"modified":"2026-03-14T16:24:22","modified_gmt":"2026-03-14T16:24:22","slug":"perfume-marina-de-bourbon-reverence-edp-100ml","status":"publish","type":"product","link":"https:\/\/brandss.com.py\/index\/producto\/perfume-marina-de-bourbon-reverence-edp-100ml\/","title":{"rendered":"PERFUME FEMENINO MARINA DE BOURBON REVERENCE EDP 100ML"},"content":{"rendered":"<p><img loading=\"lazy\" decoding=\"async\" class=\"\" src=\"https:\/\/www.marinadebourbon.com\/cdn\/shop\/files\/LOGO_MDB_NOIR.png?v=1684838797&amp;width=1891\" alt=\"SYMBOL ROYAL\" width=\"104\" height=\"47\" \/><\/p>\n<h1>REVERENCE EDP<\/h1>\n<p><span>Una fragancia\u00a0<\/span><strong><span>floral especiada<\/span><\/strong><span>\u00a0que intriga y seduce desde las primeras notas. El adorno perfecto para una princesa barroca moderna, que afirma sin tapujos su gusto por lo sublime, lo majestuoso. Marina se inspira en el arte franc\u00e9s de la seducci\u00f3n. Imagina el gesto de la reverencia de anta\u00f1o, como una forma disfrazada y traviesa de\u00a0<\/span><strong><span>seducir discretamente.\u00a0<\/span><\/strong><\/p>\n<p><strong><span>LA PALABRA DE MARINA<\/span><\/strong><\/p>\n<p><em><span>&#8220;Siempre me han gustado los juegos de reverencia de la \u00e9poca. Un gesto fijo, de apariencia convencional, pero con el que las mujeres se divert\u00edan de mil y una maneras discretas, para hacerlo singular. Pod\u00eda ser la promesa de un intercambio galante, un gui\u00f1o burl\u00f3n, una provocaci\u00f3n disimulada&#8230; Inclinar la cabeza m\u00e1s a la derecha, o m\u00e1s a la izquierda, no significaba lo mismo. Todo este juego de lo dicho y lo no dicho evoca para m\u00ed una cierta seducci\u00f3n francesa. La reverencia juega con esta ambig\u00fcedad seductora. Est\u00e1 dirigida a mujeres que parecen sabias y discretas, pero cuyos ojos risue\u00f1os y su moh\u00edn travieso dicen exactamente lo contrario.&#8221;<\/span><\/em><\/p>\n<p><strong><span>LA MUJER REVERENCIA<\/span><\/strong><\/p>\n<p><span>La mujer Reverencia es la princesa barroca por excelencia. En contraste con las formas refinadas, le gusta que sus vestidos y adornos sean suntuosos y sublimes. Afirma sin tapujos su gusto por lo majestuoso, lo vistoso. Es la princesa en todo su esplendor. Con su estilo \u00fanico, le gusta jugar con los opuestos para crear sorpresas e imprevistos. Su imaginaci\u00f3n desbordante y su entusiasmo seductor hacen que uno nunca se aburra con ella.\u00a0<\/span><\/p>\n<div><img decoding=\"async\" src=\"https:\/\/cdn.shopify.com\/s\/files\/1\/0510\/9615\/8371\/files\/Reverence_1024x1024.png?v=1631287405\" alt=\"\" \/><\/div>\n<p><strong><span class=\"Apple-converted-space\"><span>NOTAS OLFATIVAS<\/span><\/span><\/strong><\/p>\n<p>&nbsp;<\/p>\n<p>Reverence\u00a0de\u00a0Princesse Marina De Bourbon\u00a0es una fragancia de la familia olfativa Floral Verde para Mujeres.<\/p>\n<p><strong><span><img loading=\"lazy\" decoding=\"async\" class=\"alignright\" src=\"https:\/\/abanuc.com\/cdn\/shop\/articles\/Bergamota.jpg?v=1580117415\" alt=\"La Bergamota \u2013 ABANUC\" width=\"363\" height=\"242\" \/><\/span><\/strong><\/p>\n<p>&nbsp;<\/p>\n<p>&nbsp;<\/p>\n<p><strong><span>Notas de salida:<\/span><\/strong><br \/>\n<span>Un gancho sorprendentemente atrevido y seductor.\u00a0<\/span><br \/>\n<strong><span>Bergamota fresca y chispeante,<\/span><\/strong><span>\u00a0realzada por\u00a0<\/span><strong><span>bayas de rosa<\/span><\/strong><span>\u00a0que son a la vez\u00a0<\/span><strong><span>ligeramente picantes y delicadamente especiadas.\u00a0<\/span><\/strong><\/p>\n<p>&nbsp;<\/p>\n<p>&nbsp;<\/p>\n<p><img loading=\"lazy\" decoding=\"async\" class=\"alignleft\" src=\"https:\/\/elpoderdelconsumidor.org\/wp-content\/uploads\/2015\/04\/ciruelas-_rojas-3.jpg\" alt=\"Radiograf\u00eda de la... Ciruela roja - El Poder del Consumidor\" width=\"288\" height=\"192\" \/><strong><span>Notas de coraz\u00f3n:<\/span><\/strong><br \/>\n<span>Un coraz\u00f3n exuberante y alegre, que afirma sin tapujos su\u00a0lado\u00a0\u00a0<\/span><strong><span>floral-afrutado<\/span><\/strong><br \/>\n<span>Un c\u00f3ctel de <\/span><strong><span>deliciosos frutos rojos<\/span><\/strong><span>\u00a0acariciados por notas de\u00a0<\/span><strong><span>ciruelas jugosas<\/span><\/strong><span>\u00a0. Esta explosi\u00f3n afrutada se magnifica con notas de rosa embriagadora, que le da a la fragancia su originalidad.\u00a0<\/span><\/p>\n<p>&nbsp;<\/p>\n<p><img loading=\"lazy\" decoding=\"async\" class=\"alignleft\" src=\"https:\/\/t2.uc.ltmcdn.com\/es\/posts\/5\/4\/4\/cuales_son_las_propiedades_del_sandalo_26445_600_square.jpg\" alt=\"Cu\u00e1les son las propiedades del s\u00e1ndalo - 5 pasos\" width=\"324\" height=\"324\" \/><\/p>\n<p>&nbsp;<\/p>\n<p>&nbsp;<\/p>\n<p><strong><span>Notas de fondo:<\/span><\/strong><br \/>\n<span>Una estela real, para una princesa barroca.\u00a0<\/span><br \/>\n<span>El\u00a0<\/span><strong><span>s\u00e1ndalo amaderado<\/span><\/strong><span>\u00a0difunde su calidez al\u00a0<\/span><strong><span>almizcle<\/span><\/strong><span>\u00a0y resalta las facetas hechizantes del coraz\u00f3n afrutado.<\/span><\/p>\n<p>&nbsp;<\/p>\n","protected":false},"excerpt":{"rendered":"<p>REVERENCE EDP Una fragancia\u00a0floral especiada\u00a0que intriga y seduce desde las primeras notas. El adorno perfecto para una princesa barroca moderna,<\/p>\n","protected":false},"featured_media":53837,"comment_status":"open","ping_status":"closed","template":"","meta":{"nf_dc_page":""},"product_brand":[1767],"product_cat":[84],"product_tag":[1766],"class_list":{"0":"post-53836","1":"product","2":"type-product","3":"status-publish","4":"has-post-thumbnail","6":"product_brand-marina-de-bourbon","7":"product_cat-perfumeria","8":"product_tag-1766","10":"first","11":"outofstock","12":"shipping-taxable","13":"purchasable","14":"product-type-simple"},"_links":{"self":[{"href":"https:\/\/brandss.com.py\/index\/wp-json\/wp\/v2\/product\/53836","targetHints":{"allow":["GET"]}}],"collection":[{"href":"https:\/\/brandss.com.py\/index\/wp-json\/wp\/v2\/product"}],"about":[{"href":"https:\/\/brandss.com.py\/index\/wp-json\/wp\/v2\/types\/product"}],"replies":[{"embeddable":true,"href":"https:\/\/brandss.com.py\/index\/wp-json\/wp\/v2\/comments?post=53836"}],"version-history":[{"count":2,"href":"https:\/\/brandss.com.py\/index\/wp-json\/wp\/v2\/product\/53836\/revisions"}],"predecessor-version":[{"id":61702,"href":"https:\/\/brandss.com.py\/index\/wp-json\/wp\/v2\/product\/53836\/revisions\/61702"}],"wp:featuredmedia":[{"embeddable":true,"href":"https:\/\/brandss.com.py\/index\/wp-json\/wp\/v2\/media\/53837"}],"wp:attachment":[{"href":"https:\/\/brandss.com.py\/index\/wp-json\/wp\/v2\/media?parent=53836"}],"wp:term":[{"taxonomy":"product_brand","embeddable":true,"href":"https:\/\/brandss.com.py\/index\/wp-json\/wp\/v2\/product_brand?post=53836"},{"taxonomy":"product_cat","embeddable":true,"href":"https:\/\/brandss.com.py\/index\/wp-json\/wp\/v2\/product_cat?post=53836"},{"taxonomy":"product_tag","embeddable":true,"href":"https:\/\/brandss.com.py\/index\/wp-json\/wp\/v2\/product_tag?post=53836"}],"curies":[{"name":"wp","href":"https:\/\/api.w.org\/{rel}","templated":true}]}}