{"id":53847,"date":"2024-07-09T11:40:31","date_gmt":"2024-07-09T11:40:31","guid":{"rendered":"https:\/\/brandss.com.py\/index\/?post_type=product&#038;p=53847"},"modified":"2026-03-14T16:24:22","modified_gmt":"2026-03-14T16:24:22","slug":"perfume-marina-de-bourbon-cristal-royal-rose-edp-100ml","status":"publish","type":"product","link":"https:\/\/brandss.com.py\/index\/producto\/perfume-marina-de-bourbon-cristal-royal-rose-edp-100ml\/","title":{"rendered":"PERFUME FEMENINO MARINA DE BOURBON CRISTAL ROYAL ROS\u00c9 EDP 100ML"},"content":{"rendered":"<p><img loading=\"lazy\" decoding=\"async\" class=\"\" src=\"https:\/\/www.marinadebourbon.com\/cdn\/shop\/files\/LOGO_MDB_NOIR.png?v=1684838797&amp;width=1891\" alt=\"SYMBOL ROYAL\" width=\"105\" height=\"47\" \/><\/p>\n<h1>CRISTAL ROYAL ROS\u00c9 EDP<\/h1>\n<p>Una fragancia\u00a0<strong>fresca y alegre<\/strong>\u00a0, como un delicado velo sobre la piel. La delicada fragancia de una princesa po\u00e9tica y alegre. Con Cristal Royal Rose, Marina retoma los c\u00f3digos del hermoso cristal. Se inspira en el saber hacer de los maestros vidrieros e imagina un frasco con forma de joya cuyas mil y una facetas crean un juego de luz alegre y colorido.<\/p>\n<p><strong>LA PALABRA DE MARINA<\/strong><\/p>\n<p><em>&#8220;Me encanta el momento despu\u00e9s de una tormenta, cuando la naturaleza toma el control. La luz ilumina las gotas de lluvia, las nubes desaparecen y el arco\u00edris toma forma en su juego de curvas de colores. \u00bfQu\u00e9 podr\u00eda ser m\u00e1s po\u00e9tico, alegre y luminoso que un arco\u00edris? Cristal Royal Rose es esta explosi\u00f3n de color. Este arco\u00edris matutino que aporta un toque de poes\u00eda alegre y radiante a quien lo lleva.&#8221;<\/em><\/p>\n<p><strong>LA MUJER ROSA REAL CRISTAL<\/strong><\/p>\n<p>La joven Cristal Royal Rose es\u00a0<strong>alegre<\/strong>\u00a0. Cada momento del d\u00eda es una oportunidad para mirar, para asombrarse, para maravillarse. Un arco iris la hace sonre\u00edr. Cierra los ojos para aspirar el olor de la tierra mojada. Un rayo de sol en su rostro la pone de buen humor. Esta incre\u00edble capacidad interior de entusiasmo la hace brillar por fuera. A la gente le gusta estar con ella. Su espontaneidad aporta poes\u00eda, luz y alegr\u00eda a la vida cotidiana.<\/p>\n<div><img decoding=\"async\" src=\"https:\/\/cdn.shopify.com\/s\/files\/1\/0510\/9615\/8371\/files\/Cristal-Royal-Rose_1024x1024.png?v=1631286999\" alt=\"\" \/><\/div>\n<p><strong>LAS NOTAS OLFATIVAS<\/strong><\/p>\n<p><strong>Notas de salida\u00a0<\/strong><strong>Acordes frutales <\/strong>frescos y alegres\u00a0se revelan con un encanto delicado.\u00a0\u00a0Un gancho soleado construido alrededor de una\u00a0nota\u00a0<strong>de lim\u00f3n con un brillo travieso, una\u00a0<\/strong><strong>pera sabrosa<\/strong>\u00a0que estalla de luz y un\u00a0<strong>melocot\u00f3n aterciopelado<\/strong>\u00a0que envuelve las explosiones de lim\u00f3n con una tierna dulzura. Un tutti frutti colorido que crea una explosi\u00f3n de frescura juvenil desde las primeras notas. \u00a0\u00a0<strong>Notas de coraz\u00f3n<\/strong>\u00a0El\u00a0<strong>ramo floral<\/strong>\u00a0aporta un hermoso equilibrio entre la vivacidad frutal y la dulzura floral.\u00a0\u00a0Los tentadores\u00a0<strong>p\u00e9talos de rosa<\/strong>\u00a0juegan con su seductora redondez y frescura juvenil. La vivaz y efusiva\u00a0<strong>fresia<\/strong>\u00a0, suavizada por los\u00a0<strong>acentos empolvados de la violeta,<\/strong>\u00a0crea una armon\u00eda olfativa que es a la vez embriagadora y traviesa.\u00a0\u00a0<strong>Notas de fondo<\/strong>\u00a0Una base acariciadora con una frescura aireada y ligeramente dulce.\u00a0\u00a0Las fragancias finas y ligeras de\u00a0<strong>ambroxan<\/strong>\u00a0, realzadas por ecos de\u00a0<strong>cedro\u00a0<\/strong><strong>c\u00e1lido<\/strong>\u00a0y\u00a0<strong>almizcle cremoso<\/strong>\u00a0, subrayan el coraz\u00f3n floral y alegre con infinita delicadeza.<\/p>\n<div id=\"image_1609992701\" class=\"img has-hover x md-x lg-x y md-y lg-y\">\n<div data-animate=\"bounceIn\" data-animate-transform=\"true\" data-animate-transition=\"true\" data-animated=\"true\">\n<div class=\"img-inner dark\"><img loading=\"lazy\" decoding=\"async\" class=\"attachment-large size-large alignleft\" src=\"https:\/\/www.giraofertas.com.br\/wp-content\/uploads\/2017\/02\/lim%C3%A3o_siciliano.jpg\" alt=\"\" width=\"474\" height=\"236\" \/><\/div>\n<\/div>\n<\/div>\n<h4 data-animate=\"fadeInLeft\" data-animate-transform=\"true\" data-animate-transition=\"true\" data-animated=\"true\"><\/h4>\n<h4 data-animate=\"fadeInLeft\" data-animate-transform=\"true\" data-animate-transition=\"true\" data-animated=\"true\"><\/h4>\n<h4 data-animate=\"fadeInLeft\" data-animate-transform=\"true\" data-animate-transition=\"true\" data-animated=\"true\">Notas de salida:<\/h4>\n<p data-animate=\"fadeInLeft\" data-animate-transform=\"true\" data-animate-transition=\"true\" data-animated=\"true\">Lim\u00f3n, Pera y Rosa.<\/p>\n<div id=\"image_172418106\" class=\"img has-hover x md-x lg-x y md-y lg-y\">\n<div data-animate=\"bounceIn\" data-animate-transform=\"true\" data-animate-transition=\"true\" data-animated=\"true\">\n<div class=\"img-inner dark\"><img loading=\"lazy\" decoding=\"async\" class=\"attachment-large alignleft\" src=\"https:\/\/www.giraofertas.com.br\/wp-content\/uploads\/2016\/12\/freesia.jpg\" alt=\"\" width=\"343\" height=\"171\" \/><\/div>\n<\/div>\n<\/div>\n<h4 data-animate=\"fadeInLeft\" data-animate-transform=\"true\" data-animate-transition=\"true\" data-animated=\"true\">Notas de coraz\u00f3n:<\/h4>\n<p data-animate=\"fadeInLeft\" data-animate-transform=\"true\" data-animate-transition=\"true\" data-animated=\"true\">Fresia,<br \/>\nVioleta y Melocot\u00f3n.<\/p>\n<div id=\"image_155865795\" class=\"img has-hover x md-x lg-x y md-y lg-y\">\n<div data-animate=\"bounceIn\" data-animate-transform=\"true\" data-animate-transition=\"true\" data-animated=\"true\">\n<div class=\"img-inner dark\"><img loading=\"lazy\" decoding=\"async\" class=\"attachment-large size-large alignleft\" src=\"https:\/\/www.giraofertas.com.br\/wp-content\/uploads\/2018\/03\/ambroxan.jpg\" alt=\"\" width=\"474\" height=\"236\" \/><\/div>\n<\/div>\n<\/div>\n<h4 data-animate=\"fadeInLeft\" data-animate-transform=\"true\" data-animate-transition=\"true\" data-animated=\"true\"><\/h4>\n<h4 data-animate=\"fadeInLeft\" data-animate-transform=\"true\" data-animate-transition=\"true\" data-animated=\"true\"><\/h4>\n<h4 data-animate=\"fadeInLeft\" data-animate-transform=\"true\" data-animate-transition=\"true\" data-animated=\"true\">Notas de fondo:<\/h4>\n<p data-animate=\"fadeInLeft\" data-animate-transform=\"true\" data-animate-transition=\"true\" data-animated=\"true\">Ambrox, Almizcle y Cedro.<\/p>\n","protected":false},"excerpt":{"rendered":"<p>CRISTAL ROYAL ROS\u00c9 EDP Una fragancia\u00a0fresca y alegre\u00a0, como un delicado velo sobre la piel. La delicada fragancia de una<\/p>\n","protected":false},"featured_media":53848,"comment_status":"open","ping_status":"closed","template":"","meta":{"nf_dc_page":""},"product_brand":[1767],"product_cat":[84],"product_tag":[1768],"class_list":{"0":"post-53847","1":"product","2":"type-product","3":"status-publish","4":"has-post-thumbnail","6":"product_brand-marina-de-bourbon","7":"product_cat-perfumeria","8":"product_tag-1768","10":"first","11":"outofstock","12":"shipping-taxable","13":"purchasable","14":"product-type-simple"},"_links":{"self":[{"href":"https:\/\/brandss.com.py\/index\/wp-json\/wp\/v2\/product\/53847","targetHints":{"allow":["GET"]}}],"collection":[{"href":"https:\/\/brandss.com.py\/index\/wp-json\/wp\/v2\/product"}],"about":[{"href":"https:\/\/brandss.com.py\/index\/wp-json\/wp\/v2\/types\/product"}],"replies":[{"embeddable":true,"href":"https:\/\/brandss.com.py\/index\/wp-json\/wp\/v2\/comments?post=53847"}],"version-history":[{"count":4,"href":"https:\/\/brandss.com.py\/index\/wp-json\/wp\/v2\/product\/53847\/revisions"}],"predecessor-version":[{"id":61704,"href":"https:\/\/brandss.com.py\/index\/wp-json\/wp\/v2\/product\/53847\/revisions\/61704"}],"wp:featuredmedia":[{"embeddable":true,"href":"https:\/\/brandss.com.py\/index\/wp-json\/wp\/v2\/media\/53848"}],"wp:attachment":[{"href":"https:\/\/brandss.com.py\/index\/wp-json\/wp\/v2\/media?parent=53847"}],"wp:term":[{"taxonomy":"product_brand","embeddable":true,"href":"https:\/\/brandss.com.py\/index\/wp-json\/wp\/v2\/product_brand?post=53847"},{"taxonomy":"product_cat","embeddable":true,"href":"https:\/\/brandss.com.py\/index\/wp-json\/wp\/v2\/product_cat?post=53847"},{"taxonomy":"product_tag","embeddable":true,"href":"https:\/\/brandss.com.py\/index\/wp-json\/wp\/v2\/product_tag?post=53847"}],"curies":[{"name":"wp","href":"https:\/\/api.w.org\/{rel}","templated":true}]}}