{"id":53856,"date":"2024-07-09T12:25:02","date_gmt":"2024-07-09T12:25:02","guid":{"rendered":"https:\/\/brandss.com.py\/index\/?post_type=product&#038;p=53856"},"modified":"2026-03-14T16:24:22","modified_gmt":"2026-03-14T16:24:22","slug":"perfume-marina-de-bourbon-royal-diamond-edp-100-ml","status":"publish","type":"product","link":"https:\/\/brandss.com.py\/index\/producto\/perfume-marina-de-bourbon-royal-diamond-edp-100-ml\/","title":{"rendered":"PERFUME FEMENINO MARINA DE BOURBON ROYAL DIAMOND EDP 100 ML"},"content":{"rendered":"<p><img loading=\"lazy\" decoding=\"async\" class=\"\" src=\"https:\/\/www.marinadebourbon.com\/cdn\/shop\/files\/LOGO_MDB_NOIR.png?v=1684838797&amp;width=1891\" alt=\"SYMBOL ROYAL\" width=\"122\" height=\"55\" \/><\/p>\n<h1>ROYAL DIAMOND EDP<\/h1>\n<p><span>Un perfume\u00a0<\/span>oriental\u00a0y precioso que, como un adorno, hace brillar a quien lo lleva. El accesorio perfecto para una\u00a0mujer seductora y segura de s\u00ed misma.<span>\u00a0Para esta fragancia, Marina se inspir\u00f3 en la joya de los reyes: el diamante. En un gui\u00f1o a esta herencia, las piedras preciosas talladas en diamantes est\u00e1n bellamente incrustadas en este frasco que parece una joya.\u00a0<\/span><\/p>\n<p><strong><span>LA PALABRA DE MARINA<\/span><\/strong><\/p>\n<p><em><span>&#8220;Imaginemos el m\u00e1s sencillo de los atuendos, realzado por un collar de diamantes: la piedra de los reyes. \u00bfNo fue Luis XV el que ofreci\u00f3 a la marquesa de Pompadour un diamante marquesa, cuyo corte particular se inspirar\u00eda en la curva de sus labios? \u00a1Qu\u00e9 elegancia, qu\u00e9 sensualidad! La corte s\u00f3lo la ve a ella. S\u00f3lo la admira. El diamante Royal Marina es este magn\u00edfico adorno. Envuelve preciosamente a quien lo luce en un brillo real \u00fanico.&#8221;<\/span><\/em><\/p>\n<p><strong><span>LA MUJER DIAMANTE DE LA MARINA REAL<\/span><\/strong><\/p>\n<p><span>La mujer Diamante es\u00a0<\/span>fascinante<span>. Todo en ella es seductor. Su forma de ser, su mirada, su risa&#8230; \u00bfSu secreto? Complacerse a s\u00ed misma antes de complacer a los dem\u00e1s. Elige con cuidado sus prendas y sus accesorios. Su adicci\u00f3n a la belleza, su seguridad en s\u00ed misma, esa manera de ser ella misma y de sentirse a gusto con lo que es, despiertan admiraci\u00f3n. Su perfume es su arma secreta. Le gusta mantenerlo flotando en el aire cuando ella misma ya est\u00e1 lejos. Como la firma perfecta de una mujer seductora y con car\u00e1cter. \u00a0<\/span><\/p>\n<div><img decoding=\"async\" src=\"https:\/\/cdn.shopify.com\/s\/files\/1\/0510\/9615\/8371\/files\/Royal-Marina-Diamond_1024x1024.png?v=1631287548\" alt=\"\" \/><\/div>\n<p><strong><span>NOTAS OLFATIVAS<\/span><\/strong><\/p>\n<p>Royal Marina Diamond\u00a0de\u00a0Princesse Marina De Bourbon\u00a0es una fragancia de la familia olfativa \u00c1mbar para Mujeres.\u00a0Royal Marina Diamond\u00a0se lanz\u00f3 en 2013. La Nariz detr\u00e1s de esta fragrancia es Raphael Haury.<\/p>\n<p><span><img loading=\"lazy\" decoding=\"async\" class=\"alignleft\" src=\"https:\/\/actualfruveg.com\/wp-content\/uploads\/2023\/03\/Bea-Grosella-negra.jpg\" alt=\"Grosella negra alimento atletas - Berries - ACTUAL FruVeg\" width=\"460\" height=\"278\" \/><\/span><\/p>\n<p>&nbsp;<\/p>\n<p><span><strong>Notas de salida:<\/strong><\/span><\/p>\n<p><span>Un placer redondo, sugerente, incondicional.\u00a0 Las notas<\/span><br \/>\n<span>dulces\u00a0<\/span>de pomelo\u00a0se entremezclan con la deliciosa\u00a0grosella negra.<\/p>\n<p>&nbsp;<\/p>\n<p>&nbsp;<\/p>\n<p>&nbsp;<\/p>\n<p>&nbsp;<\/p>\n<p>&nbsp;<\/p>\n<div id=\"image_1966923652\" class=\"img has-hover x md-x lg-x y md-y lg-y\">\n<div data-animate=\"bounceIn\" data-animate-transform=\"true\" data-animate-transition=\"true\" data-animated=\"true\">\n<div class=\"img-inner dark\"><img loading=\"lazy\" decoding=\"async\" class=\"attachment-large size-large alignright\" src=\"https:\/\/www.giraofertas.com.br\/wp-content\/uploads\/2017\/02\/fava_tonka.jpg\" alt=\"\" width=\"474\" height=\"236\" \/><\/div>\n<\/div>\n<\/div>\n<h4><strong>Notas de coraz\u00f3n<\/strong><\/h4>\n<p>Haba Tonka<span>, <\/span><span>Jazm\u00edn e Iris<\/span><\/p>\n<p><span>Un coraz\u00f3n de sabores que raya en la adicci\u00f3n.\u00a0<\/span><br \/>\n<span>La\u00a0<\/span>dulzura afrutada\u00a0de los primeros momentos se calienta con un\u00a0ramo floral de poder hechizante. Un\u00a0jazm\u00edn\u00a0facetado\u00a0, que se despliega sensualmente en\u00a0acordes de iris empolvado. El\u00a0haba tonka<span>\u00a0c\u00e1lida y sabrosa\u00a0acaricia esta sensualidad.\u00a0<\/span><\/p>\n<div id=\"image_2362963\" class=\"img has-hover x md-x lg-x y md-y lg-y\">\n<div data-animate=\"bounceIn\" data-animate-transform=\"true\" data-animate-transition=\"true\" data-animated=\"true\">\n<div class=\"img-inner dark\"><img loading=\"lazy\" decoding=\"async\" class=\"attachment-large  alignleft\" src=\"https:\/\/www.giraofertas.com.br\/wp-content\/uploads\/2017\/02\/musk.jpg\" alt=\"\" width=\"468\" height=\"233\" \/><\/div>\n<\/div>\n<\/div>\n<h4><\/h4>\n<h4><strong>Notas de fondo:<\/strong><\/h4>\n<p>Almizcle,Vainilla y Copa\u00edba.<\/p>\n<p>Una estela oriental,\u00a0que atrae irresistiblemente a todos los que la siguen.\u00a0\u00a0El almizcle<br \/>\ndelicado , calentado por\u00a0la vainilla\u00a0gourmand\u00a0, revela el\u00a0sabor amaderado y arom\u00e1tico\u00a0del\u00a0b\u00e1lsamo de copahu.<\/p>\n<p>&nbsp;<\/p>\n","protected":false},"excerpt":{"rendered":"<p>ROYAL DIAMOND EDP Un perfume\u00a0oriental\u00a0y precioso que, como un adorno, hace brillar a quien lo lleva. El accesorio perfecto para<\/p>\n","protected":false},"featured_media":53857,"comment_status":"open","ping_status":"closed","template":"","meta":{"nf_dc_page":""},"product_brand":[1767],"product_cat":[84],"product_tag":[1769],"class_list":{"0":"post-53856","1":"product","2":"type-product","3":"status-publish","4":"has-post-thumbnail","6":"product_brand-marina-de-bourbon","7":"product_cat-perfumeria","8":"product_tag-1769","10":"first","11":"outofstock","12":"shipping-taxable","13":"purchasable","14":"product-type-simple"},"_links":{"self":[{"href":"https:\/\/brandss.com.py\/index\/wp-json\/wp\/v2\/product\/53856","targetHints":{"allow":["GET"]}}],"collection":[{"href":"https:\/\/brandss.com.py\/index\/wp-json\/wp\/v2\/product"}],"about":[{"href":"https:\/\/brandss.com.py\/index\/wp-json\/wp\/v2\/types\/product"}],"replies":[{"embeddable":true,"href":"https:\/\/brandss.com.py\/index\/wp-json\/wp\/v2\/comments?post=53856"}],"version-history":[{"count":2,"href":"https:\/\/brandss.com.py\/index\/wp-json\/wp\/v2\/product\/53856\/revisions"}],"predecessor-version":[{"id":61496,"href":"https:\/\/brandss.com.py\/index\/wp-json\/wp\/v2\/product\/53856\/revisions\/61496"}],"wp:featuredmedia":[{"embeddable":true,"href":"https:\/\/brandss.com.py\/index\/wp-json\/wp\/v2\/media\/53857"}],"wp:attachment":[{"href":"https:\/\/brandss.com.py\/index\/wp-json\/wp\/v2\/media?parent=53856"}],"wp:term":[{"taxonomy":"product_brand","embeddable":true,"href":"https:\/\/brandss.com.py\/index\/wp-json\/wp\/v2\/product_brand?post=53856"},{"taxonomy":"product_cat","embeddable":true,"href":"https:\/\/brandss.com.py\/index\/wp-json\/wp\/v2\/product_cat?post=53856"},{"taxonomy":"product_tag","embeddable":true,"href":"https:\/\/brandss.com.py\/index\/wp-json\/wp\/v2\/product_tag?post=53856"}],"curies":[{"name":"wp","href":"https:\/\/api.w.org\/{rel}","templated":true}]}}