{"id":53885,"date":"2024-07-09T14:22:49","date_gmt":"2024-07-09T14:22:49","guid":{"rendered":"https:\/\/brandss.com.py\/index\/?post_type=product&#038;p=53885"},"modified":"2026-03-14T16:23:15","modified_gmt":"2026-03-14T16:23:15","slug":"perfume-marina-de-bourbon-royal-style-edp-100ml","status":"publish","type":"product","link":"https:\/\/brandss.com.py\/index\/producto\/perfume-marina-de-bourbon-royal-style-edp-100ml\/","title":{"rendered":"PERFUME FEMENINO MARINA DE BOURBON ROYAL STYLE EDP 100ML"},"content":{"rendered":"<p><img loading=\"lazy\" decoding=\"async\" class=\"\" src=\"https:\/\/www.marinadebourbon.com\/cdn\/shop\/files\/LOGO_MDB_NOIR.png?v=1684838797&amp;width=1891\" alt=\"SYMBOL ROYAL\" width=\"111\" height=\"50\" \/><\/p>\n<h1>ROYAL STYLE EDP<\/h1>\n<p>Una fragancia\u00a0floral-frutal\u00a0que infunde\u00a0buen humor\u00a0desde las primeras notas. Frutas y notas florales se entremezclan alegremente, para un\u00a0delicado final\u00a0de\u00a0deliciosa frescura\u00a0. Un\u00a0frasco-joya\u00a0dise\u00f1ado como una\u00a0prenda real\u00a0que viste la vida cotidiana con un velo de\u00a0optimismo\u00a0y\u00a0vitalidad\u00a0y hace volar la banalidad.<\/p>\n<div><\/div>\n<div><\/div>\n<div><strong><span>LA PALABRA DE MARINA<\/span><\/strong><\/div>\n<div><strong><br \/>\n<\/strong><em><span>&#8220;Una fragancia alegre y traviesa que te impulsa alegremente por la vida. \u00a0<\/span><\/em><br \/>\n<em><span>Quer\u00eda crear un filtro m\u00e1gico que vistiera de risa y alegr\u00eda de vivir a la princesa parisina de hoy. Para vivir con el esp\u00edritu despreocupado del ma\u00f1ana. Para redescubrir la espontaneidad de ser uno mismo durante el tiempo de un pshiit.&#8221;<\/span><\/em><\/div>\n<div>\n<p><strong>LA MUJER DE ESTILO REAL<\/strong><\/p>\n<p>La Princesa del estilo real es una\u00a0parisina espont\u00e1nea\u00a0. Le gusta divertirse, re\u00edr, cantar a todo pulm\u00f3n. Se toma las cosas en serio, s\u00ed, pero nunca se toma a s\u00ed misma en serio.\u00a0Traviesa\u00a0, su\u00a0alegr\u00eda de vivir\u00a0anima y pone de\u00a0buen humor\u00a0a todos los que la rodean . Desbordante de\u00a0vitalidad\u00a0y\u00a0picard\u00eda\u00a0, su actitud hace volar la banalidad. Se precipita, llena de\u00a0optimismo\u00a0, en la alegre danza de la vida. \u00bfSu estilo?\u00a0Chic\u00a0y\u00a0c\u00f3modo\u00a0, acompa\u00f1a cada uno de sus gestos y da protagonismo al movimiento. \u00a1Siendo bella, por supuesto! Pero sin renunciar a la necesidad de expresar la propia imaginaci\u00f3n, de ser libre, de ser uno mismo.<\/p>\n<p><strong>LAS NOTAS OLFATIVAS<\/strong><\/p>\n<div id=\"image_1139072066\" class=\"img has-hover x md-x lg-x y md-y lg-y\">\n<div data-animate=\"bounceIn\" data-animate-transform=\"true\" data-animate-transition=\"true\" data-animated=\"true\">\n<div class=\"img-inner dark\"><img loading=\"lazy\" decoding=\"async\" class=\"attachment-large size-large alignleft\" src=\"https:\/\/www.giraofertas.com.br\/wp-content\/uploads\/2017\/07\/bergamota_calabria.jpg\" alt=\"\" width=\"474\" height=\"236\" \/><\/div>\n<\/div>\n<\/div>\n<h4 data-animate=\"fadeInLeft\" data-animate-transform=\"true\" data-animate-transition=\"true\" data-animated=\"true\"><strong>NOTAS DE SALIDA<\/strong><\/h4>\n<p data-animate=\"fadeInLeft\" data-animate-transform=\"true\" data-animate-transition=\"true\" data-animated=\"true\">Bergamota, Lim\u00f3n, Grosella Negra y Pera, Un gancho fresco y travieso que te pone de buen humor desde las primeras notas.<br \/>\nLa grosella negra\u00a0estalla alegremente y aporta un\u00a0toque\u00a0afrutado\u00a0y\u00a0chispeante , subrayado por una\u00a0bergamota\u00a0traviesa y ligeramente \u00e1cida\u00a0. La deliciosa pera redondea las\u00a0notas de lim\u00f3n para un\u00a0final\u00a0delicado y sutilmente delicioso.<\/p>\n<p data-animate=\"fadeInLeft\" data-animate-transform=\"true\" data-animate-transition=\"true\" data-animated=\"true\">\n<div id=\"image_1614309737\" class=\"img has-hover x md-x lg-x y md-y lg-y\">\n<div data-animate=\"bounceIn\" data-animate-transform=\"true\" data-animate-transition=\"true\" data-animated=\"true\">\n<div class=\"img-inner dark\"><img loading=\"lazy\" decoding=\"async\" class=\"attachment-large size-large alignright\" src=\"https:\/\/www.giraofertas.com.br\/wp-content\/uploads\/2018\/08\/flor_de_pera_nashi.jpg\" alt=\"\" width=\"474\" height=\"236\" \/><\/div>\n<\/div>\n<\/div>\n<h4 data-animate=\"fadeInLeft\" data-animate-transform=\"true\" data-animate-transition=\"true\" data-animated=\"true\">NOTAS DE CORAZ\u00d3N:<\/h4>\n<p data-animate=\"fadeInLeft\" data-animate-transform=\"true\" data-animate-transition=\"true\" data-animated=\"true\">Flor de pera, jazm\u00edn y rosa.<\/p>\n<p>Un coraz\u00f3n elegante y encantador que despliega con gracia sus\u00a0notas florales\u00a0.\u00a0\u00a0Una\u00a0delicada rosa\u00a0se realza con un\u00a0jazm\u00edn\u00a0luminoso . La\u00a0flor del peral\u00a0, la flor talism\u00e1n de esta fragancia, elegida por sus facetas refrescantes y risue\u00f1as, se revela delicadamente. Un discreto recordatorio de los acordes frutales, aporta un toque risue\u00f1o y finamente gourmand al ramo floral.<\/p>\n<p>&nbsp;<\/p>\n<p>&nbsp;<\/p>\n<div id=\"image_1454331339\" class=\"img has-hover x md-x lg-x y md-y lg-y\">\n<div data-animate=\"bounceIn\" data-animate-transform=\"true\" data-animate-transition=\"true\" data-animated=\"true\">\n<div class=\"img-inner dark\"><img loading=\"lazy\" decoding=\"async\" class=\"attachment-large size-large alignleft\" src=\"https:\/\/www.giraofertas.com.br\/wp-content\/uploads\/2017\/02\/musk.jpg\" alt=\"\" width=\"474\" height=\"236\" \/><\/div>\n<\/div>\n<\/div>\n<h4 data-animate=\"fadeInLeft\" data-animate-transform=\"true\" data-animate-transition=\"true\" data-animated=\"true\"><strong>NOTAS DE FONDO<\/strong><\/h4>\n<p data-animate=\"fadeInLeft\" data-animate-transform=\"true\" data-animate-transition=\"true\" data-animated=\"true\">Almizcle<span>, Cedro, <\/span><span>Paradisone\u00ae y S\u00e1ndalo<\/span><\/p>\n<p>\u00a0Una estela real, que se viste con un vestido suave y enga\u00f1osamente sabio.\u00a0 Los acordes de almizcle cremosos\u00a0se mezclan con las notas c\u00e1lidas y profundas del\u00a0cedro\u00a0. Sublimada por las notas florales-frutales, la firma final es ligera, c\u00e1lida y difunde una sensaci\u00f3n continua de buen humor.<br \/>\n<strong><br \/>\n<\/strong><\/p>\n<\/div>\n","protected":false},"excerpt":{"rendered":"<p>ROYAL STYLE EDP Una fragancia\u00a0floral-frutal\u00a0que infunde\u00a0buen humor\u00a0desde las primeras notas. Frutas y notas florales se entremezclan alegremente, para un\u00a0delicado final\u00a0de\u00a0deliciosa<\/p>\n","protected":false},"featured_media":53886,"comment_status":"open","ping_status":"closed","template":"","meta":{"nf_dc_page":""},"product_brand":[1767],"product_cat":[84],"product_tag":[1772],"class_list":{"0":"post-53885","1":"product","2":"type-product","3":"status-publish","4":"has-post-thumbnail","6":"product_brand-marina-de-bourbon","7":"product_cat-perfumeria","8":"product_tag-1772","10":"first","11":"instock","12":"sale","13":"shipping-taxable","14":"purchasable","15":"product-type-simple"},"_links":{"self":[{"href":"https:\/\/brandss.com.py\/index\/wp-json\/wp\/v2\/product\/53885","targetHints":{"allow":["GET"]}}],"collection":[{"href":"https:\/\/brandss.com.py\/index\/wp-json\/wp\/v2\/product"}],"about":[{"href":"https:\/\/brandss.com.py\/index\/wp-json\/wp\/v2\/types\/product"}],"replies":[{"embeddable":true,"href":"https:\/\/brandss.com.py\/index\/wp-json\/wp\/v2\/comments?post=53885"}],"version-history":[{"count":2,"href":"https:\/\/brandss.com.py\/index\/wp-json\/wp\/v2\/product\/53885\/revisions"}],"predecessor-version":[{"id":61706,"href":"https:\/\/brandss.com.py\/index\/wp-json\/wp\/v2\/product\/53885\/revisions\/61706"}],"wp:featuredmedia":[{"embeddable":true,"href":"https:\/\/brandss.com.py\/index\/wp-json\/wp\/v2\/media\/53886"}],"wp:attachment":[{"href":"https:\/\/brandss.com.py\/index\/wp-json\/wp\/v2\/media?parent=53885"}],"wp:term":[{"taxonomy":"product_brand","embeddable":true,"href":"https:\/\/brandss.com.py\/index\/wp-json\/wp\/v2\/product_brand?post=53885"},{"taxonomy":"product_cat","embeddable":true,"href":"https:\/\/brandss.com.py\/index\/wp-json\/wp\/v2\/product_cat?post=53885"},{"taxonomy":"product_tag","embeddable":true,"href":"https:\/\/brandss.com.py\/index\/wp-json\/wp\/v2\/product_tag?post=53885"}],"curies":[{"name":"wp","href":"https:\/\/api.w.org\/{rel}","templated":true}]}}