{"id":53899,"date":"2024-07-09T15:04:44","date_gmt":"2024-07-09T15:04:44","guid":{"rendered":"https:\/\/brandss.com.py\/index\/?post_type=product&#038;p=53899"},"modified":"2026-03-14T16:23:33","modified_gmt":"2026-03-14T16:23:33","slug":"perfume-marina-de-bourbon-princess-style-edp-100ml","status":"publish","type":"product","link":"https:\/\/brandss.com.py\/index\/producto\/perfume-marina-de-bourbon-princess-style-edp-100ml\/","title":{"rendered":"PERFUME FEMENINO MARINA DE BOURBON PRINCESS STYLE EDP 100ML"},"content":{"rendered":"<p><img loading=\"lazy\" decoding=\"async\" class=\"\" src=\"https:\/\/www.marinadebourbon.com\/cdn\/shop\/files\/LOGO_MDB_NOIR.png?v=1684838797&amp;width=1891\" alt=\"SYMBOL ROYAL\" width=\"125\" height=\"56\" \/><\/p>\n<h1 class=\"product-name\">PRINCESS STYLE EDP<\/h1>\n<div>\u00a1Una fragancia floriental afrutada, con una estela devastadora! Una mezcla deliciosa y deliciosamente sabrosa. El elegante accesorio de una princesa parisina que seduce con su irresistible sonrisa y su encanto devastador. Su alegr\u00eda de vivir cautiva e invita a moverse.Pricess Style est\u00e1 inspirado en el estilo de Marina de Bourbon&#8230; libre, elegante y siempre chispeante. Est\u00e1 dise\u00f1ado para las princesas de hoy que seducen con su aura luminosa y su cautivadora elegancia. \u00bfTu activo de seducci\u00f3n m\u00e1s bello? &#8211; Tu irresistible sonrisa.<br \/>\nEl Estilo Princesa Princesa<br \/>\nElla es IRRESISTIBLE. Le gusta la fiesta, divertirse y atraer todas las miradas hacia ella.<br \/>\n\u00a1Siempre feliz! Siempre est\u00e1 entusiasmada con nuevos planes y nuevas actividades con sus amigos. Ella es muy extrovertida y le encanta estar rodeada de gente.<br \/>\n\u00a1Nadie puede resistirse a tu encanto! Seduce con su confianza y su sonrisa cautivadora.<\/p>\n<h3><strong>LA BOTELLA:<\/strong><\/h3>\n<p><strong>GORRA:<\/strong><\/p>\n<p>Destaca la flor, que simboliza un talism\u00e1n que aporta energ\u00eda y vida.<\/p>\n<h3><strong>LA BOTELLA Y SU EFECTO:<\/strong><\/h3>\n<p>Una referencia al estilo cautivador de Marina, nunca \u201cquieto\u201d, pero siempre atractivo y cautivador.<\/p>\n<h3><strong>EL COLOR DE LA FRAGANCIA:<\/strong><\/h3>\n<p>El color irresistible de la seducci\u00f3n y el encanto.<\/p>\n<h3><strong>Su embalaje:<\/strong><\/h3>\n<h3><strong>El Talism\u00e1n \u2013 La flor:<\/strong><\/h3>\n<p>Lo m\u00e1s destacado es la flor de naranja, el talism\u00e1n. La flor que resalta representa el coraz\u00f3n de esta fragancia y el amor de Marina por las flores.<br \/>\nLas siluetas de la caja<br \/>\nUna alusi\u00f3n al estilo cautivador de Marina, con colores vivos y vibrantes.<\/p>\n<h3><\/h3>\n<h3>NOTAS OLFATIVAS<\/h3>\n<p>&nbsp;<\/p>\n<p>Una fragancia floral afrutada conforma la sensual feminidad del perfume. Las notas altas son como un gancho soleado proveniente de las primeras y alegres y chispeantes r\u00e1fagas de pera, mandarina y grosella negra. El coraz\u00f3n es tan tentador como una sonrisa seductora con notas de fresia y jazm\u00edn. Para complementar esta fragancia con una estela deliciosa que despierta las facetas cautivadoras, en sus notas de fondo, la suavidad del helado de frambuesa, rodeada de una vainilla ardiente, acariciada por las notas amaderadas del vetiver y ambroxan.<\/p>\n<div id=\"image_1281877605\" class=\"img has-hover x md-x lg-x y md-y lg-y\">\n<div data-animate=\"bounceIn\" data-animate-transform=\"true\" data-animate-transition=\"true\" data-animated=\"true\">\n<div class=\"img-inner dark\"><img loading=\"lazy\" decoding=\"async\" class=\"attachment-large size-large alignleft\" src=\"https:\/\/www.giraofertas.com.br\/wp-content\/uploads\/2017\/01\/tangerina.jpg\" alt=\"\" width=\"474\" height=\"236\" \/><\/div>\n<\/div>\n<\/div>\n<h4 data-animate=\"fadeInLeft\" data-animate-transform=\"true\" data-animate-transition=\"true\" data-animated=\"true\"><\/h4>\n<h4 data-animate=\"fadeInLeft\" data-animate-transform=\"true\" data-animate-transition=\"true\" data-animated=\"true\">Familia Olfativa:<\/h4>\n<p>Floral, Frutal<\/p>\n<h4 data-animate=\"fadeInLeft\" data-animate-transform=\"true\" data-animate-transition=\"true\" data-animated=\"true\">Notas de salida:<\/h4>\n<p>Grosella Negra, Mandarina y Pera.<\/p>\n<div id=\"image_1495552920\" class=\"img has-hover x md-x lg-x y md-y lg-y\">\n<div data-animate=\"bounceIn\" data-animate-transform=\"true\" data-animate-transition=\"true\" data-animated=\"true\">\n<div class=\"img-inner dark\"><img loading=\"lazy\" decoding=\"async\" class=\"attachment-large size-large alignright\" src=\"https:\/\/www.giraofertas.com.br\/wp-content\/uploads\/2017\/02\/flor_de_laranjeira.jpg\" alt=\"\" width=\"474\" height=\"236\" \/><\/div>\n<\/div>\n<\/div>\n<h4 data-animate=\"fadeInLeft\" data-animate-transform=\"true\" data-animate-transition=\"true\" data-animated=\"true\"><\/h4>\n<h4 data-animate=\"fadeInLeft\" data-animate-transform=\"true\" data-animate-transition=\"true\" data-animated=\"true\"><\/h4>\n<h4 data-animate=\"fadeInLeft\" data-animate-transform=\"true\" data-animate-transition=\"true\" data-animated=\"true\"><strong>Notas de coraz\u00f3n:<\/strong><\/h4>\n<p data-animate=\"fadeInLeft\" data-animate-transform=\"true\" data-animate-transition=\"true\" data-animated=\"true\">Azahar,Fresia y Jazm\u00edn<\/p>\n<p>&nbsp;<\/p>\n<p>&nbsp;<\/p>\n<p>&nbsp;<\/p>\n<div id=\"image_1342359546\" class=\"img has-hover x md-x lg-x y md-y lg-y\">\n<div data-animate=\"bounceIn\" data-animate-transform=\"true\" data-animate-transition=\"true\" data-animated=\"true\">\n<div class=\"img-inner dark\"><img loading=\"lazy\" decoding=\"async\" class=\"attachment-large size-large alignleft\" src=\"https:\/\/www.giraofertas.com.br\/wp-content\/uploads\/2017\/02\/framboesa.jpg\" alt=\"\" width=\"474\" height=\"236\" \/><\/div>\n<\/div>\n<\/div>\n<h4 data-animate=\"fadeInLeft\" data-animate-transform=\"true\" data-animate-transition=\"true\" data-animated=\"true\"><\/h4>\n<h4 data-animate=\"fadeInLeft\" data-animate-transform=\"true\" data-animate-transition=\"true\" data-animated=\"true\"><strong>Notas de fondo:\u00a0<\/strong><\/h4>\n<p data-animate=\"fadeInLeft\" data-animate-transform=\"true\" data-animate-transition=\"true\" data-animated=\"true\">Frambuesa<span> , Vainilla, Helado De Frutas, <\/span><span>Notas Frutales, Notas Amaderadas, <\/span><span>Vetiver y Ambroxan<\/span>.<\/p>\n<p>&nbsp;<\/p>\n<\/div>\n","protected":false},"excerpt":{"rendered":"<p>PRINCESS STYLE EDP \u00a1Una fragancia floriental afrutada, con una estela devastadora! Una mezcla deliciosa y deliciosamente sabrosa. El elegante accesorio<\/p>\n","protected":false},"featured_media":53900,"comment_status":"open","ping_status":"closed","template":"","meta":{"nf_dc_page":""},"product_brand":[1767],"product_cat":[84],"product_tag":[1773],"class_list":{"0":"post-53899","1":"product","2":"type-product","3":"status-publish","4":"has-post-thumbnail","6":"product_brand-marina-de-bourbon","7":"product_cat-perfumeria","8":"product_tag-1773","10":"first","11":"instock","12":"sale","13":"shipping-taxable","14":"purchasable","15":"product-type-simple"},"_links":{"self":[{"href":"https:\/\/brandss.com.py\/index\/wp-json\/wp\/v2\/product\/53899","targetHints":{"allow":["GET"]}}],"collection":[{"href":"https:\/\/brandss.com.py\/index\/wp-json\/wp\/v2\/product"}],"about":[{"href":"https:\/\/brandss.com.py\/index\/wp-json\/wp\/v2\/types\/product"}],"replies":[{"embeddable":true,"href":"https:\/\/brandss.com.py\/index\/wp-json\/wp\/v2\/comments?post=53899"}],"version-history":[{"count":3,"href":"https:\/\/brandss.com.py\/index\/wp-json\/wp\/v2\/product\/53899\/revisions"}],"predecessor-version":[{"id":61707,"href":"https:\/\/brandss.com.py\/index\/wp-json\/wp\/v2\/product\/53899\/revisions\/61707"}],"wp:featuredmedia":[{"embeddable":true,"href":"https:\/\/brandss.com.py\/index\/wp-json\/wp\/v2\/media\/53900"}],"wp:attachment":[{"href":"https:\/\/brandss.com.py\/index\/wp-json\/wp\/v2\/media?parent=53899"}],"wp:term":[{"taxonomy":"product_brand","embeddable":true,"href":"https:\/\/brandss.com.py\/index\/wp-json\/wp\/v2\/product_brand?post=53899"},{"taxonomy":"product_cat","embeddable":true,"href":"https:\/\/brandss.com.py\/index\/wp-json\/wp\/v2\/product_cat?post=53899"},{"taxonomy":"product_tag","embeddable":true,"href":"https:\/\/brandss.com.py\/index\/wp-json\/wp\/v2\/product_tag?post=53899"}],"curies":[{"name":"wp","href":"https:\/\/api.w.org\/{rel}","templated":true}]}}