{"id":53927,"date":"2024-07-09T18:24:55","date_gmt":"2024-07-09T18:24:55","guid":{"rendered":"https:\/\/brandss.com.py\/index\/?post_type=product&#038;p=53927"},"modified":"2026-03-14T12:12:48","modified_gmt":"2026-03-14T12:12:48","slug":"perfume-mercedes-benz-mens-ultimate-edp-120ml","status":"publish","type":"product","link":"https:\/\/brandss.com.py\/index\/producto\/perfume-mercedes-benz-mens-ultimate-edp-120ml\/","title":{"rendered":"PERFUME MASCULINO MERCEDES-BENZ MEN&#8217;S ULTIMATE EDP 120ML"},"content":{"rendered":"<p><img loading=\"lazy\" decoding=\"async\" class=\"\" src=\"https:\/\/upload.wikimedia.org\/wikipedia\/commons\/e\/e6\/Mercedes-Benz_logo_2.svg\" alt=\"File:Mercedes-Benz logo 2.svg - Wikimedia Commons\" width=\"118\" height=\"85\" \/><\/p>\n<h1><\/h1>\n<h1 class=\"text-uppercase\">ULTIMATE EDP<\/h1>\n<p>&nbsp;<\/p>\n<p>Sum\u00e9rgete en la elegancia y la sofisticaci\u00f3n con el perfume Mercedes-Benz. Esta fragancia exquisita es una celebraci\u00f3n del lujo y la innovaci\u00f3n, cautivando los sentidos con una mezcla armoniosa de notas c\u00edtricas, especiadas y amaderadas. Desde sus notas superiores que evocan frescura y dinamismo hasta su coraz\u00f3n refinado y su base c\u00e1lida y envolvente, cada elemento de esta fragancia est\u00e1 meticulosamente elaborado para ofrecer una experiencia olfativa \u00fanica.<\/p>\n<p>Con su estela duradera y su car\u00e1cter distintivo, Mercedes es una declaraci\u00f3n de estilo y exclusividad que deja una impresi\u00f3n imborrable en cada ocasi\u00f3n.<\/p>\n<p><span class=\"product__intro-excerpt\"><span>Una nueva edici\u00f3n para celebrar el d\u00e9cimo aniversario de For Men: For Men Ultimate. El eau de parfum definitivo, elevado<\/span><\/span>\u00a0<span class=\"product__intro-text\"><span>con un mantra contundente: \u201cLo mejor, lo m\u00e1s alto\u201d. Una promesa de crear recuerdos inolvidables. Un compromiso de abordar la vida como algo ilimitado y libre.<\/span><\/span><\/p>\n<p>Mercedes-Benz Ultimate Eau de Parfum para hombre Con un azul profundo, Mercedes-Benz Ultimate Eau de Parfum es el equilibrio perfecto entre frescura y sofisticaci\u00f3n. Un perfume potente, aut\u00e9ntico y atrevido. Con Ultimate, el maestro perfumista Olivier Cresp se adentra en una nueva familia olfativa para una mezcla peculiar y exc\u00e9ntrica.<\/p>\n<p>&nbsp;<\/p>\n<h3>NOTAS OLFATIVAS<\/h3>\n<p>&nbsp;<\/p>\n<p>El perfume Mercedes-Benz Ultimate es una fragancia de la familia olfativa \u00e1mbar amaderada para hombres.<\/p>\n<p>Una fragancia arom\u00e1tica amaderada ambarina. La lavanda se encuentra con la hoja de cedro para una explosi\u00f3n de frescura refrescante, mientras que la manzana afrutada se mezcla con toques de mandarina y nuez moscada.<\/p>\n<p>El s\u00e1ndalo, el cipr\u00e9s, el pachul\u00ed y el \u00e1mbar se entrelazan en el coraz\u00f3n para crear una rama c\u00e1lida que se siente muy sensual y cargada de energ\u00eda masculina. Un aroma que impresiona. Una fragancia que seduce. Un nuevo look.<\/p>\n<p>Adornado con la ic\u00f3nica estrella de tres puntas, el ic\u00f3nico frasco de Mercedes-Benz Eau de Toilette est\u00e1 decorado con una serie de azules degradados, intensos e hipn\u00f3ticos.<\/p>\n<div id=\"image_1851265597\" class=\"img has-hover x md-x lg-x y md-y lg-y\">\n<div data-animate=\"bounceIn\" data-animate-transform=\"true\" data-animate-transition=\"true\" data-animated=\"true\">\n<div class=\"img-inner dark\"><img loading=\"lazy\" decoding=\"async\" class=\"attachment-large size-large alignleft\" src=\"https:\/\/www.giraofertas.com.br\/wp-content\/uploads\/2016\/12\/lavanda.jpg\" alt=\"\" width=\"474\" height=\"236\" \/><\/div>\n<\/div>\n<\/div>\n<h4 data-animate=\"fadeInLeft\" data-animate-transform=\"true\" data-animate-transition=\"true\" data-animated=\"true\"><\/h4>\n<h4 data-animate=\"fadeInLeft\" data-animate-transform=\"true\" data-animate-transition=\"true\" data-animated=\"true\"><span>Notas salida:<\/span><\/h4>\n<p data-animate=\"fadeInLeft\" data-animate-transform=\"true\" data-animate-transition=\"true\" data-animated=\"true\">Lavanda y agujas de cedro.<\/p>\n<p data-animate=\"fadeInLeft\" data-animate-transform=\"true\" data-animate-transition=\"true\" data-animated=\"true\">\n<div id=\"image_518488736\" class=\"img has-hover x md-x lg-x y md-y lg-y\">\n<div data-animate=\"bounceIn\" data-animate-transform=\"true\" data-animate-transition=\"true\" data-animated=\"true\">\n<div class=\"img-inner dark\"><img loading=\"lazy\" decoding=\"async\" class=\"attachment-large size-large alignright\" src=\"https:\/\/www.giraofertas.com.br\/wp-content\/uploads\/2017\/01\/ma%C3%A7%C3%A3.jpg\" alt=\"\" width=\"474\" height=\"236\" \/><\/div>\n<\/div>\n<\/div>\n<h4 data-animate=\"fadeInLeft\" data-animate-transform=\"true\" data-animate-transition=\"true\" data-animated=\"true\"><\/h4>\n<h4 data-animate=\"fadeInLeft\" data-animate-transform=\"true\" data-animate-transition=\"true\" data-animated=\"true\"><\/h4>\n<h4 data-animate=\"fadeInLeft\" data-animate-transform=\"true\" data-animate-transition=\"true\" data-animated=\"true\"><span>Notas de coraz\u00f3n:<\/span><\/h4>\n<p data-animate=\"fadeInLeft\" data-animate-transform=\"true\" data-animate-transition=\"true\" data-animated=\"true\">Manzana<span>, <\/span><span>Mandarina y Nuez Moscada.<\/span><\/p>\n<p data-animate=\"fadeInLeft\" data-animate-transform=\"true\" data-animate-transition=\"true\" data-animated=\"true\">\n<p data-animate=\"fadeInLeft\" data-animate-transform=\"true\" data-animate-transition=\"true\" data-animated=\"true\">\n<div id=\"image_246922705\" class=\"img has-hover x md-x lg-x y md-y lg-y\">\n<div data-animate=\"bounceIn\" data-animate-transform=\"true\" data-animate-transition=\"true\" data-animated=\"true\">\n<div class=\"img-inner dark\"><img loading=\"lazy\" decoding=\"async\" class=\"attachment-large size-large alignleft\" src=\"https:\/\/www.giraofertas.com.br\/wp-content\/uploads\/2017\/05\/cipreste.jpg\" alt=\"\" width=\"474\" height=\"236\" \/><\/div>\n<\/div>\n<\/div>\n<h4 data-animate=\"fadeInLeft\" data-animate-transform=\"true\" data-animate-transition=\"true\" data-animated=\"true\"><\/h4>\n<h4 data-animate=\"fadeInLeft\" data-animate-transform=\"true\" data-animate-transition=\"true\" data-animated=\"true\"><\/h4>\n<h4 data-animate=\"fadeInLeft\" data-animate-transform=\"true\" data-animate-transition=\"true\" data-animated=\"true\"><span>Notas de fondo:<\/span><\/h4>\n<p data-animate=\"fadeInLeft\" data-animate-transform=\"true\" data-animate-transition=\"true\" data-animated=\"true\">Cipr\u00e9s<span>, <\/span><span>S\u00e1ndalo, Pachul\u00ed y \u00c1mbar.<\/span><\/p>\n","protected":false},"excerpt":{"rendered":"<p>ULTIMATE EDP &nbsp; Sum\u00e9rgete en la elegancia y la sofisticaci\u00f3n con el perfume Mercedes-Benz. Esta fragancia exquisita es una celebraci\u00f3n<\/p>\n","protected":false},"featured_media":53928,"comment_status":"open","ping_status":"closed","template":"","meta":{"nf_dc_page":""},"product_brand":[793],"product_cat":[84],"product_tag":[1775],"class_list":{"0":"post-53927","1":"product","2":"type-product","3":"status-publish","4":"has-post-thumbnail","6":"product_brand-mercedes-benz","7":"product_cat-perfumeria","8":"product_tag-1775","10":"first","11":"outofstock","12":"shipping-taxable","13":"purchasable","14":"product-type-simple"},"_links":{"self":[{"href":"https:\/\/brandss.com.py\/index\/wp-json\/wp\/v2\/product\/53927","targetHints":{"allow":["GET"]}}],"collection":[{"href":"https:\/\/brandss.com.py\/index\/wp-json\/wp\/v2\/product"}],"about":[{"href":"https:\/\/brandss.com.py\/index\/wp-json\/wp\/v2\/types\/product"}],"replies":[{"embeddable":true,"href":"https:\/\/brandss.com.py\/index\/wp-json\/wp\/v2\/comments?post=53927"}],"version-history":[{"count":3,"href":"https:\/\/brandss.com.py\/index\/wp-json\/wp\/v2\/product\/53927\/revisions"}],"predecessor-version":[{"id":68620,"href":"https:\/\/brandss.com.py\/index\/wp-json\/wp\/v2\/product\/53927\/revisions\/68620"}],"wp:featuredmedia":[{"embeddable":true,"href":"https:\/\/brandss.com.py\/index\/wp-json\/wp\/v2\/media\/53928"}],"wp:attachment":[{"href":"https:\/\/brandss.com.py\/index\/wp-json\/wp\/v2\/media?parent=53927"}],"wp:term":[{"taxonomy":"product_brand","embeddable":true,"href":"https:\/\/brandss.com.py\/index\/wp-json\/wp\/v2\/product_brand?post=53927"},{"taxonomy":"product_cat","embeddable":true,"href":"https:\/\/brandss.com.py\/index\/wp-json\/wp\/v2\/product_cat?post=53927"},{"taxonomy":"product_tag","embeddable":true,"href":"https:\/\/brandss.com.py\/index\/wp-json\/wp\/v2\/product_tag?post=53927"}],"curies":[{"name":"wp","href":"https:\/\/api.w.org\/{rel}","templated":true}]}}