{"id":53937,"date":"2024-07-09T19:09:20","date_gmt":"2024-07-09T19:09:20","guid":{"rendered":"https:\/\/brandss.com.py\/index\/?post_type=product&#038;p=53937"},"modified":"2026-03-14T12:12:48","modified_gmt":"2026-03-14T12:12:48","slug":"perfume-mercedes-benz-sign-your-attitude-edt-100ml","status":"publish","type":"product","link":"https:\/\/brandss.com.py\/index\/producto\/perfume-mercedes-benz-sign-your-attitude-edt-100ml\/","title":{"rendered":"PERFUME MASCULINO MERCEDES-BENZ SIGN YOUR ATTITUDE EDT 100ML"},"content":{"rendered":"<p><img loading=\"lazy\" decoding=\"async\" class=\"\" src=\"https:\/\/seeklogo.com\/images\/M\/mercedes-benz-logo-0DCE214555-seeklogo.com.png\" alt=\"Mercedes Benz El Futuro del Automovil Logo PNG Vector (EPS) Free Download\" width=\"108\" height=\"62\" \/><\/p>\n<h1 class=\"text-uppercase\">SIGN YOUR ATTITUDE EDT<\/h1>\n<p>Mercedes Benz es un perfume emblem\u00e1tico que encarna la elegancia y el lujo asociados con la marca de autom\u00f3viles de renombre mundial. Con una mezcla exclusiva de notas c\u00edtricas, amaderadas y especiadas, esta fragancia evoca una sensaci\u00f3n de sofisticaci\u00f3n y distinci\u00f3n.<\/p>\n<p>Su aroma distintivo y envolvente proyecta una sensaci\u00f3n de confianza y poder, haciendo que quien lo lleve destaque con estilo y determinaci\u00f3n.<\/p>\n<p>El perfume de Mercedes Benz es una expresi\u00f3n del lujo y la excelencia, dise\u00f1ado para realzar la personalidad y dejar una impresi\u00f3n perdurable y memorable.<\/p>\n<p><span class=\"product__intro-excerpt\"><span>Mientras SIGN Eau de Parfum para hombre de Mercedes-Benz celebra su primer aniversario, una nueva p\u00e1gina de su<\/span><\/span>\u00a0<span class=\"product__intro-text\"><span>Comienza una historia extraordinaria. <\/span><\/span><\/p>\n<p><span class=\"product__intro-text\"><span>FIRMA TU ACTITUD: una fragancia dise\u00f1ada para sorprender y seducir. Un perfume que deja una estela duradera en el hombre que lo lleva.<\/span><\/span><\/p>\n<h3><\/h3>\n<h3>NOTAS OLFATIVAS<\/h3>\n<p>&nbsp;<\/p>\n<p>Es una fragancia masculina elegante y moderna que combina notas frescas y amaderadas para crear una experiencia olfativa \u00fanica y sofisticada. Las notas de cabeza de esta fragancia incluyen lim\u00f3n, cedro y jengibre, que crean una apertura fresca y vibrante. Las notas medias incluyen violeta, salvia y manzana, que a\u00f1aden una sensaci\u00f3n de sofisticaci\u00f3n y elegancia. Las notas de fondo incluyen vetiver, cachemira y almizcle, que a\u00f1aden profundidad y durabilidad a la fragancia.<\/p>\n<p>La nariz detr\u00e1s de esta nueva eau de toilette es\u00a0Fabrice Pellegrin. Amante de la naturaleza, nacido en Grasse, hijo de un perfumista y nieto de un recolector de jazmines, estaba destinado a dise\u00f1ar perfumes. Al crear\u00a0SIGN YOUR ATTITUDE, su deseo inicial era desarrollar una fragancia adictiva de la que los usuarios se enamoraran profundamente.<\/p>\n<div id=\"image_2076431335\" class=\"img has-hover x md-x lg-x y md-y lg-y\">\n<div data-animate=\"bounceIn\" data-animate-transform=\"true\" data-animate-transition=\"true\" data-animated=\"true\">\n<div class=\"img-inner dark\"><img loading=\"lazy\" decoding=\"async\" class=\"attachment-large size-large alignleft\" src=\"https:\/\/www.giraofertas.com.br\/wp-content\/uploads\/2016\/12\/gengibre.jpg\" alt=\"\" width=\"474\" height=\"236\" \/><\/div>\n<\/div>\n<\/div>\n<h4 data-animate=\"fadeInLeft\" data-animate-transform=\"true\" data-animate-transition=\"true\" data-animated=\"true\"><\/h4>\n<h4 data-animate=\"fadeInLeft\" data-animate-transform=\"true\" data-animate-transition=\"true\" data-animated=\"true\"><span>Notas de salida:<\/span><\/h4>\n<p data-animate=\"fadeInLeft\" data-animate-transform=\"true\" data-animate-transition=\"true\" data-animated=\"true\">Jengibre<span>, <\/span><span>Bergamota y Mandarina.<\/span><\/p>\n<p data-animate=\"fadeInLeft\" data-animate-transform=\"true\" data-animate-transition=\"true\" data-animated=\"true\">\n<div id=\"image_1825421030\" class=\"img has-hover x md-x lg-x y md-y lg-y\">\n<div data-animate=\"bounceIn\" data-animate-transform=\"true\" data-animate-transition=\"true\" data-animated=\"true\">\n<div class=\"img-inner dark\"><img loading=\"lazy\" decoding=\"async\" class=\"attachment-large size-large alignright\" src=\"https:\/\/www.giraofertas.com.br\/wp-content\/uploads\/2017\/01\/noz_moscada.jpg\" alt=\"\" width=\"474\" height=\"236\" \/><\/div>\n<\/div>\n<\/div>\n<h4 data-animate=\"fadeInLeft\" data-animate-transform=\"true\" data-animate-transition=\"true\" data-animated=\"true\"><\/h4>\n<h4 data-animate=\"fadeInLeft\" data-animate-transform=\"true\" data-animate-transition=\"true\" data-animated=\"true\"><\/h4>\n<h4 data-animate=\"fadeInLeft\" data-animate-transform=\"true\" data-animate-transition=\"true\" data-animated=\"true\"><\/h4>\n<h4 data-animate=\"fadeInLeft\" data-animate-transform=\"true\" data-animate-transition=\"true\" data-animated=\"true\"><span>Notas de coraz\u00f3n<\/span><\/h4>\n<p data-animate=\"fadeInLeft\" data-animate-transform=\"true\" data-animate-transition=\"true\" data-animated=\"true\">Nuez moscada<span>, canela, <\/span><span>lavanda y cipr\u00e9s.<\/span><\/p>\n<p data-animate=\"fadeInLeft\" data-animate-transform=\"true\" data-animate-transition=\"true\" data-animated=\"true\">\n<div id=\"image_1370150507\" class=\"img has-hover x md-x lg-x y md-y lg-y\">\n<div data-animate=\"bounceIn\" data-animate-transform=\"true\" data-animate-transition=\"true\" data-animated=\"true\">\n<div class=\"img-inner dark\"><img loading=\"lazy\" decoding=\"async\" class=\"attachment-large size-large alignleft\" src=\"https:\/\/www.giraofertas.com.br\/wp-content\/uploads\/2016\/12\/amber.jpg\" alt=\"\" width=\"474\" height=\"236\" \/><\/div>\n<\/div>\n<\/div>\n<h4 data-animate=\"fadeInLeft\" data-animate-transform=\"true\" data-animate-transition=\"true\" data-animated=\"true\"><\/h4>\n<h4 data-animate=\"fadeInLeft\" data-animate-transform=\"true\" data-animate-transition=\"true\" data-animated=\"true\"><\/h4>\n<h4 data-animate=\"fadeInLeft\" data-animate-transform=\"true\" data-animate-transition=\"true\" data-animated=\"true\"><span>Notas de fondo:<\/span><\/h4>\n<p data-animate=\"fadeInLeft\" data-animate-transform=\"true\" data-animate-transition=\"true\" data-animated=\"true\">\u00c1mbar <span>y Cetalox<\/span><\/p>\n<p>&nbsp;<\/p>\n","protected":false},"excerpt":{"rendered":"<p>SIGN YOUR ATTITUDE EDT Mercedes Benz es un perfume emblem\u00e1tico que encarna la elegancia y el lujo asociados con la<\/p>\n","protected":false},"featured_media":53938,"comment_status":"open","ping_status":"closed","template":"","meta":{"nf_dc_page":""},"product_brand":[793],"product_cat":[84],"product_tag":[1776],"class_list":{"0":"post-53937","1":"product","2":"type-product","3":"status-publish","4":"has-post-thumbnail","6":"product_brand-mercedes-benz","7":"product_cat-perfumeria","8":"product_tag-1776","10":"first","11":"outofstock","12":"shipping-taxable","13":"purchasable","14":"product-type-simple"},"_links":{"self":[{"href":"https:\/\/brandss.com.py\/index\/wp-json\/wp\/v2\/product\/53937","targetHints":{"allow":["GET"]}}],"collection":[{"href":"https:\/\/brandss.com.py\/index\/wp-json\/wp\/v2\/product"}],"about":[{"href":"https:\/\/brandss.com.py\/index\/wp-json\/wp\/v2\/types\/product"}],"replies":[{"embeddable":true,"href":"https:\/\/brandss.com.py\/index\/wp-json\/wp\/v2\/comments?post=53937"}],"version-history":[{"count":3,"href":"https:\/\/brandss.com.py\/index\/wp-json\/wp\/v2\/product\/53937\/revisions"}],"predecessor-version":[{"id":68619,"href":"https:\/\/brandss.com.py\/index\/wp-json\/wp\/v2\/product\/53937\/revisions\/68619"}],"wp:featuredmedia":[{"embeddable":true,"href":"https:\/\/brandss.com.py\/index\/wp-json\/wp\/v2\/media\/53938"}],"wp:attachment":[{"href":"https:\/\/brandss.com.py\/index\/wp-json\/wp\/v2\/media?parent=53937"}],"wp:term":[{"taxonomy":"product_brand","embeddable":true,"href":"https:\/\/brandss.com.py\/index\/wp-json\/wp\/v2\/product_brand?post=53937"},{"taxonomy":"product_cat","embeddable":true,"href":"https:\/\/brandss.com.py\/index\/wp-json\/wp\/v2\/product_cat?post=53937"},{"taxonomy":"product_tag","embeddable":true,"href":"https:\/\/brandss.com.py\/index\/wp-json\/wp\/v2\/product_tag?post=53937"}],"curies":[{"name":"wp","href":"https:\/\/api.w.org\/{rel}","templated":true}]}}