{"id":53951,"date":"2024-07-10T12:23:33","date_gmt":"2024-07-10T12:23:33","guid":{"rendered":"https:\/\/brandss.com.py\/index\/?post_type=product&#038;p=53951"},"modified":"2026-03-14T12:12:48","modified_gmt":"2026-03-14T12:12:48","slug":"perfume-mercedes-benz-mens-for-men-edt-120ml","status":"publish","type":"product","link":"https:\/\/brandss.com.py\/index\/producto\/perfume-mercedes-benz-mens-for-men-edt-120ml\/","title":{"rendered":"PERFUME MASCULINO MERCEDES-BENZ MEN&#8217;S FOR MEN EDT 120ML"},"content":{"rendered":"<p><img loading=\"lazy\" decoding=\"async\" class=\"\" src=\"https:\/\/seeklogo.com\/images\/M\/Mercedes-Benz-logo-18B23CBC98-seeklogo.com.png\" alt=\"Search: Mercedes-benz Logo PNG Vectors Free Download - Page 3\" width=\"108\" height=\"62\" \/><\/p>\n<h1>MEN&#8217;S FOR MEN EDT<\/h1>\n<div class=\"product__intro js-accordion is-visible\"><span class=\"product__intro-excerpt\"><span>El primer lanzamiento de perfume, Mercedes-Benz For Men, presenta una fragancia vibrante y distintiva que reinterpreta el mundo del lujo<\/span><\/span>\u00a0<span class=\"product__intro-text\"><span>Mercedes-Benz. Una fragancia con una personalidad irresistible, contenida en un frasco elegante y sofisticado, dise\u00f1ado a partir del emblema de la marca Mercedes-Benz, la famosa estrella de tres puntas.<\/span><\/span><\/div>\n<div>\n<p>Para la creaci\u00f3n de su primera fragancia, Mercedes-Benz quiso colaborar con uno de los mejores maestros perfumistas franceses de su \u00e9poca, Olivier Cresp. Muy inspirado por la marca y por la visi\u00f3n que tiene de ella, Olivier Cresp ha dado a luz a una fragancia con una personalidad asertiva.<\/p>\n<p>So\u00f1\u00f3 con una esencia naturalmente sofisticada, te\u00f1ida de refinamiento y modernidad, una fragancia innovadora con una identidad olfativa dominada. Quer\u00eda que la primera sensaci\u00f3n fuera fresca pero tambi\u00e9n inesperada. Para ello, eligi\u00f3 combinar c\u00edtricos, entre otros, bergamota de Calabria y mandarina de Italia con el absoluto de hojas de violeta cuyas facetas verdes envuelven las notas de salida de la fragancia con originalidad.<\/p>\n<p><span class=\"a-list-item\"><span>Un arom\u00e1tico amaderado que te atrae hacia la estela vibrante de su seducci\u00f3n.<\/span><\/span><\/p>\n<p><span class=\"a-list-item\"><span>Esta fragancia masculina, joven y libre ha orquestado con \u00e9xito un sutil contraste entre elegancia y energ\u00eda, con el acorde de base profundo y sensual estimulado por notas de hesperidio frescas, chispeantes y ligeramente \u00e1cidas.<\/span><\/span><\/p>\n<p><span class=\"a-list-item\"><span>En la tradici\u00f3n de las fragancias masculinas m\u00e1s destacadas, esta composici\u00f3n se atreve con un formidable giro gourmand, que la distingue y la hace absolutamente irresistible.<\/span><\/span><\/p>\n<\/div>\n<h3><\/h3>\n<h3>NOTAS OLFATIVAS<\/h3>\n<p>&nbsp;<\/p>\n<p>Mercedes-Benz\u00a0de\u00a0Mercedes-Benz\u00a0es una fragancia de la familia olfativa Amaderada Especiada para Hombres.\u00a0Mercedes-Benz\u00a0se lanz\u00f3 en 2012. La Nariz detr\u00e1s de esta fragrancia es Olivier Cresp.<\/p>\n<p><img loading=\"lazy\" decoding=\"async\" class=\"alignleft\" src=\"https:\/\/produits.bienmanger.com\/27357-0w470h470_Fresh_Amalfi_Lemons.jpg\" alt=\"Fresh Amalfi Lemons\" width=\"328\" height=\"328\" \/><\/p>\n<p>&nbsp;<\/p>\n<p><strong>Familia Olfativa:<\/strong><\/p>\n<p>Amaderada Especiada<\/p>\n<p><strong>Las Notas de Salida son: <\/strong><\/p>\n<p>Bergamota, lim\u00f3n de Amalfi (lima de Amalfi) y mandarina.<\/p>\n<p>&nbsp;<\/p>\n<p>&nbsp;<\/p>\n<p><img loading=\"lazy\" decoding=\"async\" class=\"alignright\" src=\"https:\/\/media.istockphoto.com\/id\/108622864\/es\/foto\/violets.jpg?s=612x612&amp;w=0&amp;k=20&amp;c=TDGu_aKY_N2QdMYtKE7F44XHjygPeh0AdnN-M7S_jys=\" alt=\"11.200+ Violeta Africana Fotograf\u00edas de stock, fotos e im\u00e1genes libres de  derechos - iStock\" width=\"344\" height=\"229\" \/><\/p>\n<p>&nbsp;<\/p>\n<p><strong>Las Notas de Coraz\u00f3n son: <\/strong><\/p>\n<p>violeta, pimienta, nuez moscada y g\u00e1lbano.<\/p>\n<p>&nbsp;<\/p>\n<p>&nbsp;<\/p>\n<p><img loading=\"lazy\" decoding=\"async\" class=\"alignleft\" src=\"https:\/\/blogstudio.s3.theshoppad.net\/harlem-candle-company\/1424c011ced627c813464f99d06acb02.jpg\" alt=\"What Does Vetiver Smell Like?\" width=\"309\" height=\"174\" \/><\/p>\n<p><strong>Las Notas de Fondo son: <\/strong><\/p>\n<p>vetiver, cedro de Virginia y pachul\u00ed.<\/p>\n<div class=\"product__reinsurance\"><\/div>\n","protected":false},"excerpt":{"rendered":"<p>MEN&#8217;S FOR MEN EDT El primer lanzamiento de perfume, Mercedes-Benz For Men, presenta una fragancia vibrante y distintiva que reinterpreta<\/p>\n","protected":false},"featured_media":53952,"comment_status":"open","ping_status":"closed","template":"","meta":{"nf_dc_page":""},"product_brand":[793],"product_cat":[84],"product_tag":[1777],"class_list":{"0":"post-53951","1":"product","2":"type-product","3":"status-publish","4":"has-post-thumbnail","6":"product_brand-mercedes-benz","7":"product_cat-perfumeria","8":"product_tag-1777","10":"first","11":"outofstock","12":"shipping-taxable","13":"purchasable","14":"product-type-simple"},"_links":{"self":[{"href":"https:\/\/brandss.com.py\/index\/wp-json\/wp\/v2\/product\/53951","targetHints":{"allow":["GET"]}}],"collection":[{"href":"https:\/\/brandss.com.py\/index\/wp-json\/wp\/v2\/product"}],"about":[{"href":"https:\/\/brandss.com.py\/index\/wp-json\/wp\/v2\/types\/product"}],"replies":[{"embeddable":true,"href":"https:\/\/brandss.com.py\/index\/wp-json\/wp\/v2\/comments?post=53951"}],"version-history":[{"count":3,"href":"https:\/\/brandss.com.py\/index\/wp-json\/wp\/v2\/product\/53951\/revisions"}],"predecessor-version":[{"id":68618,"href":"https:\/\/brandss.com.py\/index\/wp-json\/wp\/v2\/product\/53951\/revisions\/68618"}],"wp:featuredmedia":[{"embeddable":true,"href":"https:\/\/brandss.com.py\/index\/wp-json\/wp\/v2\/media\/53952"}],"wp:attachment":[{"href":"https:\/\/brandss.com.py\/index\/wp-json\/wp\/v2\/media?parent=53951"}],"wp:term":[{"taxonomy":"product_brand","embeddable":true,"href":"https:\/\/brandss.com.py\/index\/wp-json\/wp\/v2\/product_brand?post=53951"},{"taxonomy":"product_cat","embeddable":true,"href":"https:\/\/brandss.com.py\/index\/wp-json\/wp\/v2\/product_cat?post=53951"},{"taxonomy":"product_tag","embeddable":true,"href":"https:\/\/brandss.com.py\/index\/wp-json\/wp\/v2\/product_tag?post=53951"}],"curies":[{"name":"wp","href":"https:\/\/api.w.org\/{rel}","templated":true}]}}