{"id":53964,"date":"2024-07-10T13:47:20","date_gmt":"2024-07-10T13:47:20","guid":{"rendered":"https:\/\/brandss.com.py\/index\/?post_type=product&#038;p=53964"},"modified":"2026-03-14T12:12:48","modified_gmt":"2026-03-14T12:12:48","slug":"perfume-mercedes-benz-for-men-intense-edt-120ml","status":"publish","type":"product","link":"https:\/\/brandss.com.py\/index\/producto\/perfume-mercedes-benz-for-men-intense-edt-120ml\/","title":{"rendered":"PERFUME MASCULINO MERCEDES-BENZ FOR MEN INTENSE EDT 120ML"},"content":{"rendered":"<p><img loading=\"lazy\" decoding=\"async\" class=\"\" src=\"https:\/\/seeklogo.com\/images\/M\/Mercedes-Benz-logo-18B23CBC98-seeklogo.com.png\" alt=\"Search: Mercedes-benz Logo PNG Vectors Free Download - Page 3\" width=\"101\" height=\"58\" \/><\/p>\n<h1>FOR MEN INTENSE EDT<\/h1>\n<div class=\"product__intro js-accordion is-visible\"><span class=\"product__intro-excerpt\"><span>M\u00e1s potente que la fragancia original, esta fragancia amaderada y ambarada fresca evoca la sensualidad de una ciudad seductora.<\/span><\/span>\u00a0<span class=\"product__intro-text\"><span>var\u00f3n, encantador, seguro de su fuerza, seguro de s\u00ed mismo, seguro de su poder para llegar m\u00e1s lejos.<\/span><\/span><\/div>\n<div>\n<p><span>Reinterpretaci\u00f3n de la fragancia original, la versi\u00f3n Intense revela una nueva cara: profunda, aut\u00e9ntica y sofisticada.<\/span><\/p>\n<p><span>Al variar las tonalidades y repensar la estructura de la fragancia, Olivier Cresp ha logrado sublimar su elegante firma. Respaldadas desde la salida hasta la base por facetas amaderadas y ambaradas, las notas originales son m\u00e1s fuertes y a\u00fan m\u00e1s irresistibles.<\/span><\/p>\n<p>&nbsp;<\/p>\n<h3>NOTAS OLFATIVAS<\/h3>\n<\/div>\n<p>Una fragancia amaderada y especiada para hombres, te brinda un aroma m\u00e1s intenso y atractivo, adem\u00e1s de crear una impronta arom\u00e1tica especial llena de sensualidad refrescante, con una asombrosa mezcla de bergamota de Calabria, nuez moscada, madera americana y pachul\u00ed de Indonesia.<\/p>\n<p>Mercedes Benz Intense\u00a0de\u00a0Mercedes-Benz\u00a0es una fragancia de la familia olfativa Amaderada Especiada para Hombres.\u00a0Mercedes Benz Intense\u00a0se lanz\u00f3 en 2013.<\/p>\n<p>&nbsp;<\/p>\n<div class=\"section__block-image\"><img loading=\"lazy\" decoding=\"async\" class=\"img img--cover is-loaded alignleft\" src=\"https:\/\/parfums.mercedes-benz.com\/cdn\/shop\/files\/Mandarine_3.jpg?crop=center&amp;height=758&amp;v=1684745008&amp;width=500\" alt=\"mandar\u00edn\" width=\"170\" height=\"258\" \/><\/div>\n<div class=\"section__block-content\">\n<div class=\"section__block-image\"><\/div>\n<div class=\"section__block-content\"><strong>Familia Olfativa:<\/strong><\/div>\n<div><\/div>\n<div>Amaderada, Especiada.<\/div>\n<\/div>\n<p><strong>Notas de salida:<\/strong><\/p>\n<p>Hojas de violeta, lim\u00f3n (lima \u00e1cida), bergamota de Calabria y mandarina italiana.<\/p>\n<p>&nbsp;<\/p>\n<div class=\"section__block-image\"><img loading=\"lazy\" decoding=\"async\" class=\"img img--cover is-loaded alignleft\" src=\"https:\/\/parfums.mercedes-benz.com\/cdn\/shop\/files\/Poivre.jpg?crop=center&amp;height=758&amp;v=1684745008&amp;width=500\" alt=\"pimienta bourbon\" width=\"185\" height=\"281\" \/><\/div>\n<div class=\"section__block-content\">\n<h3 class=\"section__block-title\"><\/h3>\n<\/div>\n<p>&nbsp;<\/p>\n<p><strong>Notas de coraz\u00f3n:\u00a0<\/strong><\/p>\n<p>Violeta, pimienta bourbon, nuez moscada y g\u00e1lbano.<\/p>\n<p>&nbsp;<\/p>\n<p>&nbsp;<\/p>\n<p><img loading=\"lazy\" decoding=\"async\" class=\"alignleft\" src=\"https:\/\/api-assets.wikiparfum.com\/_resized\/g3hojuhzsdghccdjp2oeirwoan0e9oyfwsm6yhr2ljbqrky0t3sdpr6in85a-w1250-q85.jpg\" alt=\"Vetiver (Bourbon) ingrediente del perfume - Wikiparfum\" width=\"266\" height=\"266\" \/><\/p>\n<p>&nbsp;<\/p>\n<p>&nbsp;<\/p>\n<p>&nbsp;<\/p>\n<p><strong>Notas de fondo:<\/strong><\/p>\n<p>Vetiver Bourbon, cedro, Cetalox y pachul\u00ed.<\/p>\n<div>\n<p>&nbsp;<\/p>\n<\/div>\n<div class=\"product__options\"><\/div>\n<div class=\"product__reinsurance\"><\/div>\n","protected":false},"excerpt":{"rendered":"<p>FOR MEN INTENSE EDT M\u00e1s potente que la fragancia original, esta fragancia amaderada y ambarada fresca evoca la sensualidad de<\/p>\n","protected":false},"featured_media":53965,"comment_status":"open","ping_status":"closed","template":"","meta":{"nf_dc_page":""},"product_brand":[793],"product_cat":[84],"product_tag":[1778],"class_list":{"0":"post-53964","1":"product","2":"type-product","3":"status-publish","4":"has-post-thumbnail","6":"product_brand-mercedes-benz","7":"product_cat-perfumeria","8":"product_tag-1778","10":"first","11":"outofstock","12":"shipping-taxable","13":"purchasable","14":"product-type-simple"},"_links":{"self":[{"href":"https:\/\/brandss.com.py\/index\/wp-json\/wp\/v2\/product\/53964","targetHints":{"allow":["GET"]}}],"collection":[{"href":"https:\/\/brandss.com.py\/index\/wp-json\/wp\/v2\/product"}],"about":[{"href":"https:\/\/brandss.com.py\/index\/wp-json\/wp\/v2\/types\/product"}],"replies":[{"embeddable":true,"href":"https:\/\/brandss.com.py\/index\/wp-json\/wp\/v2\/comments?post=53964"}],"version-history":[{"count":3,"href":"https:\/\/brandss.com.py\/index\/wp-json\/wp\/v2\/product\/53964\/revisions"}],"predecessor-version":[{"id":68617,"href":"https:\/\/brandss.com.py\/index\/wp-json\/wp\/v2\/product\/53964\/revisions\/68617"}],"wp:featuredmedia":[{"embeddable":true,"href":"https:\/\/brandss.com.py\/index\/wp-json\/wp\/v2\/media\/53965"}],"wp:attachment":[{"href":"https:\/\/brandss.com.py\/index\/wp-json\/wp\/v2\/media?parent=53964"}],"wp:term":[{"taxonomy":"product_brand","embeddable":true,"href":"https:\/\/brandss.com.py\/index\/wp-json\/wp\/v2\/product_brand?post=53964"},{"taxonomy":"product_cat","embeddable":true,"href":"https:\/\/brandss.com.py\/index\/wp-json\/wp\/v2\/product_cat?post=53964"},{"taxonomy":"product_tag","embeddable":true,"href":"https:\/\/brandss.com.py\/index\/wp-json\/wp\/v2\/product_tag?post=53964"}],"curies":[{"name":"wp","href":"https:\/\/api.w.org\/{rel}","templated":true}]}}