{"id":54001,"date":"2024-07-11T12:47:23","date_gmt":"2024-07-11T12:47:23","guid":{"rendered":"https:\/\/brandss.com.py\/index\/?post_type=product&#038;p=54001"},"modified":"2025-08-02T11:37:54","modified_gmt":"2025-08-02T11:37:54","slug":"bolso-de-mano-guess-medford-tote-beige","status":"publish","type":"product","link":"https:\/\/brandss.com.py\/index\/producto\/bolso-de-mano-guess-medford-tote-beige\/","title":{"rendered":"BOLSO DE MANO FEMENINO GUESS MEDFORD TOTE BEIGE"},"content":{"rendered":"<p><img loading=\"lazy\" decoding=\"async\" class=\"\" src=\"https:\/\/iconape.com\/wp-content\/png_logo_vector\/guess.png\" alt=\"guess Download png\" width=\"107\" height=\"107\" \/><\/p>\n<h1>MEDFORD TOTE<\/h1>\n<p>Los bolsos tote son un complemento vers\u00e1til y de moda. Fabricado con materiales duraderos adecuados para el uso diario. El bolso tote presenta un interior espacioso. Esto facilita el almacenamiento de cosas como libros, computadoras port\u00e1tiles, comestibles e incluso ropa deportiva. Para soportar diferentes estilos y preferencias personales. Con uso pr\u00e1ctico y una apariencia hermosa y elegante. Los bolsos se han convertido en una opci\u00f3n popular para quienes buscan un accesorio pr\u00e1ctico pero moderno para sus necesidades diarias.<\/p>\n<p>\u25cf Logotipo de GUESS en el frente<\/p>\n<p>\u25cf Cuero de PU con patr\u00f3n G<\/p>\n<p>\u25cf Bolsa de almacenamiento peque\u00f1a 1<\/p>\n<p>\u25cf 2 compartimentos<\/p>\n<p>\u25cf 3 compartimentos interiores<\/p>\n<p>\u25cf L: 39 x W: 13 x H: 27.5<\/p>\n<p>Estilo: SF902925<\/p>\n<p>El cuidado del producto no debe almacenarse cerca del calor ni exponerse al sol. Si se producen manchas o manchas, use un pa\u00f1o h\u00famedo para limpiar o use con el producto Sade Clean para frotar y limpiar suavemente. Luego, limpie nuevamente el \u00e1rea que tiene PU con un pa\u00f1o limpio. Pero no lo utilices para limpiar.<\/p>\n<p>Etiqueta de cuidado: Use un pa\u00f1o h\u00famedo para limpiar o use una peque\u00f1a cantidad de jab\u00f3n suave para eliminar la suciedad y las manchas, evite guardar la bolsa en zona climatizada y h\u00fameda, y relleno de papel blanco para mantener la forma. La marca global de un estilo de vida joven, sexy y aventurero, con una l\u00ednea completa de ropa y accesorios fue fundada en 1981 por los hermanos Marciano, que abandonaron el sur de Francia, en busca del sue\u00f1o americano Hoy GUESS es una marca de estilo de vida verdaderamente global con una gama completa de mezclilla, prendas y accesorios que se ofrecen en m\u00e1s de 80 pa\u00edses de todo el mundo.<\/p>\n","protected":false},"excerpt":{"rendered":"<p>MEDFORD TOTE Los bolsos tote son un complemento vers\u00e1til y de moda. Fabricado con materiales duraderos adecuados para el uso<\/p>\n","protected":false},"featured_media":54002,"comment_status":"open","ping_status":"closed","template":"","meta":{"nf_dc_page":""},"product_brand":[],"product_cat":[74],"product_tag":[],"class_list":{"0":"post-54001","1":"product","2":"type-product","3":"status-publish","4":"has-post-thumbnail","6":"product_cat-accesorios-fem","8":"first","9":"instock","10":"shipping-taxable","11":"purchasable","12":"product-type-simple"},"_links":{"self":[{"href":"https:\/\/brandss.com.py\/index\/wp-json\/wp\/v2\/product\/54001","targetHints":{"allow":["GET"]}}],"collection":[{"href":"https:\/\/brandss.com.py\/index\/wp-json\/wp\/v2\/product"}],"about":[{"href":"https:\/\/brandss.com.py\/index\/wp-json\/wp\/v2\/types\/product"}],"replies":[{"embeddable":true,"href":"https:\/\/brandss.com.py\/index\/wp-json\/wp\/v2\/comments?post=54001"}],"version-history":[{"count":2,"href":"https:\/\/brandss.com.py\/index\/wp-json\/wp\/v2\/product\/54001\/revisions"}],"predecessor-version":[{"id":58473,"href":"https:\/\/brandss.com.py\/index\/wp-json\/wp\/v2\/product\/54001\/revisions\/58473"}],"wp:featuredmedia":[{"embeddable":true,"href":"https:\/\/brandss.com.py\/index\/wp-json\/wp\/v2\/media\/54002"}],"wp:attachment":[{"href":"https:\/\/brandss.com.py\/index\/wp-json\/wp\/v2\/media?parent=54001"}],"wp:term":[{"taxonomy":"product_brand","embeddable":true,"href":"https:\/\/brandss.com.py\/index\/wp-json\/wp\/v2\/product_brand?post=54001"},{"taxonomy":"product_cat","embeddable":true,"href":"https:\/\/brandss.com.py\/index\/wp-json\/wp\/v2\/product_cat?post=54001"},{"taxonomy":"product_tag","embeddable":true,"href":"https:\/\/brandss.com.py\/index\/wp-json\/wp\/v2\/product_tag?post=54001"}],"curies":[{"name":"wp","href":"https:\/\/api.w.org\/{rel}","templated":true}]}}