{"id":54102,"date":"2024-07-12T15:41:59","date_gmt":"2024-07-12T15:41:59","guid":{"rendered":"https:\/\/brandss.com.py\/index\/?post_type=product&#038;p=54102"},"modified":"2025-10-27T14:09:27","modified_gmt":"2025-10-27T14:09:27","slug":"bolso-guess-carryall-satchel","status":"publish","type":"product","link":"https:\/\/brandss.com.py\/index\/producto\/bolso-guess-carryall-satchel\/","title":{"rendered":"BOLSO FEMENINO GUESS CARRYALL SATCHEL"},"content":{"rendered":"<p><img loading=\"lazy\" decoding=\"async\" class=\"\" src=\"https:\/\/logolook.net\/wp-content\/uploads\/2023\/04\/Guess-Emblem.png\" alt=\"Guess Logo and symbol, meaning, history, sign.\" width=\"74\" height=\"42\" \/><\/p>\n<h1>CARRYALL SATCHEL<\/h1>\n<div class=\"mb3\">\n<div class=\"dangerous-html mb3\">\n<p>Hermosa Bolsa Carryall en color negro Guess Factory para mujer. Ll\u00e9vala contigo al trabajo, escuela o d\u00eda de paseo. Las bolsas Guess Satchel son una elecci\u00f3n elegante y funcional.<\/p>\n<p><strong>Material:<\/strong> Por lo general, las bolsas satchel de Guess est\u00e1n hechas de\u00a0material sint\u00e9tico\u00a0de alta calidad. Esto les da un aspecto sofisticado y duradero.<\/p>\n<p><strong>Estilo:<\/strong> Los bolsos satchel tienen un dise\u00f1o cl\u00e1sico con una forma rectangular y asas cortas. Son ideales para llevar en la mano, en el antebrazo y\/o cruzado por su correa<\/p>\n<p><strong>Detalles de dise\u00f1o:<\/strong> Los bolsos satchel de Guess pueden tener detalles como\u00a0acolchado,\u00a0logotipo de la marca,\u00a0hebilla decorativa\u00a0o\u00a0textura\u00a0en el material.<\/p>\n<p><strong>Variedad de tama\u00f1os y colores:<\/strong> Guess ofrece una amplia variedad de tama\u00f1os y colores en su colecci\u00f3n de bolsos satchel. Puedes elegir entre opciones m\u00e1s compactas o m\u00e1s espaciosas seg\u00fan tus necesidades.<\/p>\n<p>Medidas Alto 22 cm Ancho 30 cm Profundidad 11 cm Asa 40 cm Cuatro compartimentos interiores tres peque\u00f1os uno grande.<\/p>\n<p>&nbsp;<\/p>\n<ul class=\"stylesTabs_listAttributesSears__e4Mpd\">\n<li>Marca: GUESS<\/li>\n<li><span class=\"stylesTabs_atributesKeySears__ZqHU9\">Modelo: <\/span><span class=\"stylesTabs_atributesValueSears__Sq0fO\">JG916924-COA<\/span><\/li>\n<li><span class=\"stylesTabs_atributesKeySears__ZqHU9\">Forro: <\/span><span class=\"stylesTabs_atributesValueSears__Sq0fO\">SINT\u00c9TICO<\/span><\/li>\n<li><span class=\"stylesTabs_atributesKeySears__ZqHU9\">Caracteri\u0301sticas Interiores: <\/span><span class=\"stylesTabs_atributesValueSears__Sq0fO\">Bolsillo interno con cierre<\/span><\/li>\n<li><span class=\"stylesTabs_atributesKeySears__ZqHU9\">Color: <\/span><span class=\"stylesTabs_atributesValueSears__Sq0fO\">Negro<\/span><\/li>\n<li><span class=\"stylesTabs_atributesKeySears__ZqHU9\">Material: <\/span><span class=\"stylesTabs_atributesValueSears__Sq0fO\">100% PVC<\/span><\/li>\n<li><span class=\"stylesTabs_atributesKeySears__ZqHU9\">Clasificacio\u0301n Textiles: <\/span><span class=\"stylesTabs_atributesValueSears__Sq0fO\">Bolsa<\/span><\/li>\n<li><span class=\"stylesTabs_atributesKeySears__ZqHU9\">Silueta: <\/span><span class=\"stylesTabs_atributesValueSears__Sq0fO\">Carryall<\/span><\/li>\n<li><span class=\"stylesTabs_atributesKeySears__ZqHU9\">Temporada: Moda <\/span><span class=\"stylesTabs_atributesValueSears__Sq0fO\">Spring<\/span><\/li>\n<li><span class=\"stylesTabs_atributesKeySears__ZqHU9\">Ocasio\u0301n: <\/span><span class=\"stylesTabs_atributesValueSears__Sq0fO\">Casual<\/span><\/li>\n<\/ul>\n<\/div>\n<\/div>\n<div class=\"mb3\">\n<div class=\"dangerous-html mb3\"><\/div>\n<\/div>\n","protected":false},"excerpt":{"rendered":"<p>CARRYALL SATCHEL Hermosa Bolsa Carryall en color negro Guess Factory para mujer. Ll\u00e9vala contigo al trabajo, escuela o d\u00eda de<\/p>\n","protected":false},"featured_media":54104,"comment_status":"open","ping_status":"closed","template":"","meta":{"nf_dc_page":""},"product_brand":[],"product_cat":[74],"product_tag":[],"class_list":{"0":"post-54102","1":"product","2":"type-product","3":"status-publish","4":"has-post-thumbnail","6":"product_cat-accesorios-fem","8":"first","9":"instock","10":"shipping-taxable","11":"purchasable","12":"product-type-simple"},"_links":{"self":[{"href":"https:\/\/brandss.com.py\/index\/wp-json\/wp\/v2\/product\/54102","targetHints":{"allow":["GET"]}}],"collection":[{"href":"https:\/\/brandss.com.py\/index\/wp-json\/wp\/v2\/product"}],"about":[{"href":"https:\/\/brandss.com.py\/index\/wp-json\/wp\/v2\/types\/product"}],"replies":[{"embeddable":true,"href":"https:\/\/brandss.com.py\/index\/wp-json\/wp\/v2\/comments?post=54102"}],"version-history":[{"count":2,"href":"https:\/\/brandss.com.py\/index\/wp-json\/wp\/v2\/product\/54102\/revisions"}],"predecessor-version":[{"id":58467,"href":"https:\/\/brandss.com.py\/index\/wp-json\/wp\/v2\/product\/54102\/revisions\/58467"}],"wp:featuredmedia":[{"embeddable":true,"href":"https:\/\/brandss.com.py\/index\/wp-json\/wp\/v2\/media\/54104"}],"wp:attachment":[{"href":"https:\/\/brandss.com.py\/index\/wp-json\/wp\/v2\/media?parent=54102"}],"wp:term":[{"taxonomy":"product_brand","embeddable":true,"href":"https:\/\/brandss.com.py\/index\/wp-json\/wp\/v2\/product_brand?post=54102"},{"taxonomy":"product_cat","embeddable":true,"href":"https:\/\/brandss.com.py\/index\/wp-json\/wp\/v2\/product_cat?post=54102"},{"taxonomy":"product_tag","embeddable":true,"href":"https:\/\/brandss.com.py\/index\/wp-json\/wp\/v2\/product_tag?post=54102"}],"curies":[{"name":"wp","href":"https:\/\/api.w.org\/{rel}","templated":true}]}}